{"id":7209,"date":"2014-12-10T12:13:04","date_gmt":"2014-12-10T14:13:04","guid":{"rendered":"https:\/\/wp.ufpel.edu.br\/progep\/?page_id=7209"},"modified":"2026-05-06T16:20:46","modified_gmt":"2026-05-06T19:20:46","slug":"estagio-probatorio-docente","status":"publish","type":"page","link":"https:\/\/wp.ufpel.edu.br\/progep\/estagio-probatorio-docente\/","title":{"rendered":"Est\u00e1gio Probat\u00f3rio de Docente"},"content":{"rendered":"\n<div class=\"wp-block-group\"><div class=\"wp-block-group__inner-container is-layout-constrained wp-block-group-is-layout-constrained\">\n<div class=\"logoTituloModelStyle\"><img class=\"size-medium wp-image-27184 alignleft\" src=\"https:\/\/wp.ufpel.edu.br\/progep\/files\/2025\/03\/logo-progep_atualizacao-nome_AZUL.png\" alt=\"\" \/><\/p>\n<div><strong>Est\u00e1gio Probat\u00f3rio Docentes<\/strong><\/div>\n<\/div>\n<hr class=\"hrModelStyle\" \/>\n<div class=\"descriptionModelStyle\">Confira nesta p\u00e1gina informa\u00e7\u00f5es acerca do Est\u00e1gio Probat\u00f3rio da pessoa servidora docente.<\/div>\n<\/div><\/div>\n\n\n<div class=\"blocoDIVStyle paragrafoComumStyle\"><strong>Aten\u00e7\u00e3o!<\/strong> Est\u00e1 p\u00e1gina \u00e9 destinada a pessoas servidoras da UFPel nomeadas a partir de 07\/02\/2025. Caso seja ingressante anterior a esta data, por favor, conferir a regulamenta\u00e7\u00e3o presente nesta p\u00e1gina: <a href=\"https:\/\/wp.ufpel.edu.br\/progep\/estagio-probatorio-servidores-as-docentes-antiga\/\"> Est\u00e1gio Probat\u00f3rio Docentes<\/a><\/div>\n\n\n<div class=\"cardEstagioProbatorio\">\n    <div class=\"cardEstagioTitle\">\n       Est\u00e1gio<br \/>Probat\u00f3rio\n     <\/div>\n\n     <div class=\"cardEstagioSideBar\">\n         <div class=\"cardEstagioSideBarTitle\">Ingresso ao servi\u00e7o p\u00fablico<\/div>\n         <div class=\"cardEstagioBlocks\">\n           <div class=\"cardEstagioColorido\">At\u00e9<br \/>06.02.2025<\/div>\n           <div class=\"cardEstagioWhite\">Lei 8112\/1990<\/div>\n         <\/div>\n         <div class=\"cardEstagioBlocks block2\">\n           <div class=\"cardEstagioColorido\">A partir<br \/> 07.02.2025<\/div>\n           <div class=\"cardEstagioWhite\">Lei 8112\/1990<br \/>Dec 12.347\/2025<br \/>IN 122\/2025 <\/div>\n       <\/div>\n   <\/div>\n<\/div>\n<div class=\"paragrafoComumStyle\">O est\u00e1gio probat\u00f3rio <strong>\u00e9 o per\u00edodo inicial de exerc\u00edcio no cargo p\u00fablico<\/strong>, com dura\u00e7\u00e3o de 36 meses, destinado \u00e0 avalia\u00e7\u00e3o do desempenho do(a) servidor(a) docente da Universidade Federal de Pelotas (UFPel).<\/div>\n<div class=\"paragrafoComumStyle\">Durante esse per\u00edodo, s\u00e3o realizadas avalia\u00e7\u00f5es peri\u00f3dicas, previstas para<strong> os 12, 24 e 32 meses de exerc\u00edcio<\/strong>, que consideram crit\u00e9rios como assiduidade, disciplina, capacidade de iniciativa, produtividade e responsabilidade. O <strong>processo envolve a participa\u00e7\u00e3o da chefia imediata, de avaliadores pares e do(a) pr\u00f3prio(a) servidor(a)<\/strong>, por meio de autoavalia\u00e7\u00e3o.<\/div>\n<div class=\"paragrafoComumStyle\">A pessoa servidora ser\u00e1 avaliado por meio de dois sistemas:<\/div>\n<div class=\"paragrafoComumStyle\"><strong>SEI<\/strong>, para elabora\u00e7\u00e3o do Plano de Trabalho;<\/div>\n<div class=\"paragrafoComumStyle\"><strong>AvaliaGOV<\/strong>, ferramenta digital do Governo Federal destinada \u00e0 gest\u00e3o das avalia\u00e7\u00f5es de desempenho.<\/div>\n<div class=\"paragrafoComumStyle\">Al\u00e9m das avalia\u00e7\u00f5es, o(a) servidor(a) dever\u00e1 participar do <strong>Programa de Desenvolvimento Inicial (PDI)<\/strong>, que visa apoiar sua integra\u00e7\u00e3o institucional e o desenvolvimento de compet\u00eancias necess\u00e1rias ao exerc\u00edcio das atribui\u00e7\u00f5es do cargo.<\/div>\n<div class=\"titleComumStyle\">Selecione a op\u00e7\u00e3o desejada abaixo:<\/div>\n<div class=\"quadradosSimplesStyle\"><a href=\"https:\/\/wp.ufpel.edu.br\/progep\/estagio-probatorio-docente-legislacao\/\">Legisla\u00e7\u00e3o<\/a><br \/><a href=\"https:\/\/wp.ufpel.edu.br\/progep\/estagio-probatorio-tae-duvidas\/\">D\u00favidas sobre Est\u00e1gio Probat\u00f3rio<\/a><br \/><a href=\"https:\/\/wp.ufpel.edu.br\/progep\/estagio-probatorio-manuais\/\">Manuais AvaliaGOV<\/a><br \/><a href=\"https:\/\/wp.ufpel.edu.br\/progep\/estagio-probatorio-guias\/\">Guia para o Est\u00e1gio Probat\u00f3rio<\/a><br \/><a href=\"https:\/\/wp.ufpel.edu.br\/progep\/estagio-probatorio-suspensao\/\">Suspens\u00e3o do Est\u00e1gio Probat\u00f3rio<\/a><br \/><a href=\"https:\/\/wp.ufpel.edu.br\/progep\/estagio-probatorio-docente-sistema-sei\/\">Sistema SEI<\/a><br \/><a href=\"https:\/\/wp.ufpel.edu.br\/progep\/estagio-probatorio-sistema-avaliagov\/\">Sistema AvaliaGov<\/a><br \/><a href=\"https:\/\/wp.ufpel.edu.br\/progep\/estagio-probatorio-docentes-programa-de-desenvolvimento-inicial\/\">Programa de Desenvolvimento Inicial<\/a><br \/><a href=\"https:\/\/wp.ufpel.edu.br\/progep\/estagio-probatorio-pedido-de-recurso\/\">Pedido de Recurso<\/a><br \/><a href=\"https:\/\/wp.ufpel.edu.br\/progep\/estagio-probatorio-tae-anexos\/\">Anexos<\/a><\/div>\n<div class=\"paragrafoComumStyle\">A <strong>CDP<\/strong> se coloca \u00e0 disposi\u00e7\u00e3o por meio do e-mail <a href=\"mailto:carreira@ufpel.edu.br\" target=\"_blank\" rel=\"noopener\">carreira@ufpel.edu.br<\/a>,\u00a0 pelo\u00a0<a href=\"https:\/\/sei.ufpel.edu.br\/sei\/atendimento.ufpel.edu.br\" target=\"_blank\" rel=\"noopener\">sistema de atendimento<\/a> ou telefones <a href=\"https:\/\/wa.me\/555332843979\"> 3284-3979 (envie mensagem)<\/a> ou <a href=\"tel:+55533284-3980\">3284-3980<\/a> para as elucida\u00e7\u00f5es que se fizerem necess\u00e1rias.<\/div>","protected":false},"excerpt":{"rendered":"<p>Est\u00e1gio Probat\u00f3rio Docentes Confira nesta p\u00e1gina informa\u00e7\u00f5es acerca do Est\u00e1gio Probat\u00f3rio da pessoa servidora docente. Aten\u00e7\u00e3o! Est\u00e1 p\u00e1gina \u00e9 destinada a pessoas servidoras da UFPel nomeadas a partir de 07\/02\/2025. Caso seja ingressante anterior a esta data, por favor, conferir a regulamenta\u00e7\u00e3o presente nesta p\u00e1gina: Est\u00e1gio Probat\u00f3rio Docentes Est\u00e1gioProbat\u00f3rio Ingresso ao servi\u00e7o p\u00fablico At\u00e906.02.2025 Lei [&hellip;]<\/p>\n","protected":false},"author":21,"featured_media":0,"parent":0,"menu_order":0,"comment_status":"closed","ping_status":"closed","template":"page-sem-sidebar.php","meta":{"footnotes":""},"class_list":["post-7209","page","type-page","status-publish","hentry"],"_links":{"self":[{"href":"https:\/\/wp.ufpel.edu.br\/progep\/wp-json\/wp\/v2\/pages\/7209","targetHints":{"allow":["GET"]}}],"collection":[{"href":"https:\/\/wp.ufpel.edu.br\/progep\/wp-json\/wp\/v2\/pages"}],"about":[{"href":"https:\/\/wp.ufpel.edu.br\/progep\/wp-json\/wp\/v2\/types\/page"}],"author":[{"embeddable":true,"href":"https:\/\/wp.ufpel.edu.br\/progep\/wp-json\/wp\/v2\/users\/21"}],"replies":[{"embeddable":true,"href":"https:\/\/wp.ufpel.edu.br\/progep\/wp-json\/wp\/v2\/comments?post=7209"}],"version-history":[{"count":2,"href":"https:\/\/wp.ufpel.edu.br\/progep\/wp-json\/wp\/v2\/pages\/7209\/revisions"}],"predecessor-version":[{"id":41862,"href":"https:\/\/wp.ufpel.edu.br\/progep\/wp-json\/wp\/v2\/pages\/7209\/revisions\/41862"}],"wp:attachment":[{"href":"https:\/\/wp.ufpel.edu.br\/progep\/wp-json\/wp\/v2\/media?parent=7209"}],"curies":[{"name":"wp","href":"https:\/\/api.w.org\/{rel}","templated":true}]}}