{"id":7089,"date":"2014-11-11T09:41:04","date_gmt":"2014-11-11T11:41:04","guid":{"rendered":"https:\/\/wp.ufpel.edu.br\/progep\/?page_id=7089"},"modified":"2024-10-15T15:45:19","modified_gmt":"2024-10-15T18:45:19","slug":"assistencia-a-saude-suplementar","status":"publish","type":"page","link":"https:\/\/wp.ufpel.edu.br\/progep\/administracao-de-pessoal\/assistencia-a-saude-suplementar\/","title":{"rendered":"Assist\u00eancia \u00e0 Sa\u00fade Suplementar"},"content":{"rendered":"<p><span style=\"font-size: 10pt\"><a href=\"https:\/\/wp.ufpel.edu.br\/sei\/files\/2023\/05\/Assistencia-a-Saude-Suplementar-Cadastrar-Plano.pdf\">ASSIST\u00caNCIA \u00c0 SA\u00daDE SUPLEMENTAR \u2013 CADASTRAR PLANO<\/a><\/span><\/p>\n<p><span style=\"font-size: 10pt\"><a href=\"https:\/\/wp.ufpel.edu.br\/sei\/files\/2023\/05\/Assistencia-a-Saude-Suplementar-Alterar_Recadastrar-Plano.pdf\">ASSIST\u00caNCIA \u00c0 SA\u00daDE SUPLEMENTAR \u2013 ALTERAR\/RECADASTRAR PLANO<\/a><\/span><\/p>\n<p><span style=\"font-size: 10pt\"><a href=\"https:\/\/wp.ufpel.edu.br\/sei\/files\/2023\/05\/Assistencia-a-Saude-Suplementar-Encerrar-Plano.pdf\">ASSIST\u00caNCIA \u00c0 SA\u00daDE SUPLEMENTAR \u2013 ENCERRAR PLANO<\/a><\/span><\/p>\n<p><span style=\"font-size: 10pt\"><a href=\"https:\/\/wp.ufpel.edu.br\/sei\/files\/2024\/08\/Assistencia-a-Saude-Suplementar-GEAP.pdf\">ASSIST\u00caNCIA \u00c0 SA\u00daDE SUPLEMENTAR \u2013 GEAP<\/a><\/span><\/p>\n<p>&nbsp;<\/p>\n","protected":false},"excerpt":{"rendered":"<p>ASSIST\u00caNCIA \u00c0 SA\u00daDE SUPLEMENTAR \u2013 CADASTRAR PLANO ASSIST\u00caNCIA \u00c0 SA\u00daDE SUPLEMENTAR \u2013 ALTERAR\/RECADASTRAR PLANO ASSIST\u00caNCIA \u00c0 SA\u00daDE SUPLEMENTAR \u2013 ENCERRAR PLANO ASSIST\u00caNCIA \u00c0 SA\u00daDE SUPLEMENTAR \u2013 GEAP &nbsp;<\/p>\n","protected":false},"author":52,"featured_media":0,"parent":308,"menu_order":0,"comment_status":"closed","ping_status":"closed","template":"","meta":{"footnotes":""},"class_list":["post-7089","page","type-page","status-publish","hentry"],"_links":{"self":[{"href":"https:\/\/wp.ufpel.edu.br\/progep\/wp-json\/wp\/v2\/pages\/7089","targetHints":{"allow":["GET"]}}],"collection":[{"href":"https:\/\/wp.ufpel.edu.br\/progep\/wp-json\/wp\/v2\/pages"}],"about":[{"href":"https:\/\/wp.ufpel.edu.br\/progep\/wp-json\/wp\/v2\/types\/page"}],"author":[{"embeddable":true,"href":"https:\/\/wp.ufpel.edu.br\/progep\/wp-json\/wp\/v2\/users\/52"}],"replies":[{"embeddable":true,"href":"https:\/\/wp.ufpel.edu.br\/progep\/wp-json\/wp\/v2\/comments?post=7089"}],"version-history":[{"count":24,"href":"https:\/\/wp.ufpel.edu.br\/progep\/wp-json\/wp\/v2\/pages\/7089\/revisions"}],"predecessor-version":[{"id":26941,"href":"https:\/\/wp.ufpel.edu.br\/progep\/wp-json\/wp\/v2\/pages\/7089\/revisions\/26941"}],"up":[{"embeddable":true,"href":"https:\/\/wp.ufpel.edu.br\/progep\/wp-json\/wp\/v2\/pages\/308"}],"wp:attachment":[{"href":"https:\/\/wp.ufpel.edu.br\/progep\/wp-json\/wp\/v2\/media?parent=7089"}],"curies":[{"name":"wp","href":"https:\/\/api.w.org\/{rel}","templated":true}]}}