{"id":7060,"date":"2014-11-07T13:45:13","date_gmt":"2014-11-07T15:45:13","guid":{"rendered":"https:\/\/wp.ufpel.edu.br\/progep\/?page_id=7060"},"modified":"2014-11-07T13:45:13","modified_gmt":"2014-11-07T15:45:13","slug":"licenca-premio-por-assiduidade","status":"publish","type":"page","link":"https:\/\/wp.ufpel.edu.br\/progep\/administracao-de-pessoal\/manual-do-servidor\/licenca-premio-por-assiduidade\/","title":{"rendered":"Licen\u00e7a Pr\u00eamio por Assiduidade"},"content":{"rendered":"<p><strong>DEFINI\u00c7\u00c3O: <\/strong><\/p>\n<p>\u00c9\u00a0o benef\u00edcio estatut\u00e1rio que o servidor\u00a0 faz jus a tr\u00eas meses de licen\u00e7a a cada cinco anos de efetivo exerc\u00edcio. Como requisito o servidor dever\u00e1 ter completado 5 anos de efetivo exerc\u00edcio at\u00e9 15\/10\/96. \u00a0A Licen\u00e7a-Pr\u00eamio por Assiduidade foi extinta em face da nova reda\u00e7\u00e3o dada ao Art. 87 da Lei no\u00a08.112\/90, a partir de 16\/10\/96, pela Medida Provis\u00f3ria no\u00a01.522\/96.<\/p>\n<p>Os per\u00edodos de licen\u00e7a-pr\u00eamio, poder\u00e3o ser usufru\u00eddos ou contados em dobro para efeito de aposentadoria ou convertidos em pec\u00fania apenas em caso de falecimento do servidor.<\/p>\n<p><strong>PROCEDIMENTOS:<\/strong><\/p>\n<p>O formul\u00e1rio para solicita\u00e7\u00e3o \u00e9 o de \u201c<strong><a href=\"https:\/\/wp.ufpel.edu.br\/progep\/files\/2014\/09\/REQUERIMENTO-DE-BENEFICIOS1.pdf\">Requerimento de Benef\u00edcios<\/a>\u201d.<\/strong><\/p>\n<p><strong>P<\/strong><strong>REVIS\u00c3O LEGAL:<\/strong><\/p>\n<p><strong>Lei 8.112\/90:<a href=\"\/\/www.planalto.gov.br\/ccivil_03\/leis\/l8112cons.htm\" target=\"_blank\"> http:\/\/www.planalto.gov.br\/ccivil_03\/leis\/l8112cons.htm<\/a><\/strong><\/p>\n<p><strong>Artigos 87 a 89.<\/strong><\/p>\n<p><strong>Lei 9.527\/97: <\/strong><a href=\"http:\/\/www.planalto.gov.br\/ccivil_03\/leis\/l9527.htm\" target=\"_blank\">http:\/\/www.planalto.gov.br\/ccivil_03\/leis\/l9527.htm<\/a><\/p>\n<p><strong>Artigo 7\u00ba.<\/strong><\/p>\n","protected":false},"excerpt":{"rendered":"<p>DEFINI\u00c7\u00c3O: \u00c9\u00a0o benef\u00edcio estatut\u00e1rio que o servidor\u00a0 faz jus a tr\u00eas meses de licen\u00e7a a cada cinco anos de efetivo exerc\u00edcio. Como requisito o servidor dever\u00e1 ter completado 5 anos de efetivo exerc\u00edcio at\u00e9 15\/10\/96. \u00a0A Licen\u00e7a-Pr\u00eamio por Assiduidade foi extinta em face da nova reda\u00e7\u00e3o dada ao Art. 87 da Lei no\u00a08.112\/90, a partir [&hellip;]<\/p>\n","protected":false},"author":52,"featured_media":0,"parent":6430,"menu_order":0,"comment_status":"closed","ping_status":"closed","template":"","meta":{"footnotes":""},"class_list":["post-7060","page","type-page","status-publish","hentry"],"_links":{"self":[{"href":"https:\/\/wp.ufpel.edu.br\/progep\/wp-json\/wp\/v2\/pages\/7060","targetHints":{"allow":["GET"]}}],"collection":[{"href":"https:\/\/wp.ufpel.edu.br\/progep\/wp-json\/wp\/v2\/pages"}],"about":[{"href":"https:\/\/wp.ufpel.edu.br\/progep\/wp-json\/wp\/v2\/types\/page"}],"author":[{"embeddable":true,"href":"https:\/\/wp.ufpel.edu.br\/progep\/wp-json\/wp\/v2\/users\/52"}],"replies":[{"embeddable":true,"href":"https:\/\/wp.ufpel.edu.br\/progep\/wp-json\/wp\/v2\/comments?post=7060"}],"version-history":[{"count":1,"href":"https:\/\/wp.ufpel.edu.br\/progep\/wp-json\/wp\/v2\/pages\/7060\/revisions"}],"predecessor-version":[{"id":7078,"href":"https:\/\/wp.ufpel.edu.br\/progep\/wp-json\/wp\/v2\/pages\/7060\/revisions\/7078"}],"up":[{"embeddable":true,"href":"https:\/\/wp.ufpel.edu.br\/progep\/wp-json\/wp\/v2\/pages\/6430"}],"wp:attachment":[{"href":"https:\/\/wp.ufpel.edu.br\/progep\/wp-json\/wp\/v2\/media?parent=7060"}],"curies":[{"name":"wp","href":"https:\/\/api.w.org\/{rel}","templated":true}]}}