{"id":6746,"date":"2014-09-19T09:47:57","date_gmt":"2014-09-19T12:47:57","guid":{"rendered":"https:\/\/wp.ufpel.edu.br\/progep\/?page_id=6746"},"modified":"2015-09-15T17:16:28","modified_gmt":"2015-09-15T20:16:28","slug":"escalas-de-plantao-hospital-escola","status":"publish","type":"page","link":"https:\/\/wp.ufpel.edu.br\/progep\/administracao-de-pessoal\/escalas-de-plantao-hospital-escola\/","title":{"rendered":"Escalas de Plant\u00e3o Hospital Escola"},"content":{"rendered":"<p style=\"color: #666666\">A Coordena\u00e7\u00e3o de Administra\u00e7\u00e3o de Pessoal\u00a0divulga as escalas\u00a0de plant\u00e3o hospitalar realizados no Hospital Escola da UFPel no m\u00eas de<span style=\"color: #ff9900\"> <a style=\"color: #ff9900\" href=\"https:\/\/wp.ufpel.edu.br\/progep\/files\/2015\/09\/Escala-Setembro.pdf\">setembro de 2015.<\/a><\/span><\/p>\n<p style=\"color: #666666\">\n<p style=\"color: #666666\">Escalas Anteriores:<\/p>\n<p style=\"color: #666666\"><span style=\"color: #ff9900\"><a style=\"color: #ff9900\" href=\"https:\/\/wp.ufpel.edu.br\/progep\/files\/2015\/09\/Escala-Agosto.pdf\">Agosto de 2015<\/a><\/span><\/p>\n<p style=\"color: #666666\"><span style=\"color: #ff9900\"><a style=\"color: #ff9900\" href=\"https:\/\/wp.ufpel.edu.br\/progep\/files\/2015\/09\/Escala-Julho.pdf\">Julho de 2015<\/a><\/span><\/p>\n<p style=\"color: #666666\"><span style=\"text-decoration: underline\"><span style=\"color: #ff9900;text-decoration: underline\"><a style=\"color: #ff9900;text-decoration: underline\" href=\"https:\/\/wp.ufpel.edu.br\/progep\/files\/2015\/06\/Escalas-junho.pdf\">Junho de 2015<\/a><\/span><\/span><\/p>\n<p style=\"color: #666666\"><span style=\"text-decoration: underline\"><span style=\"color: #ff9900;text-decoration: underline\"><a style=\"color: #ff9900;text-decoration: underline\" href=\"https:\/\/wp.ufpel.edu.br\/progep\/files\/2015\/09\/Escala-Maio.pdf\">Maio de 2015<\/a><\/span><\/span><\/p>\n<p style=\"color: #666666\"><span style=\"text-decoration: underline\"><span style=\"color: #ff9900;text-decoration: underline\"><a style=\"color: #ff9900;text-decoration: underline\" href=\"https:\/\/wp.ufpel.edu.br\/progep\/files\/2015\/09\/Escala-de-Abril.pdf\">Abril de 2015<\/a><\/span><\/span><\/p>\n<p style=\"color: #666666\"><span style=\"text-decoration: underline\"><span style=\"color: #ff9900;text-decoration: underline\"><a style=\"color: #ff9900;text-decoration: underline\" href=\"https:\/\/wp.ufpel.edu.br\/progep\/files\/2015\/09\/Escala-Marco.pdf\">Mar\u00e7o de 2015<\/a><\/span><\/span><\/p>\n<p style=\"color: #666666\"><span style=\"text-decoration: underline\"><span style=\"color: #ff9900;text-decoration: underline\"><a style=\"color: #ff9900;text-decoration: underline\" href=\"https:\/\/wp.ufpel.edu.br\/progep\/files\/2015\/09\/Escalas-Fevereiro.pdf\">Fevereiro de 2015<\/a><\/span><\/span><\/p>\n<p style=\"color: #666666\"><span style=\"text-decoration: underline\"> <span style=\"color: #ff9900;text-decoration: underline\"><a style=\"color: #ff9900;text-decoration: underline\" href=\"https:\/\/wp.ufpel.edu.br\/progep\/files\/2014\/09\/escala-Novembro.pdf\">Novembro 2014<\/a><\/span><\/span><\/p>\n<p><span style=\"text-decoration: underline\"><span class=\"Apple-style-span\"><a href=\"https:\/\/wp.ufpel.edu.br\/progep\/files\/2014\/09\/Escala-Outubro.pdf\"><span style=\"color: #ff9900;text-decoration: underline\">Outubro 2014<\/span><\/a><\/span><\/span><\/p>\n<p style=\"color: #666666\"><span style=\"text-decoration: underline\"><a href=\"https:\/\/wp.ufpel.edu.br\/progep\/files\/2014\/09\/escalas-Setembro-1.pdf\"><span style=\"color: #ff9900;text-decoration: underline\">Setembro 2014<\/span><\/a><\/span><\/p>\n<p style=\"color: #666666\"><span style=\"text-decoration: underline\"><span style=\"color: #ff9900;text-decoration: underline\"><a href=\"https:\/\/wp.ufpel.edu.br\/progep\/files\/2014\/09\/escalas-de-Agosto-2014.pdf\"><span style=\"color: #ff9900;text-decoration: underline\">Agosto 2014<\/span><\/a><\/span><\/span><\/p>\n<p style=\"color: #666666\"><span style=\"text-decoration: underline\"><span style=\"color: #ff9900;text-decoration: underline\"><a href=\"https:\/\/wp.ufpel.edu.br\/progep\/files\/2014\/09\/escalas-julho-2014.pdf\"><span style=\"color: #ff9900;text-decoration: underline\">Julho 2014<\/span><\/a><\/span><\/span><\/p>\n<p style=\"color: #666666\"><span style=\"text-decoration: underline\"><span style=\"color: #ff9900;text-decoration: underline\"><a href=\"https:\/\/wp.ufpel.edu.br\/progep\/files\/2010\/08\/escalas-Junho.pdf\"><span style=\"color: #ff9900;text-decoration: underline\">Junho 2014<\/span><\/a><\/span><\/span><\/p>\n<p style=\"color: #666666\"><span style=\"text-decoration: underline\"><span style=\"color: #ff9900;text-decoration: underline\"><a style=\"font-weight: inherit;font-style: inherit;color: #666666;text-decoration: underline\" href=\"https:\/\/wp.ufpel.edu.br\/progep\/files\/2010\/08\/Escalas-Maio-1.pdf\"><span style=\"color: #ff9900;text-decoration: underline\">Maio 2014.<\/span><\/a><\/span><\/span><\/p>\n<p style=\"color: #666666\"><span style=\"text-decoration: underline\"><span style=\"color: #ff9900;text-decoration: underline\"><a style=\"font-weight: inherit;font-style: inherit;color: #666666;text-decoration: underline\" href=\"https:\/\/wp.ufpel.edu.br\/progep\/files\/2010\/08\/Escalas-Abril-1.pdf\"><span style=\"color: #ff9900;text-decoration: underline\">Abril 2014.<\/span><\/a><\/span><\/span><\/p>\n<p style=\"color: #666666\"><span style=\"text-decoration: underline\"><span style=\"color: #ff9900;text-decoration: underline\"><a style=\"font-weight: inherit;font-style: inherit;color: #666666;text-decoration: underline\" href=\"https:\/\/wp.ufpel.edu.br\/progep\/files\/2010\/08\/Escalas-Fevereiro.pdf\"><span style=\"color: #ff9900;text-decoration: underline\">Fevereiro2014<\/span><\/a><\/span><\/span><\/p>\n<p style=\"color: #666666\"><span style=\"text-decoration: underline\"><span style=\"color: #ff9900;text-decoration: underline\"><a href=\"https:\/\/wp.ufpel.edu.br\/progep\/files\/2014\/09\/Escalas-Dezembro.pdf\"><span style=\"color: #ff9900;text-decoration: underline\">Dezembro 2013<\/span><\/a><\/span><\/span><\/p>\n<p style=\"color: #666666\"><span style=\"text-decoration: underline\"><span style=\"color: #ff9900;text-decoration: underline\"><a href=\"https:\/\/wp.ufpel.edu.br\/progep\/files\/2014\/09\/Escalas-Novembro.pdf\"><span style=\"color: #ff9900;text-decoration: underline\">Novembro 2013<\/span><\/a><\/span><\/span><\/p>\n<p style=\"color: #666666\"><span style=\"text-decoration: underline\"><span style=\"color: #ff9900;text-decoration: underline\"><a href=\"https:\/\/wp.ufpel.edu.br\/progep\/files\/2014\/09\/Escalas-Setembro.pdf\"><span style=\"color: #ff9900;text-decoration: underline\">Setembro 2013.<\/span><\/a><\/span><\/span><\/p>\n<p style=\"color: #666666\"><span style=\"text-decoration: underline\"><a style=\"font-weight: inherit;font-style: inherit;color: #666666;text-decoration: underline\" href=\"https:\/\/wp.ufpel.edu.br\/progep\/files\/2010\/08\/Escalas-Agosto.pdf\"><span style=\"color: #ff9900;text-decoration: underline\">Agosto 2013.<\/span><\/a><\/span><\/p>\n<p style=\"color: #666666\"><span style=\"text-decoration: underline\"><a style=\"font-weight: inherit;font-style: inherit;color: #666666;text-decoration: underline\" href=\"https:\/\/wp.ufpel.edu.br\/progep\/files\/2010\/08\/Escalas-Julho.pdf\"><span style=\"color: #ff9900;text-decoration: underline\">Julho 2013<\/span><\/a><\/span><\/p>\n","protected":false},"excerpt":{"rendered":"<p>A Coordena\u00e7\u00e3o de Administra\u00e7\u00e3o de Pessoal\u00a0divulga as escalas\u00a0de plant\u00e3o hospitalar realizados no Hospital Escola da UFPel no m\u00eas de setembro de 2015. Escalas Anteriores: Agosto de 2015 Julho de 2015 Junho de 2015 Maio de 2015 Abril de 2015 Mar\u00e7o de 2015 Fevereiro de 2015 Novembro 2014 Outubro 2014 Setembro 2014 Agosto 2014 Julho 2014 [&hellip;]<\/p>\n","protected":false},"author":52,"featured_media":0,"parent":308,"menu_order":0,"comment_status":"closed","ping_status":"closed","template":"","meta":{"footnotes":""},"class_list":["post-6746","page","type-page","status-publish","hentry"],"_links":{"self":[{"href":"https:\/\/wp.ufpel.edu.br\/progep\/wp-json\/wp\/v2\/pages\/6746","targetHints":{"allow":["GET"]}}],"collection":[{"href":"https:\/\/wp.ufpel.edu.br\/progep\/wp-json\/wp\/v2\/pages"}],"about":[{"href":"https:\/\/wp.ufpel.edu.br\/progep\/wp-json\/wp\/v2\/types\/page"}],"author":[{"embeddable":true,"href":"https:\/\/wp.ufpel.edu.br\/progep\/wp-json\/wp\/v2\/users\/52"}],"replies":[{"embeddable":true,"href":"https:\/\/wp.ufpel.edu.br\/progep\/wp-json\/wp\/v2\/comments?post=6746"}],"version-history":[{"count":12,"href":"https:\/\/wp.ufpel.edu.br\/progep\/wp-json\/wp\/v2\/pages\/6746\/revisions"}],"predecessor-version":[{"id":8353,"href":"https:\/\/wp.ufpel.edu.br\/progep\/wp-json\/wp\/v2\/pages\/6746\/revisions\/8353"}],"up":[{"embeddable":true,"href":"https:\/\/wp.ufpel.edu.br\/progep\/wp-json\/wp\/v2\/pages\/308"}],"wp:attachment":[{"href":"https:\/\/wp.ufpel.edu.br\/progep\/wp-json\/wp\/v2\/media?parent=6746"}],"curies":[{"name":"wp","href":"https:\/\/api.w.org\/{rel}","templated":true}]}}