{"id":6666,"date":"2014-09-17T11:19:14","date_gmt":"2014-09-17T14:19:14","guid":{"rendered":"https:\/\/wp.ufpel.edu.br\/progep\/?page_id=6666"},"modified":"2019-10-31T18:36:07","modified_gmt":"2019-10-31T21:36:07","slug":"averbacao-de-tempo-de-servicocontribuicao","status":"publish","type":"page","link":"https:\/\/wp.ufpel.edu.br\/progep\/administracao-de-pessoal\/manual-do-servidor\/averbacao-de-tempo-de-servicocontribuicao\/","title":{"rendered":"Averba\u00e7\u00e3o de Tempo de Servi\u00e7o\/Contribui\u00e7\u00e3o"},"content":{"rendered":"<p><span style=\"color: #000000\"><strong><span style=\"font-size: 12pt\">DEFINI\u00c7\u00c3O: <\/span><\/strong><\/span><\/p>\n<p><span style=\"font-size: 12pt\">\u00c9 o registro, na pasta funcional do servidor, do tempo de contribui\u00e7\u00e3o decorrente de v\u00ednculo de trabalho prestado a outras institui\u00e7\u00f5es, p\u00fablicas ou privadas, servi\u00e7o militar, desde que este per\u00edodo n\u00e3o tenha sido aproveitado para outros quaisquer benef\u00edcios (de natureza previdenci\u00e1ria) em quaisquer outras entidades (p\u00fablicas ou privadas).<\/span><\/p>\n<p>&nbsp;<\/p>\n<p><span style=\"color: #000000\"><strong><span style=\"font-size: 12pt\">PROCEDIMENTOS NECESS\u00c1RIOS:<\/span><\/strong><\/span><\/p>\n<p>a) Preencher o &#8220;PROGEP Requerimento de Benef\u00edcios&#8221;, dispon\u00edvel no SEI, assinar e enviar para o NUB &#8211; N\u00facleo de Benef\u00edcios;<\/p>\n<p><span style=\"font-size: 12pt\">b) Entregar na PROGEP a <strong>Certid\u00e3o original<\/strong>, expedida pelo \u00f3rg\u00e3o competente, onde conste:<\/span><\/p>\n<p><span style=\"font-size: 12pt\">&#8211;\u00a0O fim a que se destina;<\/span><\/p>\n<p><span style=\"font-size: 12pt\">&#8211;\u00a0Denomina\u00e7\u00e3o do cargo ou emprego ocupado;<\/span><\/p>\n<p><span style=\"font-size: 12pt\">&#8211;\u00a0Regime jur\u00eddico a que o interessado tenha se subordinado;<\/span><\/p>\n<p><span style=\"font-size: 12pt\">&#8211;\u00a0Tempo de contribui\u00e7\u00e3o servi\u00e7o bruto;<\/span><\/p>\n<p><span style=\"font-size: 12pt\">&#8211;\u00a0Faltas e licen\u00e7as ocorridas no per\u00edodo;<\/span><\/p>\n<p><span style=\"font-size: 12pt\">&#8211;\u00a0Tempo l\u00edquido de contribui\u00e7\u00e3o;<\/span><\/p>\n<p><span style=\"font-size: 12pt\">&#8211;\u00a0Demais ocorr\u00eancias funcionais.<\/span><\/p>\n<p>&nbsp;<\/p>\n<p><em><strong><span style=\"font-size: 12pt\">Previs\u00e3o Legal:<\/span><\/strong><\/em><\/p>\n<p><span style=\"font-size: 12pt\"><span style=\"color: #ff9900\"><strong><a href=\"http:\/\/www.planalto.gov.br\/ccivil_03\/leis\/L6226.htm\"><span style=\"color: #ff9900\">Lei n\u00ba 6.226<\/span><\/a><\/strong><\/span>, de 14\/07\/75 (DOU 15\/07\/75), alterada pela <strong><span style=\"color: #ff9900\"><a href=\"http:\/\/www.planalto.gov.br\/ccivil_03\/leis\/L6864-80.htm\"><span style=\"color: #ff9900\">Lei n\u00ba 6.864<\/span><\/a><\/span><\/strong>, de 01\/12\/80 (DOU 02\/12\/80);<\/span><\/p>\n<p>Artigos 100 a 103 da <span style=\"color: #ff9900\"><strong><a href=\"http:\/\/www.planalto.gov.br\/ccivil_03\/leis\/l8112cons.htm\"><span style=\"color: #ff9900\">Lei n\u00ba 8.112<\/span><\/a><\/strong><\/span>, de 11\/12\/90 (DOU 12\/12\/90);<\/p>\n<p><span style=\"font-size: 12pt\">Orienta\u00e7\u00f5es Normativas <span style=\"color: #333333\">DRH\/SAF:<\/span><\/span><\/p>\n<p><span style=\"font-size: 12pt\"><span style=\"color: #000000\">&#8211;\u00a0<span style=\"color: #ff9900\"><strong><a href=\"https:\/\/conlegis.planejamento.gov.br\/conlegis\/pesquisaTextual\/atoNormativoDetalhesPub.htm?id=1175\"><span style=\"color: #ff9900\">n\u00ba 29<\/span><\/a><\/strong><\/span><\/span> (DOU 28\/12\/90), <\/span><\/p>\n<p><span style=\"font-size: 12pt\"><span style=\"color: #ff9900\"><span style=\"color: #ff9900\"><span style=\"color: #000000\">&#8211;\u00a0<\/span><\/span><strong><a href=\"https:\/\/conlegis.planejamento.gov.br\/conlegis\/pesquisaTextual\/atoNormativoDetalhesPub.htm?id=1199\"><span style=\"color: #ff9900\">n\u00ba\u00a064<\/span><\/a><\/strong><\/span> (DOU 18\/01\/91), <\/span><\/p>\n<p><span style=\"font-size: 12pt\"><span style=\"color: #000000\">&#8211;\u00a0<\/span><span style=\"color: #ff9900\"><strong><a href=\"https:\/\/conlegis.planejamento.gov.br\/conlegis\/pesquisaTextual\/atoNormativoDetalhesPub.htm?id=1004\"><span style=\"color: #ff9900\">n\u00ba 80<\/span><\/a><\/strong><\/span>, <span style=\"color: #ff9900\"><strong><a href=\"https:\/\/conlegis.planejamento.gov.br\/conlegis\/pesquisaTextual\/atoNormativoDetalhesPub.htm?id=1201\"><span style=\"color: #ff9900\">n\u00ba 82<\/span><\/a><\/strong><\/span> e <span style=\"color: #ff9900\"><strong><a href=\"https:\/\/conlegis.planejamento.gov.br\/conlegis\/pesquisaTextual\/atoNormativoDetalhesPub.htm?id=1208\"><span style=\"color: #ff9900\">n\u00ba 84<\/span><\/a><\/strong><\/span> (DOU 06\/03\/91), <\/span><\/p>\n<p><span style=\"font-size: 12pt\"><span style=\"color: #000000\">&#8211;\u00a0<\/span><span style=\"color: #ff9900\"><strong><a href=\"https:\/\/conlegis.planejamento.gov.br\/conlegis\/pesquisaTextual\/atoNormativoDetalhesPub.htm?id=1212\"><span style=\"color: #ff9900\">n\u00ba 92<\/span><\/a><\/strong><\/span>, <span style=\"color: #ff9900\"><strong><a href=\"https:\/\/conlegis.planejamento.gov.br\/conlegis\/pesquisaTextual\/atoNormativoDetalhesPub.htm?id=3875\"><span style=\"color: #ff9900\">n\u00ba 94<\/span><\/a><\/strong><\/span> e <span style=\"color: #ff9900\"><strong><a href=\"https:\/\/conlegis.planejamento.gov.br\/conlegis\/pesquisaTextual\/atoNormativoDetalhesPub.htm?id=1158\"><span style=\"color: #ff9900\">n\u00ba 102<\/span><\/a><\/strong><\/span> (DOU 06\/05\/91);<\/span><\/p>\n<p><span style=\"font-size: 12pt\"><a href=\"http:\/\/www.planalto.gov.br\/ccivil_03\/decreto\/D3048.htm\"><span style=\"text-decoration: underline\"><strong><span style=\"color: #ff9900;text-decoration: underline\">Decreto 3.048<\/span><\/strong><\/span><\/a>, de 06 de maio de 1999;<\/span><\/p>\n<p><span style=\"font-size: 12pt\"><strong><span style=\"color: #ff9900\"><a href=\"http:\/\/www.planalto.gov.br\/ccivil_03\/_Ato2007-2010\/2007\/Decreto\/D6106.htm\"><span style=\"text-decoration: underline;color: #ff9900\">Decreto 6.106<\/span><\/a><\/span><\/strong>, de 30 de abril de 2007;<\/span><\/p>\n<p><span style=\"font-size: 12pt\"><span style=\"color: #ff9900\"><strong><a href=\"http:\/\/www.planalto.gov.br\/ccivil_03\/_Ato2011-2014\/2014\/Decreto\/D8302.htm\"><span style=\"color: #ff9900\">Decreto 8.302<\/span><\/a><\/strong><\/span>, de 04 de setembro de 2014;<\/span><\/p>\n<p><span style=\"font-size: 12pt\"><span style=\"color: #ff9900\"><strong><a href=\"http:\/\/www.tcu.gov.br\/Consultas\/Juris\/Docs\/judoc%5CDec%5C19940805%5CGERADO_TC-15263.pdf\"><span style=\"color: #ff9900\">Decis\u00e3o TCU n\u00ba 160<\/span><\/a><\/strong><\/span>, de 20\/05\/93.<\/span><\/p>\n<p><span style=\"font-size: 12pt\"><span style=\"color: #ff9900\"><strong><a href=\"https:\/\/conlegis.planejamento.gov.br\/conlegis\/pesquisaTextual\/atoNormativoDetalhesPub.htm?id=4023\"><span style=\"color: #ff9900\">Instru\u00e7\u00e3o Normativa SAF n\u00ba 08<\/span><\/a><\/strong><\/span>, de 06\/07\/93 (DOU 07\/07\/93).<\/span><\/p>\n<p><span style=\"font-size: 12pt\"><span style=\"color: #ff9900\"><strong><a href=\"https:\/\/conlegis.planejamento.gov.br\/conlegis\/pesquisaTextual\/atoNormativoDetalhesPub.htm?id=4918\"><span style=\"color: #ff9900\">Emenda Constitucional n\u00ba 20<\/span><\/a><\/strong><\/span>, de 15\/12\/98.<\/span><\/p>\n<p><span style=\"font-size: 12pt\"><span style=\"color: #ff9900\"><strong><a href=\"http:\/\/www3.dataprev.gov.br\/sislex\/paginas\/66\/MPS\/2008\/154.htm\"><span style=\"color: #ff9900\">Portaria MPS n\u00ba 154<\/span><\/a><\/strong><\/span>, de 15\/05\/2008.<\/span><\/p>\n","protected":false},"excerpt":{"rendered":"<p>DEFINI\u00c7\u00c3O: \u00c9 o registro, na pasta funcional do servidor, do tempo de contribui\u00e7\u00e3o decorrente de v\u00ednculo de trabalho prestado a outras institui\u00e7\u00f5es, p\u00fablicas ou privadas, servi\u00e7o militar, desde que este per\u00edodo n\u00e3o tenha sido aproveitado para outros quaisquer benef\u00edcios (de natureza previdenci\u00e1ria) em quaisquer outras entidades (p\u00fablicas ou privadas). &nbsp; PROCEDIMENTOS NECESS\u00c1RIOS: a) Preencher o [&hellip;]<\/p>\n","protected":false},"author":52,"featured_media":0,"parent":6430,"menu_order":0,"comment_status":"closed","ping_status":"closed","template":"","meta":{"footnotes":""},"class_list":["post-6666","page","type-page","status-publish","hentry"],"_links":{"self":[{"href":"https:\/\/wp.ufpel.edu.br\/progep\/wp-json\/wp\/v2\/pages\/6666","targetHints":{"allow":["GET"]}}],"collection":[{"href":"https:\/\/wp.ufpel.edu.br\/progep\/wp-json\/wp\/v2\/pages"}],"about":[{"href":"https:\/\/wp.ufpel.edu.br\/progep\/wp-json\/wp\/v2\/types\/page"}],"author":[{"embeddable":true,"href":"https:\/\/wp.ufpel.edu.br\/progep\/wp-json\/wp\/v2\/users\/52"}],"replies":[{"embeddable":true,"href":"https:\/\/wp.ufpel.edu.br\/progep\/wp-json\/wp\/v2\/comments?post=6666"}],"version-history":[{"count":17,"href":"https:\/\/wp.ufpel.edu.br\/progep\/wp-json\/wp\/v2\/pages\/6666\/revisions"}],"predecessor-version":[{"id":14173,"href":"https:\/\/wp.ufpel.edu.br\/progep\/wp-json\/wp\/v2\/pages\/6666\/revisions\/14173"}],"up":[{"embeddable":true,"href":"https:\/\/wp.ufpel.edu.br\/progep\/wp-json\/wp\/v2\/pages\/6430"}],"wp:attachment":[{"href":"https:\/\/wp.ufpel.edu.br\/progep\/wp-json\/wp\/v2\/media?parent=6666"}],"curies":[{"name":"wp","href":"https:\/\/api.w.org\/{rel}","templated":true}]}}