{"id":6662,"date":"2014-09-17T10:15:27","date_gmt":"2014-09-17T13:15:27","guid":{"rendered":"https:\/\/wp.ufpel.edu.br\/progep\/?page_id=6662"},"modified":"2022-10-03T10:16:14","modified_gmt":"2022-10-03T13:16:14","slug":"alteracao-de-regime-de-trabalho","status":"publish","type":"page","link":"https:\/\/wp.ufpel.edu.br\/progep\/administracao-de-pessoal\/manual-do-servidor\/alteracao-de-regime-de-trabalho\/","title":{"rendered":"Altera\u00e7\u00e3o de Regime de Trabalho"},"content":{"rendered":"<p><strong>DEFINI\u00c7\u00c3O:<\/strong><\/p>\n<p>A altera\u00e7\u00e3o de Regime de Trabalho \u00e9est\u00e1 prevista para as duas carreiras:<\/p>\n<p>a) Professor da carreira do Magist\u00e9rio Superior, ;<\/p>\n<p>b) T\u00e9cnicos Administrativos em Educa\u00e7\u00e3o.<\/p>\n<p>&nbsp;<\/p>\n<p><em><strong>Previs\u00e3o Legal:<\/strong><\/em><\/p>\n<p>a) Professor da carreira do Magist\u00e9rio Superior:<\/p>\n<p>&#8211; <span style=\"color: #ff9900\"><strong><a href=\"http:\/\/www.planalto.gov.br\/ccivil_03\/_ato2011-2014\/2012\/lei\/l12772.htm\"><span style=\"color: #ff9900\">Lei 12.772<\/span><\/a><\/strong><\/span>, de 28 de dezembro de 2012 e;<\/p>\n<p>&#8211; <span style=\"color: #ff9900\"><strong><a href=\"https:\/\/wp.ufpel.edu.br\/scs\/files\/2014\/03\/Res-022014.pdf\"><span style=\"color: #ff9900\">Resolu\u00e7\u00e3o n\u00ba 02<\/span><\/a><\/strong><\/span>, de 13 de fevereiro de 2014, do COCEPE;<\/p>\n<p>b) T\u00e9cnicos Administrativos em Educa\u00e7\u00e3o:<\/p>\n<p>&#8211; <strong><span style=\"color: #ff9900\"><a href=\"http:\/\/www.planalto.gov.br\/ccivil_03\/_ato2011-2014\/2012\/lei\/L12702.htm\"><span style=\"color: #ff9900\">Lei 12.702<\/span><\/a><\/span><\/strong>, de\u00a0de agosto de 2012, DOU de 08\/08\/2012.<\/p>\n<p>&nbsp;<\/p>\n<p style=\"text-align: justify\">A solicita\u00e7\u00e3o pode ser feita por meio de requerimento pessoal, devidamente assinado, e destinado \u00e0 sua chefia imediata. A unidade abre Processo a partir do requerimento do servidor e encaminha \u00e0s devidas inst\u00e2ncias da UFPel.<\/p>\n","protected":false},"excerpt":{"rendered":"<p>DEFINI\u00c7\u00c3O: A altera\u00e7\u00e3o de Regime de Trabalho \u00e9est\u00e1 prevista para as duas carreiras: a) Professor da carreira do Magist\u00e9rio Superior, ; b) T\u00e9cnicos Administrativos em Educa\u00e7\u00e3o. &nbsp; Previs\u00e3o Legal: a) Professor da carreira do Magist\u00e9rio Superior: &#8211; Lei 12.772, de 28 de dezembro de 2012 e; &#8211; Resolu\u00e7\u00e3o n\u00ba 02, de 13 de fevereiro de [&hellip;]<\/p>\n","protected":false},"author":52,"featured_media":0,"parent":6430,"menu_order":0,"comment_status":"closed","ping_status":"closed","template":"","meta":{"footnotes":""},"class_list":["post-6662","page","type-page","status-publish","hentry"],"_links":{"self":[{"href":"https:\/\/wp.ufpel.edu.br\/progep\/wp-json\/wp\/v2\/pages\/6662","targetHints":{"allow":["GET"]}}],"collection":[{"href":"https:\/\/wp.ufpel.edu.br\/progep\/wp-json\/wp\/v2\/pages"}],"about":[{"href":"https:\/\/wp.ufpel.edu.br\/progep\/wp-json\/wp\/v2\/types\/page"}],"author":[{"embeddable":true,"href":"https:\/\/wp.ufpel.edu.br\/progep\/wp-json\/wp\/v2\/users\/52"}],"replies":[{"embeddable":true,"href":"https:\/\/wp.ufpel.edu.br\/progep\/wp-json\/wp\/v2\/comments?post=6662"}],"version-history":[{"count":3,"href":"https:\/\/wp.ufpel.edu.br\/progep\/wp-json\/wp\/v2\/pages\/6662\/revisions"}],"predecessor-version":[{"id":21325,"href":"https:\/\/wp.ufpel.edu.br\/progep\/wp-json\/wp\/v2\/pages\/6662\/revisions\/21325"}],"up":[{"embeddable":true,"href":"https:\/\/wp.ufpel.edu.br\/progep\/wp-json\/wp\/v2\/pages\/6430"}],"wp:attachment":[{"href":"https:\/\/wp.ufpel.edu.br\/progep\/wp-json\/wp\/v2\/media?parent=6662"}],"curies":[{"name":"wp","href":"https:\/\/api.w.org\/{rel}","templated":true}]}}