{"id":6575,"date":"2014-09-09T09:33:41","date_gmt":"2014-09-09T12:33:41","guid":{"rendered":"https:\/\/wp.ufpel.edu.br\/progep\/?page_id=6575"},"modified":"2024-06-03T16:08:40","modified_gmt":"2024-06-03T19:08:40","slug":"redistribuicao","status":"publish","type":"page","link":"https:\/\/wp.ufpel.edu.br\/progep\/administracao-de-pessoal\/manual-do-servidor\/redistribuicao\/","title":{"rendered":"Redistribui\u00e7\u00e3o"},"content":{"rendered":"<p style=\"text-align: justify\"><strong>DEFINI\u00c7\u00c3O:\u00a0<\/strong><\/p>\n<p style=\"text-align: justify\">Conforme o Art. 37, da Lei 8.112, de 11 de dezembro de 1990, a redistribui\u00e7\u00e3o do servidor \u00e9 o deslocamento de cargo de provimento efetivo, ocupado ou vago no \u00e2mbito do quadro geral de pessoal, para outro \u00f3rg\u00e3o ou entidade do mesmo Poder, com pr\u00e9via aprecia\u00e7\u00e3o do \u00f3rg\u00e3o central do SIPEC, observados os seguintes preceitos:<\/p>\n<p style=\"text-align: justify\">I\u00a0&#8211;\u00a0interesse da administra\u00e7\u00e3o;<br \/>\nII\u00a0&#8211;\u00a0equival\u00eancia de vencimentos;<br \/>\nIII\u00a0&#8211;\u00a0manuten\u00e7\u00e3o da ess\u00eancia das atribui\u00e7\u00f5es do cargo;<br \/>\nIV\u00a0&#8211;\u00a0vincula\u00e7\u00e3o entre os graus de responsabilidade e complexidade das atividades;<br \/>\nV\u00a0&#8211;\u00a0mesmo n\u00edvel de escolaridade, especialidade ou habilita\u00e7\u00e3o profissional;<br \/>\nVI\u00a0&#8211;\u00a0compatibilidade entre as atribui\u00e7\u00f5es do cargo e as finalidades institucionais do \u00f3rg\u00e3o ou entidade.<\/p>\n<p>Para manifestar interesse em ser redistribu\u00eddo para a UFPel, o servidor dever\u00e1 preencher o seguinte formul\u00e1rio: <a href=\"https:\/\/docs.google.com\/forms\/d\/e\/1FAIpQLSeFU9wwlKSOSxNQSm_GrnKLgXYp7L1nHXHAOkRCapW9LkwCXQ\/viewform\">Clique aqui<\/a>.<br \/>\n<span style=\"color: #ff0000\"><strong>O cadastro no banco de interesse em redistribui\u00e7\u00e3o permanecer\u00e1 ativo pelo prazo de 1 (um) ano e caso haja a disponibilidade de redistribui\u00e7\u00e3o para alguma vaga desocupada, o servidor ser\u00e1 contatado para abertura de processo.<\/strong><\/span><\/p>\n<p style=\"text-align: justify\"><span style=\"font-size: 12pt\">Para solicitar <strong>redistribui\u00e7\u00e3o por permuta<\/strong> com outro servidor da UFPel, o servidor dever\u00e1 encaminhar para o e-mail cadastro@ufpel.edu.br:<\/span><\/p>\n<p style=\"text-align: justify\"><span style=\"font-size: 12pt\"><strong>1 &#8211; Carta de inten\u00e7\u00e3o (especificar com qual servidor deseja realizar a permuta);<\/strong><\/span><br \/>\n<span style=\"font-size: 12pt\"><strong>2 &#8211; Curr\u00edculo (simplificado, se TAE e Lattes, se docente);<\/strong><\/span><br \/>\n<span style=\"font-size: 12pt\"><strong>3 &#8211; Dossi\u00ea completo emitido pelo setor de recursos humanos da institui\u00e7\u00e3o de origem;<br \/>\n<\/strong><strong>4 &#8211; Certid\u00e3o negativa de PAD;<br \/>\n<\/strong><strong>5 &#8211; Atestado de sa\u00fade ocupacional emitido por m\u00e9dico do trabalho;<br \/>\n6 &#8211; C\u00f3pia das duas \u00faltimas avalia\u00e7\u00f5es de desempenho.<\/strong><\/span><\/p>\n<p><span style=\"font-size: 12pt\">A partir da publica\u00e7\u00e3o da Portaria de redistribui\u00e7\u00e3o no Di\u00e1rio Oficial, o servidor n\u00e3o pertence mais ao quadro de servidores da institui\u00e7\u00e3o de origem, devendo se apresentar no \u00f3rg\u00e3o de destino no prazo de 10 a 30 dias a contar da referida publica\u00e7\u00e3o, podendo este prazo ser declinado.<\/span><\/p>\n<p style=\"text-align: justify\"><em><strong>Previs\u00e3o\u00a0legal:<\/strong><\/em><\/p>\n<p style=\"text-align: justify\"><span style=\"color: #ff9900\"><a href=\"http:\/\/www.planalto.gov.br\/ccivil_03\/Leis\/L8112compilado.htm\"><span style=\"color: #ff9900\"><strong>Lei 8.112<\/strong><\/span><\/a><\/span>, de 11 de dezembro de 1990, disp\u00f5e sobre o regime jur\u00eddico dos servidores p\u00fablicos civis da Uni\u00e3o, das autarquias e das funda\u00e7\u00f5es p\u00fablicas federais.<br \/>\n<span style=\"color: #ff9900\"><a href=\"http:\/\/www.planalto.gov.br\/ccivil_03\/_Ato2004-2006\/2005\/Lei\/L11091compilado.htm\"><span style=\"color: #ff9900\"><strong>Lei 11.091<\/strong><\/span><\/a><\/span>, de 12 de janeiro de 2005, disp\u00f5e sobre a estrutura\u00e7\u00e3o do Plano de Carreira dos Cargos T\u00e9cnico-Administrativos em Educa\u00e7\u00e3o, no \u00e2mbito das Institui\u00e7\u00f5es Federais de Ensino vinculadas ao Minist\u00e9rio da Educa\u00e7\u00e3o, e d\u00e1 outras provid\u00eancias.<br \/>\n<span style=\"color: #ff9900\"><a href=\"http:\/\/segesp.ufsc.br\/files\/2013\/09\/Portaria-N%C2%BA-57-de-14-04-2000.pdf\"><span style=\"color: #ff9900\"><strong>Portaria n\u00ba 57\/MPOG<\/strong><\/span><\/a><\/span>, de 14 de abril de 2000, disciplina os procedimentos relativos a redistribui\u00e7\u00e3o de cargos efetivos ocupados ou vagos da Administra\u00e7\u00e3o P\u00fablica Federal direta, aut\u00e1rquica e fundacional, no interesse da\u00a0administra\u00e7\u00e3o.<br \/>\n<span style=\"color: #ff9900\"><a href=\"http:\/\/segesp.ufsc.br\/files\/2013\/09\/PORTARIA-N%C2%BA-79-DE-28-DE-FEVEREIRO-DE-2002.pdf\"><span style=\"color: #ff9900\"><strong>Portaria n\u00ba 79\/MPOG<\/strong><\/span><\/a><\/span>, de 28 de fevereiro de 2002, disciplina os procedimentos relativos \u00e0 redistribui\u00e7\u00e3o de cargos efetivos ocupados ou vagos do Minist\u00e9rio da Educa\u00e7\u00e3o e das institui\u00e7\u00f5es federais de ensino a esse vinculadas, no interesse da Administra\u00e7\u00e3o.<br \/>\n<span style=\"color: #ff9900\"><a href=\"http:\/\/segesp.ufsc.br\/files\/2013\/09\/Of%C3%ADcio-Circular-07-2000.pdf\"><span style=\"color: #ff9900\"><strong>Of\u00edcio-Circular n\u00ba 07 \/SRH-MP<\/strong><\/span><\/a><\/span>, de 17 de abril de 2000, estabelece procedimentos para a redistribui\u00e7\u00e3o de cargos.<br \/>\nArtigo 37 da\u00a0<span style=\"color: #ff9900\"><a href=\"http:\/\/www.planalto.gov.br\/ccivil_03\/constituicao\/constituicaocompilado.htm\"><span style=\"color: #ff9900\"><strong>Constitui\u00e7\u00e3o da Rep\u00fablica Federativa do Brasil<\/strong><\/span><\/a><\/span>, de 1988.<\/p>\n","protected":false},"excerpt":{"rendered":"<p>DEFINI\u00c7\u00c3O:\u00a0 Conforme o Art. 37, da Lei 8.112, de 11 de dezembro de 1990, a redistribui\u00e7\u00e3o do servidor \u00e9 o deslocamento de cargo de provimento efetivo, ocupado ou vago no \u00e2mbito do quadro geral de pessoal, para outro \u00f3rg\u00e3o ou entidade do mesmo Poder, com pr\u00e9via aprecia\u00e7\u00e3o do \u00f3rg\u00e3o central do SIPEC, observados os seguintes [&hellip;]<\/p>\n","protected":false},"author":52,"featured_media":0,"parent":6430,"menu_order":0,"comment_status":"closed","ping_status":"closed","template":"","meta":{"footnotes":""},"class_list":["post-6575","page","type-page","status-publish","hentry"],"_links":{"self":[{"href":"https:\/\/wp.ufpel.edu.br\/progep\/wp-json\/wp\/v2\/pages\/6575","targetHints":{"allow":["GET"]}}],"collection":[{"href":"https:\/\/wp.ufpel.edu.br\/progep\/wp-json\/wp\/v2\/pages"}],"about":[{"href":"https:\/\/wp.ufpel.edu.br\/progep\/wp-json\/wp\/v2\/types\/page"}],"author":[{"embeddable":true,"href":"https:\/\/wp.ufpel.edu.br\/progep\/wp-json\/wp\/v2\/users\/52"}],"replies":[{"embeddable":true,"href":"https:\/\/wp.ufpel.edu.br\/progep\/wp-json\/wp\/v2\/comments?post=6575"}],"version-history":[{"count":24,"href":"https:\/\/wp.ufpel.edu.br\/progep\/wp-json\/wp\/v2\/pages\/6575\/revisions"}],"predecessor-version":[{"id":27596,"href":"https:\/\/wp.ufpel.edu.br\/progep\/wp-json\/wp\/v2\/pages\/6575\/revisions\/27596"}],"up":[{"embeddable":true,"href":"https:\/\/wp.ufpel.edu.br\/progep\/wp-json\/wp\/v2\/pages\/6430"}],"wp:attachment":[{"href":"https:\/\/wp.ufpel.edu.br\/progep\/wp-json\/wp\/v2\/media?parent=6575"}],"curies":[{"name":"wp","href":"https:\/\/api.w.org\/{rel}","templated":true}]}}