{"id":5791,"date":"2014-04-22T17:25:58","date_gmt":"2014-04-22T20:25:58","guid":{"rendered":"https:\/\/wp.ufpel.edu.br\/progep\/?page_id=5791"},"modified":"2025-07-24T10:37:23","modified_gmt":"2025-07-24T13:37:23","slug":"acoes-externas","status":"publish","type":"page","link":"https:\/\/wp.ufpel.edu.br\/progep\/capacitacao\/acoes-externas\/","title":{"rendered":"A\u00e7\u00f5es Externas"},"content":{"rendered":"\n<div class=\"wp-block-group\"><div class=\"wp-block-group__inner-container is-layout-constrained wp-block-group-is-layout-constrained\">\n<div class=\"logoTituloModelStyle\" style=\"padding: 0\"><img class=\"size-medium wp-image-27184 alignleft\" style=\"padding: 0\" src=\"https:\/\/wp.ufpel.edu.br\/progep\/files\/2025\/03\/logo-progep_atualizacao-nome_AZUL.png\" alt=\"\" \/>\n<div style=\"padding: 2.5rem 0.5rem;font-size: 30pt\"><strong>A\u00e7\u00f5es Externas<\/strong><\/div>\n<\/div>\n<hr class=\"hrModelStyle\" \/>\n<div class=\"descriptionModelStyle\">A p\u00e1gina de <strong>A\u00e7\u00f5es Externas<\/strong> \u00e9 voltada para a\u00e7\u00f5es de capacita\u00e7\u00e3o realizadas por servidores(as) fora da Institui\u00e7\u00e3o e apoiadas financeiramente pela UFPel, atrav\u00e9s da disponibiliza\u00e7\u00e3o de editais.<\/div>\n<\/div><\/div>\n\n\n<div class=\"titleComumStyle\">Qual o objetivo dos editais?<\/div>\n<div class=\"paragrafoComumStyle\"><strong>O objetivo \u00e9 oportunizar o desenvolvimento integral<\/strong> dos(as) servidores(as) por meio da capacita\u00e7\u00e3o, mediante aux\u00edlio para <strong>participa\u00e7\u00e3o em a\u00e7\u00f5es de capacita\u00e7\u00e3o externas \u00e0 UFPel<\/strong>, desde que estejam previstas no <strong>Plano de Desenvolvimento de Pessoas (PDP)<\/strong> e que n\u00e3o haja na localidade de exerc\u00edcio do(a) servidor(a) a\u00e7\u00e3o com objetivo similar na qual o custo total seja inferior ao solicitado, conforme artigo 17 do Decreto n\u00ba 9.991\/19, exceto quando devidamente justificada a necessidade, que ser\u00e1 analisada pela Pr\u00f3-Reitora de Gest\u00e3o com Pessoas.<\/div>\n<div class=\"titleComumStyle\">Quais a\u00e7\u00f5es s\u00e3o consideradas a\u00e7\u00f5es<br \/>de capacita\u00e7\u00e3o, para fins de apoio?<\/div>\n<div class=\"paragrafoComumStyle\">S\u00e3o consideradas a participa\u00e7\u00e3o em cursos presenciais e a dist\u00e2ncia, interc\u00e2mbios, visitas t\u00e9cnicas, mesas redondas, oficinas, palestras, semin\u00e1rios, congressos e similares, que contribuam para o desenvolvimento do(a) servidor(a) e que atendam aos interesses da UFPel. N\u00e3o est\u00e3o abrangidas por este edital a\u00e7\u00f5es nas quais o objetivo seja a apresenta\u00e7\u00e3o de trabalhos\/artigos ou em que o(a) servidor(a) atue como ministrante\/facilitador(a).<\/div>\n<div class=\"titleComumStyle\">Quais requisitos devo cumprir para<br \/>receber o apoio financeiro?<\/div>\n<div class=\"paragrafoComumStyle\">Os requisitos devem ser cumpridos de acordo com o estabelecido nos editais.<\/div>\n<div class=\"titleComumStyle\">Como sei se tem edital vigente?<\/div>\n<div class=\"paragrafoComumStyle\">A CDP divulga amplamente a abertura dos editais, atrav\u00e9s de processo no SEI e nos sites institucionais.<\/div>\n\n<div class=\"titleComumStyle\">Confira os editais de 2025 abaixo:<\/div>\n<div class=\"acoesExternasBotoesStyle\">\n<a href=\"https:\/\/wp.ufpel.edu.br\/progep\/files\/2025\/07\/SEI_3122312_Edital_PROGEP_1-1.pdf\">EDITAL PROGEP NUCAP N\u00ba 1\/2025 &#8211; Modalidade Presencial<\/a>\n<a href=\"https:\/\/wp.ufpel.edu.br\/progep\/files\/2025\/07\/SEI_3126867_Edital_PROGEP_2.pdf\">EDITAL PROGEP NUCAP N\u00ba 2\/2025 &#8211; Modalidade a dist\u00e2ncia<\/a>\n<a href=\"https:\/\/wp.ufpel.edu.br\/progep\/files\/2025\/07\/SEI_3164369_Edital_PROGEP_3.pdf\">EDITAL PROGEP NUCAP N\u00ba 3\/2025 &#8211; Modalidade a dist\u00e2ncia \/ EDITAL DE RETIFICA\u00c7\u00c3O<\/a>\n\n\n<\/div>\n\n<div class=\"titleComumStyle\">Confira os editais de 2024 abaixo:<\/div>\n<div class=\"acoesExternasBotoesStyle\">\n<a href=\"https:\/\/wp.ufpel.edu.br\/progep\/files\/2024\/04\/SEI_UFPel-2515621-Edital-PROGEP_distancia.pdf\">EDITAL PROGEP CDP N\u00ba 1\/2024 &#8211; a\u00e7\u00f5es MODALIDADE A DIST\u00c2NCIA que ocorram nos meses de\u00a0abril, maio, junho ou julho\/2024 <\/a>\n<a href=\"https:\/\/wp.ufpel.edu.br\/progep\/files\/2024\/04\/SEI_UFPel-2518047-Edital-PROGEP_presencial.pdf\">EDITAL PROGEP CDP N\u00ba 2\/2024  &#8211; a\u00e7\u00f5es MODALIDADE PRESENCIAL\u00a0que ocorram nos meses de maio, junho ou julho\/2024<\/a>\n<a href=\"https:\/\/wp.ufpel.edu.br\/progep\/files\/2024\/07\/SEI_UFPel-2621860-Edital-PROGEP-5.2024.pdf\">EDITAL PROGEP CDP N\u00ba 5\/2024 &#8211; a\u00e7\u00f5es MODALIDADE PRESENCIAL que ocorram nos meses de agosto, setembro, outubro ou novembro\/2024<\/a>\n<a href=\"https:\/\/wp.ufpel.edu.br\/progep\/files\/2024\/07\/SEI_UFPel-2650597-Edital-PROGEP-6.2024.pdf\">EDITAL PROGEP CDP N\u00ba 6\/2024 &#8211; a\u00e7\u00f5es MODALIDADE A DIST\u00c2NCIA que ocorram nos meses de agosto, setembro, outubro ou novembro\/2024<\/a>\n\n<\/div>","protected":false},"excerpt":{"rendered":"<p>A\u00e7\u00f5es Externas A p\u00e1gina de A\u00e7\u00f5es Externas \u00e9 voltada para a\u00e7\u00f5es de capacita\u00e7\u00e3o realizadas por servidores(as) fora da Institui\u00e7\u00e3o e apoiadas financeiramente pela UFPel, atrav\u00e9s da disponibiliza\u00e7\u00e3o de editais. Qual o objetivo dos editais? O objetivo \u00e9 oportunizar o desenvolvimento integral dos(as) servidores(as) por meio da capacita\u00e7\u00e3o, mediante aux\u00edlio para participa\u00e7\u00e3o em a\u00e7\u00f5es de capacita\u00e7\u00e3o [&hellip;]<\/p>\n","protected":false},"author":21,"featured_media":0,"parent":79,"menu_order":0,"comment_status":"closed","ping_status":"closed","template":"","meta":{"footnotes":""},"class_list":["post-5791","page","type-page","status-publish","hentry"],"_links":{"self":[{"href":"https:\/\/wp.ufpel.edu.br\/progep\/wp-json\/wp\/v2\/pages\/5791","targetHints":{"allow":["GET"]}}],"collection":[{"href":"https:\/\/wp.ufpel.edu.br\/progep\/wp-json\/wp\/v2\/pages"}],"about":[{"href":"https:\/\/wp.ufpel.edu.br\/progep\/wp-json\/wp\/v2\/types\/page"}],"author":[{"embeddable":true,"href":"https:\/\/wp.ufpel.edu.br\/progep\/wp-json\/wp\/v2\/users\/21"}],"replies":[{"embeddable":true,"href":"https:\/\/wp.ufpel.edu.br\/progep\/wp-json\/wp\/v2\/comments?post=5791"}],"version-history":[{"count":120,"href":"https:\/\/wp.ufpel.edu.br\/progep\/wp-json\/wp\/v2\/pages\/5791\/revisions"}],"predecessor-version":[{"id":35389,"href":"https:\/\/wp.ufpel.edu.br\/progep\/wp-json\/wp\/v2\/pages\/5791\/revisions\/35389"}],"up":[{"embeddable":true,"href":"https:\/\/wp.ufpel.edu.br\/progep\/wp-json\/wp\/v2\/pages\/79"}],"wp:attachment":[{"href":"https:\/\/wp.ufpel.edu.br\/progep\/wp-json\/wp\/v2\/media?parent=5791"}],"curies":[{"name":"wp","href":"https:\/\/api.w.org\/{rel}","templated":true}]}}