{"id":566,"date":"2010-04-23T16:05:09","date_gmt":"2010-04-23T19:05:09","guid":{"rendered":"https:\/\/wp.ufpel.edu.br\/prgrh\/?page_id=566"},"modified":"2013-04-04T12:42:32","modified_gmt":"2013-04-04T15:42:32","slug":"averbacao-tempo-de-servico-em-condicao-insalubre","status":"publish","type":"page","link":"https:\/\/wp.ufpel.edu.br\/progep\/administracao-de-pessoal\/averbacao-tempo-de-servico-em-condicao-insalubre\/","title":{"rendered":"Averba\u00e7\u00e3o de Tempo de Servi\u00e7o em Condi\u00e7\u00e3o Insalubre"},"content":{"rendered":"<p style=\"text-align: justify\">A Pr\u00f3-Reitoria de gest\u00e3o de recursos humanos \u2013 PRGRH, comunica aos servidores da UFPel que conforme disposto na orienta\u00e7\u00e3o normativa n\u00ba 07\/2007 e of\u00edcio- circular n\u00ba 17\/2007, ambos oriundos da Secretaria de Recursos Humanos do Minist\u00e9rio do Planejamento, Or\u00e7amento e Gest\u00e3o, j\u00e1 \u00e9 poss\u00edvel a ufpel averbar, administrativamente, o tempo de servi\u00e7o prestado sob condi\u00e7\u00f5es insalubres durante o per\u00edodo celetista, ou seja, at\u00e9 a data de 11\/12\/1990.<\/p>\n<p style=\"text-align: justify\">Para tanto, o servidor dever\u00e1 solicitar para a PRGRH, atrav\u00e9s de processo administrativo, a averba\u00e7\u00e3o nos seus registros funcionais e a contagem do referido tempo de servi\u00e7o. O processo administrativo dever\u00e1 ser instru\u00eddo com a certid\u00e3o de tempo de servi\u00e7o insalubre (fornecida pela Se\u00e7\u00e3o de Seguran\u00e7a, Higiene e Medicina do Trabalho), solicita\u00e7\u00e3o da referida averba\u00e7\u00e3o e preenchimento, se for o caso, de declara\u00e7\u00e3o que n\u00e3o \u00e9 autor de qualquer tipo de a\u00e7\u00e3o judicial da qual busque o reconhecimento\/contagem\/convers\u00e3o de tempo de servi\u00e7o prestado sob condi\u00e7\u00f5es insalubres na ufpel antes da edi\u00e7\u00e3o da lei n\u00ba 8.112\/90.<\/p>\n<p style=\"text-align: justify\"><a href=\"https:\/\/wp.ufpel.edu.br\/prgrh\/files\/2010\/04\/Averbacao_insalubre_declaracao.doc\" target=\"_blank\">Declara\u00e7\u00e3o &#8211; Averba\u00e7\u00e3o Tempo de Servi\u00e7o em Condi\u00e7\u00e3o Insalubre<\/a><\/p>\n","protected":false},"excerpt":{"rendered":"<p>A Pr\u00f3-Reitoria de gest\u00e3o de recursos humanos \u2013 PRGRH, comunica aos servidores da UFPel que conforme disposto na orienta\u00e7\u00e3o normativa n\u00ba 07\/2007 e of\u00edcio- circular n\u00ba 17\/2007, ambos oriundos da Secretaria de Recursos Humanos do Minist\u00e9rio do Planejamento, Or\u00e7amento e Gest\u00e3o, j\u00e1 \u00e9 poss\u00edvel a ufpel averbar, administrativamente, o tempo de servi\u00e7o prestado sob condi\u00e7\u00f5es [&hellip;]<\/p>\n","protected":false},"author":21,"featured_media":0,"parent":308,"menu_order":0,"comment_status":"closed","ping_status":"closed","template":"","meta":{"footnotes":""},"class_list":["post-566","page","type-page","status-publish","hentry"],"_links":{"self":[{"href":"https:\/\/wp.ufpel.edu.br\/progep\/wp-json\/wp\/v2\/pages\/566","targetHints":{"allow":["GET"]}}],"collection":[{"href":"https:\/\/wp.ufpel.edu.br\/progep\/wp-json\/wp\/v2\/pages"}],"about":[{"href":"https:\/\/wp.ufpel.edu.br\/progep\/wp-json\/wp\/v2\/types\/page"}],"author":[{"embeddable":true,"href":"https:\/\/wp.ufpel.edu.br\/progep\/wp-json\/wp\/v2\/users\/21"}],"replies":[{"embeddable":true,"href":"https:\/\/wp.ufpel.edu.br\/progep\/wp-json\/wp\/v2\/comments?post=566"}],"version-history":[{"count":9,"href":"https:\/\/wp.ufpel.edu.br\/progep\/wp-json\/wp\/v2\/pages\/566\/revisions"}],"predecessor-version":[{"id":33733,"href":"https:\/\/wp.ufpel.edu.br\/progep\/wp-json\/wp\/v2\/pages\/566\/revisions\/33733"}],"up":[{"embeddable":true,"href":"https:\/\/wp.ufpel.edu.br\/progep\/wp-json\/wp\/v2\/pages\/308"}],"wp:attachment":[{"href":"https:\/\/wp.ufpel.edu.br\/progep\/wp-json\/wp\/v2\/media?parent=566"}],"curies":[{"name":"wp","href":"https:\/\/api.w.org\/{rel}","templated":true}]}}