{"id":5616,"date":"2014-05-02T10:04:50","date_gmt":"2014-05-02T13:04:50","guid":{"rendered":"https:\/\/wp.ufpel.edu.br\/progep\/?page_id=5616"},"modified":"2023-01-31T10:18:40","modified_gmt":"2023-01-31T13:18:40","slug":"exames-periodicos","status":"publish","type":"page","link":"https:\/\/wp.ufpel.edu.br\/progep\/csqv\/exames-periodicos\/","title":{"rendered":"Exames Peri\u00f3dicos"},"content":{"rendered":"<p style=\"text-align: left\"><span style=\"font-family: arial, helvetica, sans-serif;font-size: 10pt\"><strong><span style=\"color: #008000\">EXAMES M\u00c9DICOS PERI\u00d3DICOS<\/span><\/strong><\/span><\/p>\n<p style=\"text-align: justify\"><span style=\"font-family: arial, helvetica, sans-serif;font-size: 10pt\">Parte integrante da Pol\u00edtica de Aten\u00e7\u00e3o \u00e0 Sa\u00fade e Seguran\u00e7a do Trabalho do Servidor P\u00fablico Federal, os exames \u00a0integram um conjunto de avalia\u00e7\u00f5es necess\u00e1rias ao acompanhamento da sa\u00fade dos servidores e objetivam, prioritariamente, a preserva\u00e7\u00e3o da sa\u00fade, a partir da avalia\u00e7\u00e3o m\u00e9dica e a detec\u00e7\u00e3o precoce dos agravos, relacionados ou n\u00e3o ao trabalho, por meio de exames cl\u00ednicos, avalia\u00e7\u00f5es laboratoriais e de imagens, baseados nos fatores de riscos aos quais os servidores poder\u00e3o estar expostos no exerc\u00edcio das diversas atividades no servi\u00e7o p\u00fablico federal.<\/span><\/p>\n<p>Atualmente a execu\u00e7\u00e3o aguarda contrata\u00e7\u00e3o de empresa especializada.<\/p>\n<p style=\"text-align: left\"><span style=\"font-family: arial, helvetica, sans-serif;font-size: 10pt\">\u00a0 \u00a0 \u00a0 \u00a0 \u00a0 \u00a0 \u00a0 \u00a0 \u00a0\u00a0<span style=\"line-height: 1.5em\">\u00a0<\/span><\/span><\/p>\n<p>BASE LEGAL:<\/p>\n<p><span style=\"font-family: arial, helvetica, sans-serif;font-size: 10pt\">Lei n\u00ba 8.112, de 11 de dezembro de 1990;<\/span><\/p>\n<p><span style=\"font-family: arial, helvetica, sans-serif;font-size: 10pt\">Decreto n\u00ba 6.856, de 25 de maio de 2009;<\/span><\/p>\n<p><span style=\"font-family: arial, helvetica, sans-serif;font-size: 10pt\">Portaria Normativa\/SRH n\u00ba 4, de 15 de setembro de 2009.<\/span><\/p>\n<p>&nbsp;<\/p>\n<p style=\"text-align: left\"><span style=\"font-family: arial, helvetica, sans-serif;font-size: 10pt\">Contatos: <\/span><\/p>\n<p style=\"text-align: left\"><span style=\"font-family: arial, helvetica, sans-serif;font-size: 10pt\">csqv@ufpel.edu.br\u00a0<\/span><\/p>\n<p style=\"text-align: left\"><span style=\"font-family: arial, helvetica, sans-serif;font-size: 10pt\"> Telefone 3284-3981.<\/span><\/p>\n<p style=\"text-align: left\">\n","protected":false},"excerpt":{"rendered":"<p>EXAMES M\u00c9DICOS PERI\u00d3DICOS Parte integrante da Pol\u00edtica de Aten\u00e7\u00e3o \u00e0 Sa\u00fade e Seguran\u00e7a do Trabalho do Servidor P\u00fablico Federal, os exames \u00a0integram um conjunto de avalia\u00e7\u00f5es necess\u00e1rias ao acompanhamento da sa\u00fade dos servidores e objetivam, prioritariamente, a preserva\u00e7\u00e3o da sa\u00fade, a partir da avalia\u00e7\u00e3o m\u00e9dica e a detec\u00e7\u00e3o precoce dos agravos, relacionados ou n\u00e3o ao [&hellip;]<\/p>\n","protected":false},"author":246,"featured_media":0,"parent":3669,"menu_order":0,"comment_status":"closed","ping_status":"closed","template":"","meta":{"footnotes":""},"class_list":["post-5616","page","type-page","status-publish","hentry"],"_links":{"self":[{"href":"https:\/\/wp.ufpel.edu.br\/progep\/wp-json\/wp\/v2\/pages\/5616","targetHints":{"allow":["GET"]}}],"collection":[{"href":"https:\/\/wp.ufpel.edu.br\/progep\/wp-json\/wp\/v2\/pages"}],"about":[{"href":"https:\/\/wp.ufpel.edu.br\/progep\/wp-json\/wp\/v2\/types\/page"}],"author":[{"embeddable":true,"href":"https:\/\/wp.ufpel.edu.br\/progep\/wp-json\/wp\/v2\/users\/246"}],"replies":[{"embeddable":true,"href":"https:\/\/wp.ufpel.edu.br\/progep\/wp-json\/wp\/v2\/comments?post=5616"}],"version-history":[{"count":19,"href":"https:\/\/wp.ufpel.edu.br\/progep\/wp-json\/wp\/v2\/pages\/5616\/revisions"}],"predecessor-version":[{"id":22350,"href":"https:\/\/wp.ufpel.edu.br\/progep\/wp-json\/wp\/v2\/pages\/5616\/revisions\/22350"}],"up":[{"embeddable":true,"href":"https:\/\/wp.ufpel.edu.br\/progep\/wp-json\/wp\/v2\/pages\/3669"}],"wp:attachment":[{"href":"https:\/\/wp.ufpel.edu.br\/progep\/wp-json\/wp\/v2\/media?parent=5616"}],"curies":[{"name":"wp","href":"https:\/\/api.w.org\/{rel}","templated":true}]}}