{"id":5212,"date":"2013-12-10T16:10:12","date_gmt":"2013-12-10T18:10:12","guid":{"rendered":"https:\/\/wp.ufpel.edu.br\/prgrh\/?page_id=5212"},"modified":"2014-09-12T14:48:25","modified_gmt":"2014-09-12T17:48:25","slug":"funpresp-exe","status":"publish","type":"page","link":"https:\/\/wp.ufpel.edu.br\/progep\/administracao-de-pessoal\/funpresp-exe\/","title":{"rendered":"FUNPRESP-EXE"},"content":{"rendered":"<p><a href=\"http:\/\/www.funpresp.com.br\/portal\/\"><span style=\"color: #ff9900\"><span style=\"color: #ff9900\">Site da\u00a0FUNPRESP-EXE<\/span><\/span><\/a><\/p>\n<p><span style=\"color: #ff9900\"><a href=\"https:\/\/wp.ufpel.edu.br\/prgrh\/files\/2013\/12\/Funpresp-apresenta\u00e7\u00e3o-UFPEL-06DEZ13-1.rar\"><span style=\"color: #ff9900\">Apresenta\u00e7\u00e3o Funpresp-EXE &#8211; 06.12.13<\/span><\/a><\/span><span style=\"color: #ff9900\"><br \/>\n<\/span><\/p>\n<p>Legisla\u00e7\u00e3o e Normas Aplicadas:<\/p>\n<p><span style=\"color: #ff9900\"><a href=\"http:\/\/www.planalto.gov.br\/ccivil_03\/leis\/lcp\/lcp109.htm\"><span style=\"color: #ff9900\">Lei Complementar n\u00ba. 109\/2001<\/span><\/a><\/span><\/p>\n<p><span style=\"color: #ff9900\"><a href=\"http:\/\/www.planalto.gov.br\/ccivil_03\/_Ato2011-2014\/2012\/Lei\/L12618.htm\"><span style=\"color: #ff9900\">Lei n\u00ba 12.618\/2012<\/span><\/a><\/span><\/p>\n<p><span style=\"color: #ff9900\"><a href=\"http:\/\/www010.dataprev.gov.br\/sislex\/paginas\/63\/MPS-PREVIC\/2013\/44.htm\"><span style=\"color: #ff9900\">Portaria PREVIC n\u00ba 44\/2013<\/span><\/a><\/span><\/p>\n<p><a href=\"https:\/\/wp.ufpel.edu.br\/prgrh\/files\/2013\/12\/Orienta\u00e7\u00e3o-Normativa-n\u00ba.-12-2013.pdf\"><span style=\"color: #ff9900\">Orienta\u00e7\u00e3o Normativa n\u00ba. 12\/2013<\/span><\/a><\/p>\n<p>Formul\u00e1rios Anexos da Orienta\u00e7\u00e3o Normativa n\u00ba. 12-2013<br \/>\n<a style=\"color: #ff9900\" href=\"https:\/\/wp.ufpel.edu.br\/prgrh\/files\/2013\/12\/Orienta\u00e7\u00e3o-Normativa-n\u00ba.-12-2013.pdf\"><br \/>\n<\/a> <span style=\"color: #ff9900\"><a style=\"color: #ff9900\" href=\"https:\/\/wp.ufpel.edu.br\/prgrh\/files\/2013\/12\/Termo-de-Oferta-Ativo-Normal.pdf\"><span style=\"color: #ff9900\">Termo de Oferta &#8211;<\/span><\/a><\/span><a style=\"color: #ff9900\" href=\"https:\/\/wp.ufpel.edu.br\/prgrh\/files\/2013\/12\/Termo-de-Oferta-Ativo-Normal.pdf\"> Ativo N<span style=\"color: #ff9900\">ormal<\/span><\/a><span style=\"color: #ff9900\"><a style=\"color: #ff9900\" href=\"https:\/\/wp.ufpel.edu.br\/prgrh\/files\/2013\/12\/Termo-de-Oferta-Ativo-Normal.pdf\"><span style=\"color: #ff9900\"><br \/>\n<\/span><\/a> <a style=\"color: #ff9900\" href=\"https:\/\/wp.ufpel.edu.br\/prgrh\/files\/2013\/12\/Formulario-de-Inscri\u00e7\u00e3o-Ativo-Normal.pdf\"><span style=\"color: #ff9900\">For<span style=\"color: #ff9900\">m<\/span>ul\u00e1rio de Inscri\u00e7\u00e3o &#8211; Ativo Normal<br \/>\n<\/span><\/a><a href=\"https:\/\/wp.ufpel.edu.br\/prgrh\/files\/2013\/12\/Termo-de-Oferta-Ativo-Alternativo.pdf\"><span style=\"color: #ff9900\">Termo de Oferta &#8211; Ativo Alternativo<\/span><\/a><\/span><\/p>\n<p><span style=\"color: #ff9900\">F<a href=\"https:\/\/wp.ufpel.edu.br\/progep\/files\/2013\/12\/formulario_ativo_alternativo_seguradora.pdf\"><span style=\"color: #ff9900\">ormul\u00e1rio_de Inscri\u00e7\u00e3o &#8211; Ativo_Alternativo<\/span><\/a>\u00a0NOVO<\/span><\/p>\n<p><span style=\"color: #ff9900\"><a href=\"https:\/\/wp.ufpel.edu.br\/prgrh\/files\/2013\/12\/Termo-de-Recursa.pdf\"><span style=\"color: #ff9900\">Termo de Recursa<\/span><\/a><a href=\"https:\/\/wp.ufpel.edu.br\/prgrh\/files\/2013\/12\/Termo-de-Recursa.pdf\"><span style=\"color: #ff9900\"><br \/>\n<\/span><\/a><a href=\"https:\/\/wp.ufpel.edu.br\/prgrh\/files\/2013\/12\/Requerimento-de-Inscri\u00e7\u00e3o-Ativo-Normal.pdf\"><span style=\"color: #ff9900\">Requerimento de Inscri\u00e7\u00e3o &#8211; Ativo Normal<\/span><\/a><a href=\"https:\/\/wp.ufpel.edu.br\/prgrh\/files\/2013\/12\/Requerimento-de-Inscri\u00e7\u00e3o-Ativo-Normal.pdf\"><span style=\"color: #ff9900\"><br \/>\n<\/span><\/a><a href=\"https:\/\/wp.ufpel.edu.br\/prgrh\/files\/2013\/12\/Requerimento-de-Inscri\u00e7\u00e3o-Ativo-Alternativo.pdf\"><span style=\"color: #ff9900\">Requerimento de Inscri\u00e7\u00e3o &#8211; Ativo Alternativo<\/span><\/a><a href=\"https:\/\/wp.ufpel.edu.br\/prgrh\/files\/2013\/12\/Requerimento-de-Inscri\u00e7\u00e3o-Ativo-Alternativo.pdf\"><span style=\"color: #ff9900\"><br \/>\n<\/span><\/a><a href=\"https:\/\/wp.ufpel.edu.br\/prgrh\/files\/2013\/12\/Requerimento-de-Autopatrocinio.pdf\"><span style=\"color: #ff9900\">Requerimento de Autopatroc\u00ednio<br \/>\n<\/span><\/a><a href=\"https:\/\/wp.ufpel.edu.br\/prgrh\/files\/2013\/12\/Requerimento-de-Cancelamento-de-Autopatroc\u00ednio.pdf\"><span style=\"color: #ff9900\">Requerimento de Cancelamento de Autopatroc\u00ednio<br \/>\n<\/span><\/a><a href=\"https:\/\/wp.ufpel.edu.br\/prgrh\/files\/2013\/12\/Requerimento-de-Contribui\u00e7\u00e3o-Facultativa.pdf\"><span style=\"color: #ff9900\">Requerimento de Contribui\u00e7\u00e3o Facultativa<br \/>\n<\/span><\/a><a href=\"https:\/\/wp.ufpel.edu.br\/prgrh\/files\/2013\/12\/Requerimento-de-Altera\u00e7\u00e3o-de-Sal\u00e1rio-Participa\u00e7\u00e3o-Ativo-Alternativo.pdf\"><span style=\"color: #ff9900\">Requerimento de Altera\u00e7\u00e3o de Sal\u00e1rio Participa\u00e7\u00e3o &#8211; Ativo Alternativo<br \/>\n<\/span><\/a><a href=\"https:\/\/wp.ufpel.edu.br\/prgrh\/files\/2013\/12\/Requerimento-de-Defini\u00e7\u00e3o-de-Sal\u00e1rio-Participa\u00e7\u00e3o-Ativo-Alternativo.pdf\"><span style=\"color: #ff9900\">Requerimento de Defini\u00e7\u00e3o de Sal\u00e1rio Participa\u00e7\u00e3o &#8211; Ativo Alternativo<br \/>\n<\/span><\/a><a href=\"https:\/\/wp.ufpel.edu.br\/prgrh\/files\/2013\/12\/Termo-de-Op\u00e7\u00e3o-pelo-Regime-Regressivo-de-Tributa\u00e7\u00e3o.pdf\"><span style=\"color: #ff9900\">Termo de Op\u00e7\u00e3o pelo Regime Regressivo de Tributa\u00e7\u00e3o<\/span><\/a>\u00a0<\/span><br \/>\n<span style=\"color: #ff9900\"><a href=\"https:\/\/wp.ufpel.edu.br\/prgrh\/files\/2013\/12\/Requerimento-de-Altera\u00e7\u00e3o-de-Percentual-de-Contribui\u00e7\u00e3o.pdf\"><span style=\"color: #ff9900\">Requerimento de Altera\u00e7\u00e3o de Percentual de Contribui\u00e7\u00e3o<br \/>\n<\/span><\/a><a href=\"https:\/\/wp.ufpel.edu.br\/prgrh\/files\/2013\/12\/Requerimento-de-Cancelamento-de-Inscri\u00e7\u00e3o.pdf\"><span style=\"color: #ff9900\">Requerimento de Cancelamento de Inscri\u00e7\u00e3o<\/span><\/a><\/span><\/p>\n","protected":false},"excerpt":{"rendered":"<p>Site da\u00a0FUNPRESP-EXE Apresenta\u00e7\u00e3o Funpresp-EXE &#8211; 06.12.13 Legisla\u00e7\u00e3o e Normas Aplicadas: Lei Complementar n\u00ba. 109\/2001 Lei n\u00ba 12.618\/2012 Portaria PREVIC n\u00ba 44\/2013 Orienta\u00e7\u00e3o Normativa n\u00ba. 12\/2013 Formul\u00e1rios Anexos da Orienta\u00e7\u00e3o Normativa n\u00ba. 12-2013 Termo de Oferta &#8211; Ativo Normal Formul\u00e1rio de Inscri\u00e7\u00e3o &#8211; Ativo Normal Termo de Oferta &#8211; Ativo Alternativo Formul\u00e1rio_de Inscri\u00e7\u00e3o &#8211; Ativo_Alternativo\u00a0NOVO Termo [&hellip;]<\/p>\n","protected":false},"author":52,"featured_media":0,"parent":308,"menu_order":0,"comment_status":"closed","ping_status":"closed","template":"","meta":{"footnotes":""},"class_list":["post-5212","page","type-page","status-publish","hentry"],"_links":{"self":[{"href":"https:\/\/wp.ufpel.edu.br\/progep\/wp-json\/wp\/v2\/pages\/5212","targetHints":{"allow":["GET"]}}],"collection":[{"href":"https:\/\/wp.ufpel.edu.br\/progep\/wp-json\/wp\/v2\/pages"}],"about":[{"href":"https:\/\/wp.ufpel.edu.br\/progep\/wp-json\/wp\/v2\/types\/page"}],"author":[{"embeddable":true,"href":"https:\/\/wp.ufpel.edu.br\/progep\/wp-json\/wp\/v2\/users\/52"}],"replies":[{"embeddable":true,"href":"https:\/\/wp.ufpel.edu.br\/progep\/wp-json\/wp\/v2\/comments?post=5212"}],"version-history":[{"count":15,"href":"https:\/\/wp.ufpel.edu.br\/progep\/wp-json\/wp\/v2\/pages\/5212\/revisions"}],"predecessor-version":[{"id":37021,"href":"https:\/\/wp.ufpel.edu.br\/progep\/wp-json\/wp\/v2\/pages\/5212\/revisions\/37021"}],"up":[{"embeddable":true,"href":"https:\/\/wp.ufpel.edu.br\/progep\/wp-json\/wp\/v2\/pages\/308"}],"wp:attachment":[{"href":"https:\/\/wp.ufpel.edu.br\/progep\/wp-json\/wp\/v2\/media?parent=5212"}],"curies":[{"name":"wp","href":"https:\/\/api.w.org\/{rel}","templated":true}]}}