{"id":4966,"date":"2013-10-23T13:50:50","date_gmt":"2013-10-23T15:50:50","guid":{"rendered":"https:\/\/wp.ufpel.edu.br\/prgrh\/?page_id=4966"},"modified":"2023-01-30T21:10:39","modified_gmt":"2023-01-31T00:10:39","slug":"concessao-de-adicionais-ocupacionais","status":"publish","type":"page","link":"https:\/\/wp.ufpel.edu.br\/progep\/csqv\/concessao-de-adicionais-ocupacionais\/","title":{"rendered":"Concess\u00e3o de Adicionais Ocupacionais"},"content":{"rendered":"<p><strong><span style=\"font-size: 14pt;color: #000000\">Solicita\u00e7\u00e3o de Concess\u00e3o de Insalubridade, Periculosidade, Irradia\u00e7\u00e3o Ionizante e Gratifica\u00e7\u00e3o por Trabalhos em Raios-X e Subst\u00e2ncias Radioativas<\/span><\/strong><\/p>\n<p>COMO SOLICITAR O ADICIONAL?<\/p>\n<p>1. Abrir processo no SEI &gt; Pessoal: Adicional de Insalubridade;<\/p>\n<p>2. Incluir documento &gt; PROGEP Req. Adic. Insalubridade \/ Peric. \/ Rad. (preencher e assinar conjuntamente com a chefia imediata);<\/p>\n<p>3. Encaminhar para a Dire\u00e7\u00e3o da Unidade que dever\u00e1 incluir o documento PROGEP Portaria de Localiza\u00e7\u00e3o de Servidor (se primeira solicita\u00e7\u00e3o) ou PROGEP Declara\u00e7\u00e3o de Localiza\u00e7\u00e3o de Servidor (no caso de revis\u00e3o);<\/p>\n<p>4. Enviar o processo para a CSQV.<\/p>\n<p>5. O (a) Servidor(a) dever\u00e1 aguardar agendamento de entrevista para realiza\u00e7\u00e3o do levantamento individual e do levantamento t\u00e9cnico das condi\u00e7\u00f5es do ambiente de trabalho.<\/p>\n<p>6. Ap\u00f3s as avalia\u00e7\u00f5es, ser\u00e1 emitido o laudo t\u00e9cnico individual\u00a0 pelos profissionais habilitados da CSQV. (M\u00e9dicas ou Engenheiro de Seguran\u00e7a do Trabalho) e ser\u00e1 enviado o processo para ci\u00eancia do(a) servidor(a)<\/p>\n<p>&nbsp;<\/p>\n<p>Observa\u00e7\u00e3o 1: Os laudos emitidos a partir de 14\/02\/2017 seguir\u00e3o a Orienta\u00e7\u00e3o Normativa n\u00ba 4 que revoga a Orienta\u00e7\u00e3o Normativa n\u00ba 6 e estabelece orienta\u00e7\u00e3o sobre a concess\u00e3o dos adicionais de insalubridade, periculosidade, irradia\u00e7\u00e3o ionizante e gratifica\u00e7\u00e3o por trabalhos com raios-X ou subst\u00e2ncias radioativas, e d\u00e1 outras provid\u00eancias.<\/p>\n<p><span style=\"color: #0000ff\"><a style=\"color: #0000ff\" href=\"https:\/\/wp.ufpel.edu.br\/progep\/files\/2013\/10\/Orientacao-Normativa-N\u00b0-4.pdf\">Orienta\u00e7\u00e3o Normativa N\u00b0 4<\/a><\/span><\/p>\n<p style=\"text-align: justify\">Observa\u00e7\u00e3o 2: O(a) Servidor(a) que tiver suprimido o pagamento do Adicional Ocupacional em virtude de altera\u00e7\u00f5es cadastrais, dever\u00e1 abrir processo SEI solicitando a reativa\u00e7\u00e3o do mesmo, incluindo os documentos PROGEP Req. Adic. Insalubridade \/ Peric. \/ Rad. e PROGEP Declara\u00e7\u00e3o de Localiza\u00e7\u00e3o de Servidor.<\/p>\n<p><strong><a href=\"https:\/\/wp.ufpel.edu.br\/progep\/files\/2021\/06\/Descricao-dos-cargos-do-PUCRCE-1.pdf\">Descri\u00e7\u00e3o de Cargos<\/a><\/strong><\/p>\n<p>Informa\u00e7\u00f5es pelo e-mail: csqv@ufpel.edu.br<\/p>\n","protected":false},"excerpt":{"rendered":"<p>Solicita\u00e7\u00e3o de Concess\u00e3o de Insalubridade, Periculosidade, Irradia\u00e7\u00e3o Ionizante e Gratifica\u00e7\u00e3o por Trabalhos em Raios-X e Subst\u00e2ncias Radioativas COMO SOLICITAR O ADICIONAL? 1. Abrir processo no SEI &gt; Pessoal: Adicional de Insalubridade; 2. Incluir documento &gt; PROGEP Req. Adic. Insalubridade \/ Peric. \/ Rad. (preencher e assinar conjuntamente com a chefia imediata); 3. Encaminhar para a [&hellip;]<\/p>\n","protected":false},"author":52,"featured_media":0,"parent":3669,"menu_order":0,"comment_status":"closed","ping_status":"closed","template":"","meta":{"footnotes":""},"class_list":["post-4966","page","type-page","status-publish","hentry"],"_links":{"self":[{"href":"https:\/\/wp.ufpel.edu.br\/progep\/wp-json\/wp\/v2\/pages\/4966","targetHints":{"allow":["GET"]}}],"collection":[{"href":"https:\/\/wp.ufpel.edu.br\/progep\/wp-json\/wp\/v2\/pages"}],"about":[{"href":"https:\/\/wp.ufpel.edu.br\/progep\/wp-json\/wp\/v2\/types\/page"}],"author":[{"embeddable":true,"href":"https:\/\/wp.ufpel.edu.br\/progep\/wp-json\/wp\/v2\/users\/52"}],"replies":[{"embeddable":true,"href":"https:\/\/wp.ufpel.edu.br\/progep\/wp-json\/wp\/v2\/comments?post=4966"}],"version-history":[{"count":33,"href":"https:\/\/wp.ufpel.edu.br\/progep\/wp-json\/wp\/v2\/pages\/4966\/revisions"}],"predecessor-version":[{"id":27578,"href":"https:\/\/wp.ufpel.edu.br\/progep\/wp-json\/wp\/v2\/pages\/4966\/revisions\/27578"}],"up":[{"embeddable":true,"href":"https:\/\/wp.ufpel.edu.br\/progep\/wp-json\/wp\/v2\/pages\/3669"}],"wp:attachment":[{"href":"https:\/\/wp.ufpel.edu.br\/progep\/wp-json\/wp\/v2\/media?parent=4966"}],"curies":[{"name":"wp","href":"https:\/\/api.w.org\/{rel}","templated":true}]}}