{"id":4673,"date":"2013-09-11T12:28:29","date_gmt":"2013-09-11T15:28:29","guid":{"rendered":"https:\/\/wp.ufpel.edu.br\/prgrh\/?page_id=4673"},"modified":"2013-09-13T09:21:11","modified_gmt":"2013-09-13T12:21:11","slug":"roda-de-conversa-chega-mais","status":"publish","type":"page","link":"https:\/\/wp.ufpel.edu.br\/progep\/conversando-sobre-saude-e-qualidade-de-vida\/roda-de-conversa-chega-mais\/","title":{"rendered":"Roda de Conversa &#8220;Chega Mais&#8221;"},"content":{"rendered":"<p><b>Objetivo Geral<\/b><\/p>\n<p>Promover a facilita\u00e7\u00e3o da adapta\u00e7\u00e3o e integra\u00e7\u00e3o de novos servidores (docentes e t\u00e9cnico-administrativos) ao contexto da UFPel.<\/p>\n<p style=\"text-align: center\">Campus Cap\u00e3o do Le\u00e3o &#8211; 10\/09\/2013<\/p>\n<p style=\"text-align: center\"><a href=\"https:\/\/wp.ufpel.edu.br\/prgrh\/files\/2013\/09\/GEDC0748.jpg\"><img class=\"aligncenter size-medium wp-image-4686\" alt=\"GE DIGITAL CAMERA\" src=\"https:\/\/wp.ufpel.edu.br\/prgrh\/files\/2013\/09\/GEDC0748-300x225.jpg\" width=\"300\" height=\"225\" srcset=\"https:\/\/wp.ufpel.edu.br\/progep\/files\/2013\/09\/GEDC0748-300x225.jpg 300w, https:\/\/wp.ufpel.edu.br\/progep\/files\/2013\/09\/GEDC0748-1024x768.jpg 1024w\" sizes=\"(max-width: 300px) 100vw, 300px\" \/><\/a><\/p>\n<p style=\"text-align: center\"><a href=\"https:\/\/wp.ufpel.edu.br\/prgrh\/files\/2013\/09\/GEDC0749.jpg\"><img class=\"aligncenter size-medium wp-image-4687\" alt=\"GE DIGITAL CAMERA\" src=\"https:\/\/wp.ufpel.edu.br\/prgrh\/files\/2013\/09\/GEDC0749-300x225.jpg\" width=\"300\" height=\"225\" srcset=\"https:\/\/wp.ufpel.edu.br\/progep\/files\/2013\/09\/GEDC0749-300x225.jpg 300w, https:\/\/wp.ufpel.edu.br\/progep\/files\/2013\/09\/GEDC0749-1024x768.jpg 1024w\" sizes=\"(max-width: 300px) 100vw, 300px\" \/><\/a><\/p>\n<p style=\"text-align: center\"><a href=\"https:\/\/wp.ufpel.edu.br\/prgrh\/files\/2013\/09\/GEDC0750.jpg\"><img class=\"aligncenter size-medium wp-image-4688\" alt=\"GE DIGITAL CAMERA\" src=\"https:\/\/wp.ufpel.edu.br\/prgrh\/files\/2013\/09\/GEDC0750-300x225.jpg\" width=\"300\" height=\"225\" srcset=\"https:\/\/wp.ufpel.edu.br\/progep\/files\/2013\/09\/GEDC0750-300x225.jpg 300w, https:\/\/wp.ufpel.edu.br\/progep\/files\/2013\/09\/GEDC0750-1024x768.jpg 1024w\" sizes=\"(max-width: 300px) 100vw, 300px\" \/><\/a><\/p>\n<p style=\"text-align: center\">\n","protected":false},"excerpt":{"rendered":"<p>Objetivo Geral Promover a facilita\u00e7\u00e3o da adapta\u00e7\u00e3o e integra\u00e7\u00e3o de novos servidores (docentes e t\u00e9cnico-administrativos) ao contexto da UFPel. Campus Cap\u00e3o do Le\u00e3o &#8211; 10\/09\/2013<\/p>\n","protected":false},"author":246,"featured_media":0,"parent":4004,"menu_order":0,"comment_status":"closed","ping_status":"closed","template":"","meta":{"footnotes":""},"class_list":["post-4673","page","type-page","status-publish","hentry"],"_links":{"self":[{"href":"https:\/\/wp.ufpel.edu.br\/progep\/wp-json\/wp\/v2\/pages\/4673","targetHints":{"allow":["GET"]}}],"collection":[{"href":"https:\/\/wp.ufpel.edu.br\/progep\/wp-json\/wp\/v2\/pages"}],"about":[{"href":"https:\/\/wp.ufpel.edu.br\/progep\/wp-json\/wp\/v2\/types\/page"}],"author":[{"embeddable":true,"href":"https:\/\/wp.ufpel.edu.br\/progep\/wp-json\/wp\/v2\/users\/246"}],"replies":[{"embeddable":true,"href":"https:\/\/wp.ufpel.edu.br\/progep\/wp-json\/wp\/v2\/comments?post=4673"}],"version-history":[{"count":4,"href":"https:\/\/wp.ufpel.edu.br\/progep\/wp-json\/wp\/v2\/pages\/4673\/revisions"}],"predecessor-version":[{"id":37033,"href":"https:\/\/wp.ufpel.edu.br\/progep\/wp-json\/wp\/v2\/pages\/4673\/revisions\/37033"}],"up":[{"embeddable":true,"href":"https:\/\/wp.ufpel.edu.br\/progep\/wp-json\/wp\/v2\/pages\/4004"}],"wp:attachment":[{"href":"https:\/\/wp.ufpel.edu.br\/progep\/wp-json\/wp\/v2\/media?parent=4673"}],"curies":[{"name":"wp","href":"https:\/\/api.w.org\/{rel}","templated":true}]}}