{"id":4266,"date":"2013-06-07T17:29:05","date_gmt":"2013-06-07T20:29:05","guid":{"rendered":"https:\/\/wp.ufpel.edu.br\/prgrh\/?page_id=4266"},"modified":"2017-12-20T14:52:31","modified_gmt":"2017-12-20T16:52:31","slug":"formularios","status":"publish","type":"page","link":"https:\/\/wp.ufpel.edu.br\/progep\/administracao-de-pessoal\/formularios\/","title":{"rendered":"Formul\u00e1rios"},"content":{"rendered":"<p style=\"text-align: justify\"><strong><span style=\"color: #ff0000\">FAVOR CONSULTAR O MANUAL DO SERVIDOR DISPON\u00cdVEL NO MENU &#8220;ADMINISTRA\u00c7\u00c3O DE PESSOAL&#8221; ANTES DE PREENCHER QUALQUER UM DOS FORMUL\u00c1RIOS A SEGUIR:<\/span><\/strong><\/p>\n<p style=\"text-align: justify\">O <span style=\"color: #ff9900\"><a style=\"color: #ff9900\" href=\"https:\/\/wp.ufpel.edu.br\/progep\/files\/2017\/12\/Acumulo-de-Cargo.doc\"><span style=\"color: #ff9900\">Formul\u00e1rio de Ac\u00famulo de Cargos e Empregos P\u00fablicos<\/span><\/a><\/span> destina-se ao controle das acumula\u00e7\u00f5es de cargos e\/ou empregos p\u00fablicos.<\/p>\n<p style=\"text-align: justify\">O <span style=\"color: #ff9900\"><a style=\"color: #ff9900\" href=\"https:\/\/wp.ufpel.edu.br\/progep\/files\/2013\/06\/ATUALIZACAO-CADASTRAL-1.pdf\"><span style=\"color: #ff9900\">Formul\u00e1rio de Atualiza\u00e7\u00e3o Cadastral<\/span><\/a><\/span>\u00a0destina-se \u00a0\u00e0 altera\u00e7\u00e3o de endere\u00e7o, telefone e e-mail.<\/p>\n<p style=\"text-align: justify\">O <span style=\"color: #ff9900\"><a style=\"color: #ff9900\" href=\"https:\/\/wp.ufpel.edu.br\/progep\/files\/2013\/06\/ATUALIZACAO-CADASTRAL-ESTADO-CIVIL-1.pdf\"><span style=\"color: #ff9900\">Formul\u00e1rio de Altera\u00e7\u00e3o de Estado Civil<\/span><\/a><\/span>\u00a0 destina-se \u00e0 solicita\u00e7\u00e3o de licen\u00e7a gala e\/ou altera\u00e7\u00e3o de informa\u00e7\u00f5es relacionadas a altera\u00e7\u00e3o de estado civil.<\/p>\n<p style=\"text-align: justify\">O <span style=\"color: #ff9900\"><a style=\"color: #ff9900\" href=\"https:\/\/wp.ufpel.edu.br\/progep\/files\/2013\/06\/Alteracao-de-Conta-Bancaria.pdf\"><span style=\"color: #ff9900\">Formul\u00e1rio de Altera\u00e7\u00e3o de Conta Banc\u00e1ria<\/span><\/a><\/span> destina-se \u00e0 altera\u00e7\u00e3o e\/ou inclus\u00e3o de Conta Sal\u00e1rio e Conta Corrente, para fins de recebimento de sal\u00e1rio e outros pagamentos.<\/p>\n<p style=\"text-align: justify\">O <span style=\"color: #ff9900\"><a style=\"color: #ff9900\" href=\"https:\/\/wp.ufpel.edu.br\/progep\/files\/2013\/06\/DIREITOS-E-VANTAGENS-3.pdf\"><span style=\"color: #ff9900\">Formul\u00e1rio de Direitos e Vantagens<\/span><\/a><\/span>\u00a0\u00a0deve ser utilizado quando se tratar das seguintes solicita\u00e7\u00f5es: Aux\u00edlio \u2013 Natalidade, Licen\u00e7a-Gestante, Prorroga\u00e7\u00e3o da Licen\u00e7a-Gestante, Licen\u00e7a Adotante, Licen\u00e7a Paternidade, Prorroga\u00e7\u00e3o da Licen\u00e7a-Paternidade, Cadastro de Dependente, Licen\u00e7a-Sa\u00fade, Licen\u00e7a para acompanhamento de familiar enfermo, Isen\u00e7\u00e3o de Imposto de Renda por doen\u00e7a especificada em lei (apenas para inativos).<\/p>\n<p style=\"text-align: justify\">O\u00a0<span style=\"color: #ff9900\"><a style=\"color: #ff9900\" href=\"https:\/\/wp.ufpel.edu.br\/progep\/files\/2013\/06\/requerimento-de-auxilio-saude.pdf\"><span style=\"color: #ff9900\">Requerimento de Auxilio Sa\u00fade<\/span><\/a><\/span>\u00a0e <a style=\"color: #ff9900\" href=\"https:\/\/wp.ufpel.edu.br\/progep\/files\/2013\/06\/requerimento-maiores-de-21-anos.pdf\"><span style=\"color: #ff9900\">Requerimento Maiores de 21 anos<\/span><\/a>, devem ser utilizados para ressarcimento do plano de sa\u00fade contratado diretamente pelo servidor ou pensionista.<\/p>\n<p style=\"text-align: justify\">A\u00a0<span style=\"color: #ff9900\"><a style=\"color: #ff9900\" href=\"https:\/\/wp.ufpel.edu.br\/progep\/files\/2013\/06\/Declaracao-Auxilio-Transporte-Modelo-01_17.doc\">Declara\u00e7\u00e3o para Fins de Recebimento de Aux\u00edlio Transporte<\/a>\u00a0<\/span>destina-se ao custeio parcial das despesas di\u00e1rias, realizadas com o transporte coletivo, nos deslocamentos do servidor de sua resid\u00eancia para o local do trabalho e vice-versa.<\/p>\n<p style=\"text-align: justify\">O\u00a0<span style=\"color: #ff9900\"><a style=\"color: #ff9900\" href=\"https:\/\/wp.ufpel.edu.br\/progep\/files\/2017\/09\/Solicitacao-de-atestados.doc\"><span style=\"color: #ff9900\">Formul\u00e1rio de Solicita\u00e7\u00e3o de Atestados<\/span><\/a><\/span>\u00a0destina-se, dentre outras situa\u00e7\u00f5es \u00e0 comprova\u00e7\u00e3o de:\u00a0v\u00ednculo funcional;\u00a0v\u00ednculo para o INSS;\u00a0renda;\u00a0tempo de contribui\u00e7\u00e3o n\u00e3o averbado na Ufpel.<\/p>\n<p style=\"text-align: justify\">O\u00a0<span style=\"color: #ff9900\"><a style=\"color: #ff9900\" href=\"https:\/\/wp.ufpel.edu.br\/progep\/files\/2017\/09\/Formulario-CTC-DTC.doc\"><span style=\"color: #ff9900\">Formul\u00e1rio de Solicita\u00e7\u00e3o de Certid\u00e3o\/Declara\u00e7\u00e3o de Tempo de Contribui\u00e7\u00e3o<\/span><\/a><\/span>\u00a0destina-se apenas a servidores e\/ou contratados que n\u00e3o possuem mais v\u00ednculo com a UFPel.<\/p>\n<p style=\"text-align: justify\">O\u00a0<span style=\"color: #ff9900\"><a style=\"color: #ff9900\" href=\"https:\/\/wp.ufpel.edu.br\/progep\/files\/2013\/06\/FORMULARIO-Vacancias.doc\"><span style=\"color: #ff9900\">Formul\u00e1rio de Solicita\u00e7\u00e3o de Vac\u00e2ncias<\/span><\/a><\/span>\u00a0destina-se aqueles servidores que desejam se desvincular da institui\u00e7\u00e3o na forma dos incisos I e VIII, do art. 33 da <span style=\"color: #ff9900\"><a style=\"color: #ff9900\" href=\"http:\/\/www.planalto.gov.br\/ccivil_03\/leis\/l8112cons.htm\"><span style=\"color: #ff9900\">Lei n\u00ba. 8.112\/1990<\/span><\/a><\/span>.<\/p>\n<p style=\"text-align: justify\">O <span style=\"color: #ff9900\"><a style=\"color: #ff9900\" href=\"https:\/\/wp.ufpel.edu.br\/progep\/files\/2014\/09\/Requerimento-de-Beneficios.pdf\"><span style=\"color: #ff9900\">Requerimento de Benef\u00edcios<\/span><\/a><\/span> destina-se a solicita\u00e7\u00f5es de: Contagem de Tempo de Contribui\u00e7\u00e3o; Averba\u00e7\u00e3o CTC; Abono Perman\u00eancia; Aposentadoria;\u00a0Afastamento Mandato Eletivo; Participa\u00e7\u00e3o em J\u00fari; LICEN\u00c7AS:\u00a0Gala (casamento), Nojo (falecimento), Pr\u00eamio, Incentivada, para Atividade Pol\u00edtica e de Interesse Paticular; AUS\u00caNCIAS: Servi\u00e7o Prestado Justi\u00e7a Eleitoral e Doa\u00e7\u00e3o de Sangue.<\/p>\n<p>O <a href=\"https:\/\/wp.ufpel.edu.br\/progep\/files\/2017\/12\/Formulario-Solicitacao-de-Copias.docx\">Formul\u00e1rio de Solicita\u00e7\u00e3o de C\u00f3pias<\/a> se destina para requerer c\u00f3pias de documentos pertinentes a esta Pr\u00f3-Reitoria.<\/p>\n<p>&nbsp;<\/p>\n<p>&nbsp;<\/p>\n","protected":false},"excerpt":{"rendered":"<p>FAVOR CONSULTAR O MANUAL DO SERVIDOR DISPON\u00cdVEL NO MENU &#8220;ADMINISTRA\u00c7\u00c3O DE PESSOAL&#8221; ANTES DE PREENCHER QUALQUER UM DOS FORMUL\u00c1RIOS A SEGUIR: O Formul\u00e1rio de Ac\u00famulo de Cargos e Empregos P\u00fablicos destina-se ao controle das acumula\u00e7\u00f5es de cargos e\/ou empregos p\u00fablicos. O Formul\u00e1rio de Atualiza\u00e7\u00e3o Cadastral\u00a0destina-se \u00a0\u00e0 altera\u00e7\u00e3o de endere\u00e7o, telefone e e-mail. O Formul\u00e1rio de [&hellip;]<\/p>\n","protected":false},"author":52,"featured_media":0,"parent":308,"menu_order":0,"comment_status":"closed","ping_status":"closed","template":"","meta":{"footnotes":""},"class_list":["post-4266","page","type-page","status-publish","hentry"],"_links":{"self":[{"href":"https:\/\/wp.ufpel.edu.br\/progep\/wp-json\/wp\/v2\/pages\/4266","targetHints":{"allow":["GET"]}}],"collection":[{"href":"https:\/\/wp.ufpel.edu.br\/progep\/wp-json\/wp\/v2\/pages"}],"about":[{"href":"https:\/\/wp.ufpel.edu.br\/progep\/wp-json\/wp\/v2\/types\/page"}],"author":[{"embeddable":true,"href":"https:\/\/wp.ufpel.edu.br\/progep\/wp-json\/wp\/v2\/users\/52"}],"replies":[{"embeddable":true,"href":"https:\/\/wp.ufpel.edu.br\/progep\/wp-json\/wp\/v2\/comments?post=4266"}],"version-history":[{"count":76,"href":"https:\/\/wp.ufpel.edu.br\/progep\/wp-json\/wp\/v2\/pages\/4266\/revisions"}],"predecessor-version":[{"id":37017,"href":"https:\/\/wp.ufpel.edu.br\/progep\/wp-json\/wp\/v2\/pages\/4266\/revisions\/37017"}],"up":[{"embeddable":true,"href":"https:\/\/wp.ufpel.edu.br\/progep\/wp-json\/wp\/v2\/pages\/308"}],"wp:attachment":[{"href":"https:\/\/wp.ufpel.edu.br\/progep\/wp-json\/wp\/v2\/media?parent=4266"}],"curies":[{"name":"wp","href":"https:\/\/api.w.org\/{rel}","templated":true}]}}