{"id":41455,"date":"2026-04-17T17:21:42","date_gmt":"2026-04-17T20:21:42","guid":{"rendered":"https:\/\/wp.ufpel.edu.br\/progep\/?page_id=41455"},"modified":"2026-04-17T17:23:35","modified_gmt":"2026-04-17T20:23:35","slug":"guia-pratico-sobre-acolhimento","status":"publish","type":"page","link":"https:\/\/wp.ufpel.edu.br\/progep\/guia-pratico-sobre-acolhimento\/","title":{"rendered":"Guia Pr\u00e1tico sobre Acolhimento"},"content":{"rendered":"\n<div class=\"wp-block-group\"><div class=\"wp-block-group__inner-container is-layout-constrained wp-block-group-is-layout-constrained\">\n<div class=\"logoTituloModelStyle\"><img class=\"size-medium wp-image-27184 alignleft\" src=\"https:\/\/wp.ufpel.edu.br\/progep\/files\/2025\/03\/logo-progep_atualizacao-nome_AZUL.png\" alt=\"\" \/>\n<div><strong>Guia Pr\u00e1tico sobre Acolhimento<\/strong><\/div>\n<\/div>\n<hr class=\"hrModelStyle\" \/>\n<div class=\"descriptionModelStyle\">Confira o Guia Pr\u00e1tico sobre Acolhimento<\/div>\n<\/div><\/div>\n\n\n<div class=\"guiaDaLiderancaStyle botaoStyle botaoGrandeStyle\">\n<p><a href=\"https:\/\/wp.ufpel.edu.br\/progep\/files\/2026\/04\/Postagem-ou-cartilha-Vitimas-de-violencia-como-acolher.pdf\" target=\"_blank\">Confira aqui o Guia Pr\u00e1tico sobre Acolhimento<\/a>\n<\/div>","protected":false},"excerpt":{"rendered":"<p>Guia Pr\u00e1tico sobre Acolhimento Confira o Guia Pr\u00e1tico sobre Acolhimento Confira aqui o Guia Pr\u00e1tico sobre Acolhimento<\/p>\n","protected":false},"author":21,"featured_media":0,"parent":0,"menu_order":0,"comment_status":"closed","ping_status":"closed","template":"page-sem-sidebar.php","meta":{"footnotes":""},"class_list":["post-41455","page","type-page","status-publish","hentry"],"_links":{"self":[{"href":"https:\/\/wp.ufpel.edu.br\/progep\/wp-json\/wp\/v2\/pages\/41455","targetHints":{"allow":["GET"]}}],"collection":[{"href":"https:\/\/wp.ufpel.edu.br\/progep\/wp-json\/wp\/v2\/pages"}],"about":[{"href":"https:\/\/wp.ufpel.edu.br\/progep\/wp-json\/wp\/v2\/types\/page"}],"author":[{"embeddable":true,"href":"https:\/\/wp.ufpel.edu.br\/progep\/wp-json\/wp\/v2\/users\/21"}],"replies":[{"embeddable":true,"href":"https:\/\/wp.ufpel.edu.br\/progep\/wp-json\/wp\/v2\/comments?post=41455"}],"version-history":[{"count":3,"href":"https:\/\/wp.ufpel.edu.br\/progep\/wp-json\/wp\/v2\/pages\/41455\/revisions"}],"predecessor-version":[{"id":41462,"href":"https:\/\/wp.ufpel.edu.br\/progep\/wp-json\/wp\/v2\/pages\/41455\/revisions\/41462"}],"wp:attachment":[{"href":"https:\/\/wp.ufpel.edu.br\/progep\/wp-json\/wp\/v2\/media?parent=41455"}],"curies":[{"name":"wp","href":"https:\/\/api.w.org\/{rel}","templated":true}]}}