{"id":41343,"date":"2026-04-14T23:10:31","date_gmt":"2026-04-15T02:10:31","guid":{"rendered":"https:\/\/wp.ufpel.edu.br\/progep\/?page_id=41343"},"modified":"2026-04-14T23:10:31","modified_gmt":"2026-04-15T02:10:31","slug":"rascunho-licenca-paternidade-e-prorrogacao","status":"publish","type":"page","link":"https:\/\/wp.ufpel.edu.br\/progep\/rascunho-licenca-paternidade-e-prorrogacao\/","title":{"rendered":"Rascunho: Licen\u00e7a Paternidade e Prorroga\u00e7\u00e3o"},"content":{"rendered":"","protected":false},"excerpt":{"rendered":"","protected":false},"author":21,"featured_media":0,"parent":0,"menu_order":0,"comment_status":"closed","ping_status":"closed","template":"","meta":{"footnotes":""},"class_list":["post-41343","page","type-page","status-publish","hentry"],"_links":{"self":[{"href":"https:\/\/wp.ufpel.edu.br\/progep\/wp-json\/wp\/v2\/pages\/41343","targetHints":{"allow":["GET"]}}],"collection":[{"href":"https:\/\/wp.ufpel.edu.br\/progep\/wp-json\/wp\/v2\/pages"}],"about":[{"href":"https:\/\/wp.ufpel.edu.br\/progep\/wp-json\/wp\/v2\/types\/page"}],"author":[{"embeddable":true,"href":"https:\/\/wp.ufpel.edu.br\/progep\/wp-json\/wp\/v2\/users\/21"}],"replies":[{"embeddable":true,"href":"https:\/\/wp.ufpel.edu.br\/progep\/wp-json\/wp\/v2\/comments?post=41343"}],"version-history":[{"count":1,"href":"https:\/\/wp.ufpel.edu.br\/progep\/wp-json\/wp\/v2\/pages\/41343\/revisions"}],"predecessor-version":[{"id":41345,"href":"https:\/\/wp.ufpel.edu.br\/progep\/wp-json\/wp\/v2\/pages\/41343\/revisions\/41345"}],"wp:attachment":[{"href":"https:\/\/wp.ufpel.edu.br\/progep\/wp-json\/wp\/v2\/media?parent=41343"}],"curies":[{"name":"wp","href":"https:\/\/api.w.org\/{rel}","templated":true}]}}