{"id":41313,"date":"2026-04-14T22:47:39","date_gmt":"2026-04-15T01:47:39","guid":{"rendered":"https:\/\/wp.ufpel.edu.br\/progep\/?page_id=41313"},"modified":"2026-04-14T22:47:39","modified_gmt":"2026-04-15T01:47:39","slug":"rascunho-educacao-em-saude-mental","status":"publish","type":"page","link":"https:\/\/wp.ufpel.edu.br\/progep\/rascunho-educacao-em-saude-mental\/","title":{"rendered":"Rascunho: Educa\u00e7\u00e3o em Sa\u00fade Mental"},"content":{"rendered":"","protected":false},"excerpt":{"rendered":"","protected":false},"author":21,"featured_media":0,"parent":0,"menu_order":0,"comment_status":"closed","ping_status":"closed","template":"","meta":{"footnotes":""},"class_list":["post-41313","page","type-page","status-publish","hentry"],"_links":{"self":[{"href":"https:\/\/wp.ufpel.edu.br\/progep\/wp-json\/wp\/v2\/pages\/41313","targetHints":{"allow":["GET"]}}],"collection":[{"href":"https:\/\/wp.ufpel.edu.br\/progep\/wp-json\/wp\/v2\/pages"}],"about":[{"href":"https:\/\/wp.ufpel.edu.br\/progep\/wp-json\/wp\/v2\/types\/page"}],"author":[{"embeddable":true,"href":"https:\/\/wp.ufpel.edu.br\/progep\/wp-json\/wp\/v2\/users\/21"}],"replies":[{"embeddable":true,"href":"https:\/\/wp.ufpel.edu.br\/progep\/wp-json\/wp\/v2\/comments?post=41313"}],"version-history":[{"count":1,"href":"https:\/\/wp.ufpel.edu.br\/progep\/wp-json\/wp\/v2\/pages\/41313\/revisions"}],"predecessor-version":[{"id":41315,"href":"https:\/\/wp.ufpel.edu.br\/progep\/wp-json\/wp\/v2\/pages\/41313\/revisions\/41315"}],"wp:attachment":[{"href":"https:\/\/wp.ufpel.edu.br\/progep\/wp-json\/wp\/v2\/media?parent=41313"}],"curies":[{"name":"wp","href":"https:\/\/api.w.org\/{rel}","templated":true}]}}