{"id":41298,"date":"2026-04-14T22:37:33","date_gmt":"2026-04-15T01:37:33","guid":{"rendered":"https:\/\/wp.ufpel.edu.br\/progep\/?page_id=41298"},"modified":"2026-04-14T22:37:33","modified_gmt":"2026-04-15T01:37:33","slug":"rascunho-controle-de-lotacoes-de-exercicio","status":"publish","type":"page","link":"https:\/\/wp.ufpel.edu.br\/progep\/rascunho-controle-de-lotacoes-de-exercicio\/","title":{"rendered":"Rascunho: Controle de Lota\u00e7\u00f5es de Exerc\u00edcio"},"content":{"rendered":"","protected":false},"excerpt":{"rendered":"","protected":false},"author":21,"featured_media":0,"parent":0,"menu_order":0,"comment_status":"closed","ping_status":"closed","template":"","meta":{"footnotes":""},"class_list":["post-41298","page","type-page","status-publish","hentry"],"_links":{"self":[{"href":"https:\/\/wp.ufpel.edu.br\/progep\/wp-json\/wp\/v2\/pages\/41298","targetHints":{"allow":["GET"]}}],"collection":[{"href":"https:\/\/wp.ufpel.edu.br\/progep\/wp-json\/wp\/v2\/pages"}],"about":[{"href":"https:\/\/wp.ufpel.edu.br\/progep\/wp-json\/wp\/v2\/types\/page"}],"author":[{"embeddable":true,"href":"https:\/\/wp.ufpel.edu.br\/progep\/wp-json\/wp\/v2\/users\/21"}],"replies":[{"embeddable":true,"href":"https:\/\/wp.ufpel.edu.br\/progep\/wp-json\/wp\/v2\/comments?post=41298"}],"version-history":[{"count":1,"href":"https:\/\/wp.ufpel.edu.br\/progep\/wp-json\/wp\/v2\/pages\/41298\/revisions"}],"predecessor-version":[{"id":41300,"href":"https:\/\/wp.ufpel.edu.br\/progep\/wp-json\/wp\/v2\/pages\/41298\/revisions\/41300"}],"wp:attachment":[{"href":"https:\/\/wp.ufpel.edu.br\/progep\/wp-json\/wp\/v2\/media?parent=41298"}],"curies":[{"name":"wp","href":"https:\/\/api.w.org\/{rel}","templated":true}]}}