{"id":41280,"date":"2026-04-14T18:53:33","date_gmt":"2026-04-14T21:53:33","guid":{"rendered":"https:\/\/wp.ufpel.edu.br\/progep\/?page_id=41280"},"modified":"2026-04-14T18:53:33","modified_gmt":"2026-04-14T21:53:33","slug":"rascunho-averbacao-de-tempo-de-servico-contribuicao","status":"publish","type":"page","link":"https:\/\/wp.ufpel.edu.br\/progep\/rascunho-averbacao-de-tempo-de-servico-contribuicao\/","title":{"rendered":"Rascunho: Averba\u00e7\u00e3o de Tempo de Servi\u00e7o\/Contribui\u00e7\u00e3o"},"content":{"rendered":"","protected":false},"excerpt":{"rendered":"","protected":false},"author":21,"featured_media":0,"parent":0,"menu_order":0,"comment_status":"closed","ping_status":"closed","template":"","meta":{"footnotes":""},"class_list":["post-41280","page","type-page","status-publish","hentry"],"_links":{"self":[{"href":"https:\/\/wp.ufpel.edu.br\/progep\/wp-json\/wp\/v2\/pages\/41280","targetHints":{"allow":["GET"]}}],"collection":[{"href":"https:\/\/wp.ufpel.edu.br\/progep\/wp-json\/wp\/v2\/pages"}],"about":[{"href":"https:\/\/wp.ufpel.edu.br\/progep\/wp-json\/wp\/v2\/types\/page"}],"author":[{"embeddable":true,"href":"https:\/\/wp.ufpel.edu.br\/progep\/wp-json\/wp\/v2\/users\/21"}],"replies":[{"embeddable":true,"href":"https:\/\/wp.ufpel.edu.br\/progep\/wp-json\/wp\/v2\/comments?post=41280"}],"version-history":[{"count":1,"href":"https:\/\/wp.ufpel.edu.br\/progep\/wp-json\/wp\/v2\/pages\/41280\/revisions"}],"predecessor-version":[{"id":41282,"href":"https:\/\/wp.ufpel.edu.br\/progep\/wp-json\/wp\/v2\/pages\/41280\/revisions\/41282"}],"wp:attachment":[{"href":"https:\/\/wp.ufpel.edu.br\/progep\/wp-json\/wp\/v2\/media?parent=41280"}],"curies":[{"name":"wp","href":"https:\/\/api.w.org\/{rel}","templated":true}]}}