{"id":41244,"date":"2026-04-14T18:41:30","date_gmt":"2026-04-14T21:41:30","guid":{"rendered":"https:\/\/wp.ufpel.edu.br\/progep\/?page_id=41244"},"modified":"2026-04-14T18:41:30","modified_gmt":"2026-04-14T21:41:30","slug":"rascunho-ausencia-para-doacao-de-sangue","status":"publish","type":"page","link":"https:\/\/wp.ufpel.edu.br\/progep\/rascunho-ausencia-para-doacao-de-sangue\/","title":{"rendered":"Rascunho: Aus\u00eancia para Doa\u00e7\u00e3o de Sangue"},"content":{"rendered":"","protected":false},"excerpt":{"rendered":"","protected":false},"author":21,"featured_media":0,"parent":0,"menu_order":0,"comment_status":"closed","ping_status":"closed","template":"","meta":{"footnotes":""},"class_list":["post-41244","page","type-page","status-publish","hentry"],"_links":{"self":[{"href":"https:\/\/wp.ufpel.edu.br\/progep\/wp-json\/wp\/v2\/pages\/41244","targetHints":{"allow":["GET"]}}],"collection":[{"href":"https:\/\/wp.ufpel.edu.br\/progep\/wp-json\/wp\/v2\/pages"}],"about":[{"href":"https:\/\/wp.ufpel.edu.br\/progep\/wp-json\/wp\/v2\/types\/page"}],"author":[{"embeddable":true,"href":"https:\/\/wp.ufpel.edu.br\/progep\/wp-json\/wp\/v2\/users\/21"}],"replies":[{"embeddable":true,"href":"https:\/\/wp.ufpel.edu.br\/progep\/wp-json\/wp\/v2\/comments?post=41244"}],"version-history":[{"count":1,"href":"https:\/\/wp.ufpel.edu.br\/progep\/wp-json\/wp\/v2\/pages\/41244\/revisions"}],"predecessor-version":[{"id":41246,"href":"https:\/\/wp.ufpel.edu.br\/progep\/wp-json\/wp\/v2\/pages\/41244\/revisions\/41246"}],"wp:attachment":[{"href":"https:\/\/wp.ufpel.edu.br\/progep\/wp-json\/wp\/v2\/media?parent=41244"}],"curies":[{"name":"wp","href":"https:\/\/api.w.org\/{rel}","templated":true}]}}