{"id":41226,"date":"2026-04-14T18:36:34","date_gmt":"2026-04-14T21:36:34","guid":{"rendered":"https:\/\/wp.ufpel.edu.br\/progep\/?page_id=41226"},"modified":"2026-04-14T18:36:34","modified_gmt":"2026-04-14T21:36:34","slug":"rascunho-alteracao-de-endereco","status":"publish","type":"page","link":"https:\/\/wp.ufpel.edu.br\/progep\/rascunho-alteracao-de-endereco\/","title":{"rendered":"Rascunho: Altera\u00e7\u00e3o de Endere\u00e7o"},"content":{"rendered":"","protected":false},"excerpt":{"rendered":"","protected":false},"author":21,"featured_media":0,"parent":0,"menu_order":0,"comment_status":"closed","ping_status":"closed","template":"","meta":{"footnotes":""},"class_list":["post-41226","page","type-page","status-publish","hentry"],"_links":{"self":[{"href":"https:\/\/wp.ufpel.edu.br\/progep\/wp-json\/wp\/v2\/pages\/41226","targetHints":{"allow":["GET"]}}],"collection":[{"href":"https:\/\/wp.ufpel.edu.br\/progep\/wp-json\/wp\/v2\/pages"}],"about":[{"href":"https:\/\/wp.ufpel.edu.br\/progep\/wp-json\/wp\/v2\/types\/page"}],"author":[{"embeddable":true,"href":"https:\/\/wp.ufpel.edu.br\/progep\/wp-json\/wp\/v2\/users\/21"}],"replies":[{"embeddable":true,"href":"https:\/\/wp.ufpel.edu.br\/progep\/wp-json\/wp\/v2\/comments?post=41226"}],"version-history":[{"count":1,"href":"https:\/\/wp.ufpel.edu.br\/progep\/wp-json\/wp\/v2\/pages\/41226\/revisions"}],"predecessor-version":[{"id":41228,"href":"https:\/\/wp.ufpel.edu.br\/progep\/wp-json\/wp\/v2\/pages\/41226\/revisions\/41228"}],"wp:attachment":[{"href":"https:\/\/wp.ufpel.edu.br\/progep\/wp-json\/wp\/v2\/media?parent=41226"}],"curies":[{"name":"wp","href":"https:\/\/api.w.org\/{rel}","templated":true}]}}