{"id":41140,"date":"2026-04-13T14:52:34","date_gmt":"2026-04-13T17:52:34","guid":{"rendered":"https:\/\/wp.ufpel.edu.br\/progep\/?page_id=41140"},"modified":"2026-04-17T10:32:27","modified_gmt":"2026-04-17T13:32:27","slug":"capacitacao-da-palavra-a-frase-e-ao-paragrafo-a-revisao-textual-em-tres-niveis","status":"publish","type":"page","link":"https:\/\/wp.ufpel.edu.br\/progep\/capacitacao-da-palavra-a-frase-e-ao-paragrafo-a-revisao-textual-em-tres-niveis\/","title":{"rendered":"Capacita\u00e7\u00e3o: Da palavra \u00e0 frase e ao par\u00e1grafo: a revis\u00e3o textual em tr\u00eas n\u00edveis"},"content":{"rendered":"\n<div class=\"wp-block-group\"><div class=\"wp-block-group__inner-container is-layout-constrained wp-block-group-is-layout-constrained\">\n<div class=\"capacitacoes2026\">\n<div class=\"acoesTitle\">\n<div>Da palavra \u00e0 frase e ao par\u00e1grafo: a revis\u00e3o textual em tr\u00eas n\u00edveis<\/div>\n<p>Aprimore a qualidade de sua produ\u00e7\u00e3o textual desenvolvendo um olhar atento aos detalhes estruturais e gramaticais. Inscreva-se!<\/p>\n<hr \/><\/div>\n<div class=\"corpoStyle\">\n<div>\n<p><strong>Facilitador: <\/strong>Giovane Fernandes Oliveira (<em>Docente\/Centro de Letras e Comunica\u00e7\u00e3o\/UFPel<\/em>)<\/p>\n<p><strong>Data de realiza\u00e7\u00e3o<\/strong>: 05\/05\/2026, ter\u00e7a-feira<\/p>\n<p><strong>Hor\u00e1rio: <\/strong> 14h \u00e0s 17h<\/p>\n<p><strong>Carga hor\u00e1ria<\/strong>: 3h<\/p>\n<p><strong>Modalidade: <\/strong> Presencial<\/p>\n<p><strong>Local:\u00a0 <\/strong> Sala 10, Faculdade de Direito (Pra\u00e7a Conselheiro Maciel, n\u00ba 363, entre F\u00e9lix da Cunha e Pe. Anchieta)<\/p>\n<p><strong>Ementa:<br \/><\/strong><span style=\"font-size: revert\">Revis\u00e3o de textos em tr\u00eas n\u00edveis:<\/span><\/p>\n<ul>\n<li>n\u00edvel da palavra;<\/li>\n<li>n\u00edvel da frase;<\/li>\n<li>n\u00edvel do par\u00e1grafo.<\/li>\n<\/ul>\n<p><strong>P\u00fablico Alvo<\/strong>: Pessoas Servidoras ativas e trabalhadores(as) terceirizados(as) da UFPel*.*<\/p>\n<p><strong>Per\u00edodo de inscri\u00e7\u00e3o<\/strong>: 13\/04 a 29\/04<\/p>\n<p><strong>Divulga\u00e7\u00e3o das inscri\u00e7\u00f5es homologadas<\/strong>: 30\/04**, nesta p\u00e1gina.<\/p>\n<\/div>\n<div class=\"coluna2CapAvulsa\">\n<p>*Considerando a Pol\u00edtica Nacional de Desenvolvimento de Pessoas, conforme Decreto n\u00ba 9.991\/19, somente ser\u00e3o certificados(as) os(as) servidores(as) p\u00fablicos(as) pertencentes ao Quadro Efetivo da UFPel;<br \/>** Quando homologadas as inscri\u00e7\u00f5es, os(as) selecionados(as) receber\u00e3o e-mail de confirma\u00e7\u00e3o com instru\u00e7\u00f5es.<\/p>\n<p><strong>Observa\u00e7\u00e3o<\/strong>: A homologa\u00e7\u00e3o das inscri\u00e7\u00f5es dos(as) trabalhadores(as) terceirizados(as) ficar\u00e1 condicionada \u00e0 an\u00e1lise pr\u00e9via e manifesta\u00e7\u00e3o por parte do NUGEST\/PRA.<\/p>\n<p><strong><a href=\"https:\/\/wp.ufpel.edu.br\/progep\/inscricoes-para-curso\/\" target=\"_blank\" rel=\"noopener\">INSCRI\u00c7\u00d5ES AQUI<\/a><\/strong><\/p>\n<p><span style=\"font-size: 14pt\"><strong>Contato:<\/strong> cdp.capacita@ufpel.edu.br<\/span><\/p>\n<\/div>\n<\/div>\n<\/div>\n<\/div><\/div>\n","protected":false},"excerpt":{"rendered":"<p>Da palavra \u00e0 frase e ao par\u00e1grafo: a revis\u00e3o textual em tr\u00eas n\u00edveis Aprimore a qualidade de sua produ\u00e7\u00e3o textual desenvolvendo um olhar atento aos detalhes estruturais e gramaticais. Inscreva-se! Facilitador: Giovane Fernandes Oliveira (Docente\/Centro de Letras e Comunica\u00e7\u00e3o\/UFPel) Data de realiza\u00e7\u00e3o: 05\/05\/2026, ter\u00e7a-feira Hor\u00e1rio: 14h \u00e0s 17h Carga hor\u00e1ria: 3h Modalidade: Presencial Local:\u00a0 Sala [&hellip;]<\/p>\n","protected":false},"author":21,"featured_media":0,"parent":0,"menu_order":0,"comment_status":"closed","ping_status":"closed","template":"page-sem-sidebar.php","meta":{"footnotes":""},"class_list":["post-41140","page","type-page","status-publish","hentry"],"_links":{"self":[{"href":"https:\/\/wp.ufpel.edu.br\/progep\/wp-json\/wp\/v2\/pages\/41140","targetHints":{"allow":["GET"]}}],"collection":[{"href":"https:\/\/wp.ufpel.edu.br\/progep\/wp-json\/wp\/v2\/pages"}],"about":[{"href":"https:\/\/wp.ufpel.edu.br\/progep\/wp-json\/wp\/v2\/types\/page"}],"author":[{"embeddable":true,"href":"https:\/\/wp.ufpel.edu.br\/progep\/wp-json\/wp\/v2\/users\/21"}],"replies":[{"embeddable":true,"href":"https:\/\/wp.ufpel.edu.br\/progep\/wp-json\/wp\/v2\/comments?post=41140"}],"version-history":[{"count":3,"href":"https:\/\/wp.ufpel.edu.br\/progep\/wp-json\/wp\/v2\/pages\/41140\/revisions"}],"predecessor-version":[{"id":41451,"href":"https:\/\/wp.ufpel.edu.br\/progep\/wp-json\/wp\/v2\/pages\/41140\/revisions\/41451"}],"wp:attachment":[{"href":"https:\/\/wp.ufpel.edu.br\/progep\/wp-json\/wp\/v2\/media?parent=41140"}],"curies":[{"name":"wp","href":"https:\/\/api.w.org\/{rel}","templated":true}]}}