{"id":41134,"date":"2026-04-14T18:20:16","date_gmt":"2026-04-14T21:20:16","guid":{"rendered":"https:\/\/wp.ufpel.edu.br\/progep\/?page_id=41134"},"modified":"2026-04-14T18:20:36","modified_gmt":"2026-04-14T21:20:36","slug":"abono-de-permanencia-2","status":"publish","type":"page","link":"https:\/\/wp.ufpel.edu.br\/progep\/abono-de-permanencia-2\/","title":{"rendered":"Rascunho: Abono de Perman\u00eancia"},"content":{"rendered":"\n<div class=\"wp-block-group\"><div class=\"wp-block-group__inner-container is-layout-constrained wp-block-group-is-layout-constrained\">\n<div class=\"logoTituloModelStyle\"><img class=\"size-medium wp-image-27184 alignleft\" src=\"https:\/\/wp.ufpel.edu.br\/progep\/files\/2025\/03\/logo-progep_atualizacao-nome_AZUL.png\" alt=\"\" \/><\/p>\n<div><strong>Abono de Perman\u00eancia<\/strong><\/div>\n<\/div>\n<hr class=\"hrModelStyle\" \/>\n<div class=\"descriptionModelStyle\">Descreva a p\u00e1gina nesta se\u00e7\u00e3o. Este \u00e9 um texto de exemplo para visualizar como ficar\u00e1 a informa\u00e7\u00e3o desejada quando posta aqui.<\/div>\n<\/div><\/div>\n","protected":false},"excerpt":{"rendered":"<p>Abono de Perman\u00eancia Descreva a p\u00e1gina nesta se\u00e7\u00e3o. Este \u00e9 um texto de exemplo para visualizar como ficar\u00e1 a informa\u00e7\u00e3o desejada quando posta aqui.<\/p>\n","protected":false},"author":21,"featured_media":0,"parent":0,"menu_order":0,"comment_status":"closed","ping_status":"closed","template":"","meta":{"footnotes":""},"class_list":["post-41134","page","type-page","status-publish","hentry"],"_links":{"self":[{"href":"https:\/\/wp.ufpel.edu.br\/progep\/wp-json\/wp\/v2\/pages\/41134","targetHints":{"allow":["GET"]}}],"collection":[{"href":"https:\/\/wp.ufpel.edu.br\/progep\/wp-json\/wp\/v2\/pages"}],"about":[{"href":"https:\/\/wp.ufpel.edu.br\/progep\/wp-json\/wp\/v2\/types\/page"}],"author":[{"embeddable":true,"href":"https:\/\/wp.ufpel.edu.br\/progep\/wp-json\/wp\/v2\/users\/21"}],"replies":[{"embeddable":true,"href":"https:\/\/wp.ufpel.edu.br\/progep\/wp-json\/wp\/v2\/comments?post=41134"}],"version-history":[{"count":2,"href":"https:\/\/wp.ufpel.edu.br\/progep\/wp-json\/wp\/v2\/pages\/41134\/revisions"}],"predecessor-version":[{"id":41197,"href":"https:\/\/wp.ufpel.edu.br\/progep\/wp-json\/wp\/v2\/pages\/41134\/revisions\/41197"}],"wp:attachment":[{"href":"https:\/\/wp.ufpel.edu.br\/progep\/wp-json\/wp\/v2\/media?parent=41134"}],"curies":[{"name":"wp","href":"https:\/\/api.w.org\/{rel}","templated":true}]}}