{"id":41063,"date":"2026-04-07T11:01:37","date_gmt":"2026-04-07T14:01:37","guid":{"rendered":"https:\/\/wp.ufpel.edu.br\/progep\/?page_id=41063"},"modified":"2026-04-17T09:13:25","modified_gmt":"2026-04-17T12:13:25","slug":"capacitacao-educacao-financeira-planejamento-consumo-e-preparacao-para-investimentos","status":"publish","type":"page","link":"https:\/\/wp.ufpel.edu.br\/progep\/capacitacao-educacao-financeira-planejamento-consumo-e-preparacao-para-investimentos\/","title":{"rendered":"Capacita\u00e7\u00e3o: Educa\u00e7\u00e3o Financeira: Planejamento, Consumo e Prepara\u00e7\u00e3o para Investimentos"},"content":{"rendered":"\n<div class=\"wp-block-group\"><div class=\"wp-block-group__inner-container is-layout-constrained wp-block-group-is-layout-constrained\">\n<div class=\"capacitacoes2026\">\n<div class=\"acoesTitle\">\n<div>Educa\u00e7\u00e3o Financeira: Planejamento, Consumo e Prepara\u00e7\u00e3o para Investimentos<\/div>\n<p>A educa\u00e7\u00e3o financeira \u00e9 indispens\u00e1vel para o equil\u00edbrio econ\u00f4mico e social. Aprenda a tomar decis\u00f5es mais conscientes e transforme a gest\u00e3o do seu patrim\u00f4nio com estrat\u00e9gias pr\u00e1ticas de organiza\u00e7\u00e3o e investimento. Inscreva-se!<\/p>\n<hr \/><\/div>\n<div class=\"corpoStyle\">\n<div>\n<p><strong>Facilitadora: <\/strong>P\u00e2mela Amado Trist\u00e3o (<em>Docente\/Centro de Ci\u00eancias S\u00f3cio-Organizacionais\/UFPel<\/em>)<\/p>\n<p><strong>Data de realiza\u00e7\u00e3o<\/strong>: 27\/04 e 04\/05, segundas-feiras<\/p>\n<p><strong>Hor\u00e1rio: <\/strong>14h \u00e0s 17h<\/p>\n<p><strong>Carga hor\u00e1ria<\/strong>: 6h<\/p>\n<p><strong>N\u00famero de vagas:<\/strong> 35, por ordem de inscri\u00e7\u00e3o<\/p>\n<p><strong>Modalidade: <\/strong> Online.\u00a0<\/p>\n<p><strong>Local:\u00a0 <\/strong> Plataforma Webconf da UFPel<\/p>\n<p><strong>Ementa: <\/strong><\/p>\n<ul>\n<li>Finan\u00e7as pessoais e nossa rela\u00e7\u00e3o com o dinheiro;<\/li>\n<li>Planejamento Financeiro;<\/li>\n<li>Uso do cr\u00e9dito, d\u00edvidas e endividamento;<\/li>\n<li>Poupan\u00e7a, princ\u00edpios de investimento e reserva de emerg\u00eancia.<\/li>\n<\/ul>\n<p><b><strong>Avalia\u00e7\u00e3o:\u00a0<\/strong><\/b>Frequ\u00eancia m\u00ednima de 75% e, participa\u00e7\u00e3o nas discuss\u00f5es, bem como elabora\u00e7\u00e3o das atividades propostas pelo\/a ministrante.<\/p>\n<p><strong>Per\u00edodo de inscri\u00e7\u00e3o<\/strong>: 08\/04 a 23\/04<\/p>\n<p><strong>Divulga\u00e7\u00e3o das inscri\u00e7\u00f5es homologadas<\/strong>: 24\/04**, nesta p\u00e1gina.<\/p>\n<\/div>\n<div class=\"coluna2CapAvulsa\">\n<p><strong>P\u00fablico Alvo<\/strong>: Pessoas servidoras docentes, TAE\u2019s e trabalhadores(as) terceirizados(as) ativos(as) da UFPel*.*<\/p>\n<p>*Considerando a Pol\u00edtica Nacional de Desenvolvimento de Pessoas, conforme Decreto n\u00ba 9.991\/19, somente ser\u00e3o certificados(as) os(as) servidores(as) p\u00fablicos pertencentes ao Quadro Efetivo da UFPel;<br \/>** Quando homologadas as inscri\u00e7\u00f5es, os(as) selecionados(as) receber\u00e3o e-mail de confirma\u00e7\u00e3o com instru\u00e7\u00f5es.<\/p>\n<p><strong>Observa\u00e7\u00e3o<\/strong>: A homologa\u00e7\u00e3o das inscri\u00e7\u00f5es dos(as) trabalhadores(as) terceirizados ficar\u00e1 condicionada \u00e0 an\u00e1lise pr\u00e9via e manifesta\u00e7\u00e3o por parte do NUGEST\/PRA.<\/p>\n<p><strong><a href=\"https:\/\/wp.ufpel.edu.br\/progep\/inscricoes-para-curso\/\" target=\"_blank\" rel=\"noopener\">INSCRI\u00c7\u00d5ES AQUI<\/a><\/strong><\/p>\n<p><span style=\"font-size: 14pt\"><strong>Contato:<\/strong> cdp.capacita@ufpel.edu.br<\/span><\/p>\n<\/div>\n<\/div>\n<\/div>\n<\/div><\/div>\n","protected":false},"excerpt":{"rendered":"<p>Educa\u00e7\u00e3o Financeira: Planejamento, Consumo e Prepara\u00e7\u00e3o para Investimentos A educa\u00e7\u00e3o financeira \u00e9 indispens\u00e1vel para o equil\u00edbrio econ\u00f4mico e social. Aprenda a tomar decis\u00f5es mais conscientes e transforme a gest\u00e3o do seu patrim\u00f4nio com estrat\u00e9gias pr\u00e1ticas de organiza\u00e7\u00e3o e investimento. Inscreva-se! Facilitadora: P\u00e2mela Amado Trist\u00e3o (Docente\/Centro de Ci\u00eancias S\u00f3cio-Organizacionais\/UFPel) Data de realiza\u00e7\u00e3o: 27\/04 e 04\/05, segundas-feiras [&hellip;]<\/p>\n","protected":false},"author":21,"featured_media":0,"parent":0,"menu_order":0,"comment_status":"closed","ping_status":"closed","template":"page-sem-sidebar.php","meta":{"footnotes":""},"class_list":["post-41063","page","type-page","status-publish","hentry"],"_links":{"self":[{"href":"https:\/\/wp.ufpel.edu.br\/progep\/wp-json\/wp\/v2\/pages\/41063","targetHints":{"allow":["GET"]}}],"collection":[{"href":"https:\/\/wp.ufpel.edu.br\/progep\/wp-json\/wp\/v2\/pages"}],"about":[{"href":"https:\/\/wp.ufpel.edu.br\/progep\/wp-json\/wp\/v2\/types\/page"}],"author":[{"embeddable":true,"href":"https:\/\/wp.ufpel.edu.br\/progep\/wp-json\/wp\/v2\/users\/21"}],"replies":[{"embeddable":true,"href":"https:\/\/wp.ufpel.edu.br\/progep\/wp-json\/wp\/v2\/comments?post=41063"}],"version-history":[{"count":3,"href":"https:\/\/wp.ufpel.edu.br\/progep\/wp-json\/wp\/v2\/pages\/41063\/revisions"}],"predecessor-version":[{"id":41443,"href":"https:\/\/wp.ufpel.edu.br\/progep\/wp-json\/wp\/v2\/pages\/41063\/revisions\/41443"}],"wp:attachment":[{"href":"https:\/\/wp.ufpel.edu.br\/progep\/wp-json\/wp\/v2\/media?parent=41063"}],"curies":[{"name":"wp","href":"https:\/\/api.w.org\/{rel}","templated":true}]}}