{"id":41010,"date":"2026-04-01T10:59:49","date_gmt":"2026-04-01T13:59:49","guid":{"rendered":"https:\/\/wp.ufpel.edu.br\/progep\/?page_id=41010"},"modified":"2026-04-02T17:11:37","modified_gmt":"2026-04-02T20:11:37","slug":"capacitacao-seguranca-na-pratica-primeiros-socorros-em-acidentes-de-trabalho","status":"publish","type":"page","link":"https:\/\/wp.ufpel.edu.br\/progep\/capacitacao-seguranca-na-pratica-primeiros-socorros-em-acidentes-de-trabalho\/","title":{"rendered":"Capacita\u00e7\u00e3o: Seguran\u00e7a na Pr\u00e1tica: Primeiros Socorros em Acidentes de Trabalho"},"content":{"rendered":"\n<div class=\"wp-block-group\"><div class=\"wp-block-group__inner-container is-layout-constrained wp-block-group-is-layout-constrained\">\n<div class=\"capacitacoes2026\">\n<div class=\"acoesTitle\">\n<div>Seguran\u00e7a na Pr\u00e1tica: Primeiros Socorros em Acidentes de Trabalho<\/div>\n<p>Esta capacita\u00e7\u00e3o foi desenhada para que voc\u00ea saiba identificar riscos e agir diante de acidentes de trabalho. Garanta sua participa\u00e7\u00e3o e inscreva-se!<\/p>\n<hr \/><\/div>\n<div class=\"corpoStyle\">\n<div>\n<p><strong>Facilitadores(as): <\/strong><br \/>Deciane Pintanela de Carvalho (<em>Enfermeira<\/em>), <br \/>Guilherme Pachon Cavada (<em>Enfermeiro<\/em>),<br \/>Mariane Coelho Amaral (<em>Eng. de Seguran\u00e7a do Trabalho<\/em>),<br \/>Rodrigo Silva Lopes (<em>Eng. de Seguran\u00e7a do Trabalho<\/em>)<br \/>(<em>Equipe da Coordena\u00e7\u00e3o de Sa\u00fade e Qualidade de Vida da UFPel\/UFPel<\/em>).<\/p>\n<p><strong>Data de realiza\u00e7\u00e3o<\/strong>: 28\/04, ter\u00e7a-feira<\/p>\n<p><strong>Hor\u00e1rio: <\/strong> 14h \u00e0s 17h<\/p>\n<p><strong>Carga hor\u00e1ria<\/strong>: 3h<\/p>\n<p><strong>Modalidade: <\/strong>Presencial<\/p>\n<p><strong>Local:\u00a0 <\/strong> Audit\u00f3rio da Reitoria, Campus Anglo da UFPel<\/p>\n<p><strong>Ementa: <\/strong><\/p>\n<ul>\n<li>Riscos qu\u00edmicos, f\u00edsicos e biol\u00f3gicos, mec\u00e2nicos, ergon\u00f4micos e psicossociais;<\/li>\n<li>Introdu\u00e7\u00e3o ao assunto de acidentes de trabalho;<\/li>\n<li>Primeiros socorros em acidentes de trabalho mais comuns;<\/li>\n<li>Procedimentos e fluxo institucional ap\u00f3s acidentes de trabalho.<\/li>\n<\/ul>\n<p><strong>P\u00fablico Alvo<\/strong>: Servidores(as) docentes, TAE\u2019s e trabalhadores(as) terceirizados(as) ativos(as) da UFPel*.*<\/p>\n<\/div>\n<div class=\"coluna2CapAvulsa\">\n<p><strong>Per\u00edodo de inscri\u00e7\u00e3o<\/strong>: 02\/04 a 23\/04<\/p>\n<p><strong>Divulga\u00e7\u00e3o das inscri\u00e7\u00f5es homologadas<\/strong>: 24\/04**, nesta p\u00e1gina.<\/p>\n<p>*Considerando a Pol\u00edtica Nacional de Desenvolvimento de Pessoas, conforme Decreto n\u00ba 9.991\/19, somente ser\u00e3o certificados(as) os(as) servidores(as) p\u00fablicos pertencentes ao Quadro Efetivo da UFPel;<br \/>** Quando homologadas as inscri\u00e7\u00f5es, os(as) selecionados(as) receber\u00e3o e-mail de confirma\u00e7\u00e3o com instru\u00e7\u00f5es.<\/p>\n<p><strong>Observa\u00e7\u00e3o<\/strong>: A homologa\u00e7\u00e3o das inscri\u00e7\u00f5es dos(as) trabalhadores(as) terceirizados ficar\u00e1 condicionada \u00e0 an\u00e1lise pr\u00e9via e manifesta\u00e7\u00e3o por parte do NUGEST\/PRA.<\/p>\n<p><strong><a href=\"https:\/\/wp.ufpel.edu.br\/progep\/inscricoes-para-curso\/\" target=\"_blank\" rel=\"noopener\">INSCRI\u00c7\u00d5ES AQUI<\/a><\/strong><\/p>\n<p><span style=\"font-size: 14pt\"><strong>Contato:<\/strong> cdp.capacita@ufpel.edu.br<\/span><\/p>\n<\/div>\n<\/div>\n<\/div>\n<\/div><\/div>\n","protected":false},"excerpt":{"rendered":"<p>Seguran\u00e7a na Pr\u00e1tica: Primeiros Socorros em Acidentes de Trabalho Esta capacita\u00e7\u00e3o foi desenhada para que voc\u00ea saiba identificar riscos e agir diante de acidentes de trabalho. Garanta sua participa\u00e7\u00e3o e inscreva-se! Facilitadores(as): Deciane Pintanela de Carvalho (Enfermeira), Guilherme Pachon Cavada (Enfermeiro),Mariane Coelho Amaral (Eng. de Seguran\u00e7a do Trabalho),Rodrigo Silva Lopes (Eng. de Seguran\u00e7a do Trabalho)(Equipe [&hellip;]<\/p>\n","protected":false},"author":21,"featured_media":0,"parent":0,"menu_order":0,"comment_status":"closed","ping_status":"closed","template":"page-sem-sidebar.php","meta":{"footnotes":""},"class_list":["post-41010","page","type-page","status-publish","hentry"],"_links":{"self":[{"href":"https:\/\/wp.ufpel.edu.br\/progep\/wp-json\/wp\/v2\/pages\/41010","targetHints":{"allow":["GET"]}}],"collection":[{"href":"https:\/\/wp.ufpel.edu.br\/progep\/wp-json\/wp\/v2\/pages"}],"about":[{"href":"https:\/\/wp.ufpel.edu.br\/progep\/wp-json\/wp\/v2\/types\/page"}],"author":[{"embeddable":true,"href":"https:\/\/wp.ufpel.edu.br\/progep\/wp-json\/wp\/v2\/users\/21"}],"replies":[{"embeddable":true,"href":"https:\/\/wp.ufpel.edu.br\/progep\/wp-json\/wp\/v2\/comments?post=41010"}],"version-history":[{"count":3,"href":"https:\/\/wp.ufpel.edu.br\/progep\/wp-json\/wp\/v2\/pages\/41010\/revisions"}],"predecessor-version":[{"id":41049,"href":"https:\/\/wp.ufpel.edu.br\/progep\/wp-json\/wp\/v2\/pages\/41010\/revisions\/41049"}],"wp:attachment":[{"href":"https:\/\/wp.ufpel.edu.br\/progep\/wp-json\/wp\/v2\/media?parent=41010"}],"curies":[{"name":"wp","href":"https:\/\/api.w.org\/{rel}","templated":true}]}}