{"id":41009,"date":"2026-04-01T11:54:49","date_gmt":"2026-04-01T14:54:49","guid":{"rendered":"https:\/\/wp.ufpel.edu.br\/progep\/?page_id=41009"},"modified":"2026-04-17T09:24:18","modified_gmt":"2026-04-17T12:24:18","slug":"capacitacao-informatica-agil-facilitando-o-uso-do-computador","status":"publish","type":"page","link":"https:\/\/wp.ufpel.edu.br\/progep\/capacitacao-informatica-agil-facilitando-o-uso-do-computador\/","title":{"rendered":"Capacita\u00e7\u00e3o: Inform\u00e1tica \u00c1gil: Facilitando o Uso do Computador"},"content":{"rendered":"\n<div class=\"wp-block-group\"><div class=\"wp-block-group__inner-container is-layout-constrained wp-block-group-is-layout-constrained\">\n<div class=\"capacitacoes2026\">\n<div class=\"acoesTitle\">\n<div>Inform\u00e1tica \u00c1gil: Facilitando o Uso do Computador<\/div>\n<p>O uso do computador faz parte da jornada di\u00e1ria de muitas pessoas servidoras da UFPel. Pensando nisso, convidamos voc\u00ea para participar da capacita\u00e7\u00e3o em Inform\u00e1tica \u00c1gil.<\/p>\n<p>A proposta \u00e9 simples e pr\u00e1tica: ajudar voc\u00ea a realizar as mesmas atividades do dia a dia utilizando menos tempo e menos energia.<\/p>\n<p>O foco da atividade est\u00e1 em atalhos e boas pr\u00e1ticas que podem facilitar seu cotidiano de trabalho, tornando suas tarefas mais r\u00e1pidas e eficientes.<\/p>\n<p>Participe e descubra como otimizar sua rotina!<\/p>\n<hr \/><\/div>\n<div class=\"corpoStyle\">\n<div>\n<p><strong>Facilitador:<\/strong> Arthur Giacobbo Brand\u00e3o (<em>Administrador\/PROGEP\/UFPel<\/em>)<\/p>\n<p><strong>Data de realiza\u00e7\u00e3o<\/strong>: 23\/04\/2026 e 30\/04\/2026, quintas-feiras<\/p>\n<p><strong>Hor\u00e1rio: <\/strong> 8h30min \u00e0s 11h30min<\/p>\n<p><strong>Carga hor\u00e1ria<\/strong>: 6h<\/p>\n<p><strong>N\u00famero de vagas:<\/strong> 15 , por ordem de inscri\u00e7\u00e3o<\/p>\n<p><strong>Modalidade: <\/strong> Presencial\u00a0<\/p>\n<p><strong>Local:\u00a0 <\/strong> Laborat\u00f3rio CLC \u2013 Sala 117, (Campus Anglo)<\/p>\n<p><strong>Ementa: <\/strong>A<span class=\"_aupe copyable-text xkrh14z\">talhos e boas pr\u00e1ticas:<\/span><\/p>\n<ul>\n<li>Aula 1 &#8211; Sistema Operacional (Windows) e Navegadores;<\/li>\n<li>Aula 2 &#8211; Editores de Texto e Planilhas Eletr\u00f4nicas.<\/li>\n<\/ul>\n<p><strong>P\u00fablico Alvo<\/strong>: Servidores(as) docentes, TAE\u2019s e trabalhadores(as) terceirizados(as) ativos(as) da UFPel*.*<\/p>\n<p><strong>Per\u00edodo de inscri\u00e7\u00e3o<\/strong>: 06\/04 a 16\/04<\/p>\n<p><strong>Divulga\u00e7\u00e3o das inscri\u00e7\u00f5es homologadas<\/strong>: 17\/04**, nesta p\u00e1gina.<\/p>\n<\/div>\n<div class=\"coluna2CapAvulsa\">\n<p>*Considerando a Pol\u00edtica Nacional de Desenvolvimento de Pessoas, conforme Decreto n\u00ba 9.991\/19, somente ser\u00e3o certificados(as) os(as) servidores(as) p\u00fablicos pertencentes ao Quadro Efetivo da UFPel;<br \/>** Quando homologadas as inscri\u00e7\u00f5es, os(as) selecionados(as) receber\u00e3o e-mail de confirma\u00e7\u00e3o com instru\u00e7\u00f5es.<\/p>\n<p><strong>Observa\u00e7\u00e3o<\/strong>: A homologa\u00e7\u00e3o das inscri\u00e7\u00f5es dos(as) trabalhadores(as) terceirizados ficar\u00e1 condicionada \u00e0 an\u00e1lise pr\u00e9via e manifesta\u00e7\u00e3o por parte do NUGEST\/PRA.<\/p>\n<p><strong><a href=\"https:\/\/wp.ufpel.edu.br\/progep\/files\/2026\/04\/HOMOLOGACAO-Informatica-Agil_-Facilitando-o-Uso-do-Computador.pdf\">INSCRI\u00c7\u00d5ES HOMOLOGADAS<\/a><\/strong><\/p>\n<p>Inscri\u00e7\u00f5es ainda dispon\u00edveis! Clique no link abaixo:<\/p>\n<p><strong><a href=\"https:\/\/wp.ufpel.edu.br\/progep\/inscricoes-para-curso\/\" target=\"_blank\" rel=\"noopener\">INSCRI\u00c7\u00d5ES AQUI<\/a><\/strong><\/p>\n<p><span style=\"font-size: 14pt\"><strong>Contato:<\/strong> cdp.capacita@ufpel.edu.br<\/span><\/p>\n<\/div>\n<\/div>\n<\/div>\n<\/div><\/div>\n\n\n<p>.<\/p>","protected":false},"excerpt":{"rendered":"<p>Inform\u00e1tica \u00c1gil: Facilitando o Uso do Computador O uso do computador faz parte da jornada di\u00e1ria de muitas pessoas servidoras da UFPel. Pensando nisso, convidamos voc\u00ea para participar da capacita\u00e7\u00e3o em Inform\u00e1tica \u00c1gil. A proposta \u00e9 simples e pr\u00e1tica: ajudar voc\u00ea a realizar as mesmas atividades do dia a dia utilizando menos tempo e menos [&hellip;]<\/p>\n","protected":false},"author":21,"featured_media":0,"parent":0,"menu_order":0,"comment_status":"closed","ping_status":"closed","template":"page-sem-sidebar.php","meta":{"footnotes":""},"class_list":["post-41009","page","type-page","status-publish","hentry"],"_links":{"self":[{"href":"https:\/\/wp.ufpel.edu.br\/progep\/wp-json\/wp\/v2\/pages\/41009","targetHints":{"allow":["GET"]}}],"collection":[{"href":"https:\/\/wp.ufpel.edu.br\/progep\/wp-json\/wp\/v2\/pages"}],"about":[{"href":"https:\/\/wp.ufpel.edu.br\/progep\/wp-json\/wp\/v2\/types\/page"}],"author":[{"embeddable":true,"href":"https:\/\/wp.ufpel.edu.br\/progep\/wp-json\/wp\/v2\/users\/21"}],"replies":[{"embeddable":true,"href":"https:\/\/wp.ufpel.edu.br\/progep\/wp-json\/wp\/v2\/comments?post=41009"}],"version-history":[{"count":3,"href":"https:\/\/wp.ufpel.edu.br\/progep\/wp-json\/wp\/v2\/pages\/41009\/revisions"}],"predecessor-version":[{"id":41447,"href":"https:\/\/wp.ufpel.edu.br\/progep\/wp-json\/wp\/v2\/pages\/41009\/revisions\/41447"}],"wp:attachment":[{"href":"https:\/\/wp.ufpel.edu.br\/progep\/wp-json\/wp\/v2\/media?parent=41009"}],"curies":[{"name":"wp","href":"https:\/\/api.w.org\/{rel}","templated":true}]}}