{"id":40830,"date":"2026-03-13T17:59:54","date_gmt":"2026-03-13T20:59:54","guid":{"rendered":"https:\/\/wp.ufpel.edu.br\/progep\/?page_id=40830"},"modified":"2026-03-13T18:19:21","modified_gmt":"2026-03-13T21:19:21","slug":"nomeacoes-edital-020-2025","status":"publish","type":"page","link":"https:\/\/wp.ufpel.edu.br\/progep\/nomeacoes-edital-020-2025\/","title":{"rendered":"Nomea\u00e7\u00f5es \u2013 Edital 020\/2025"},"content":{"rendered":"\n<div class=\"wp-block-group\"><div class=\"wp-block-group__inner-container is-layout-constrained wp-block-group-is-layout-constrained\">\n<div class=\"logoTituloModelStyle\"><img class=\"size-medium wp-image-27184 alignleft\" src=\"https:\/\/wp.ufpel.edu.br\/progep\/files\/2025\/03\/logo-progep_atualizacao-nome_AZUL.png\" style=\"padding:0\" alt=\"\" \/><\/p>\n<div style=\"padding:2rem 0\"><strong>Nomea\u00e7\u00f5es &#8211; Edital 020\/2025<\/strong><\/div>\n<\/div>\n<hr class=\"hrModelStyle\" \/>\n<div class=\"descriptionModelStyle\">Acompanhe nesta p\u00e1gina a publica\u00e7\u00e3o dos\/as nomeados\/as para servidores\/as docentes na UFPEL.<\/div>\n<\/div><\/div>\n\n\n<div class=\"pagNomeacoesStyle\">\n<div class=\"cargosNomeConvStyle\">\n<div class=\"cargosTitleStyle\"> Cargos nesta p\u00e1gina:<\/div>\n<div class=\"tabelasRepoDoc\" style=\"color: black;text-align: center\">\n<span class=\"collapseomatic \" id=\"id69e5c125a2e68\"  tabindex=\"0\" title=\"Cargos deste edital\"    >Cargos deste edital<\/span><div id=\"target-id69e5c125a2e68\" class=\"collapseomatic_content \"> \n<div class=\"cargosStyle\">\n<p>Gravura<\/p>\n  <p>Piano<\/p>\n  <p>Medidas El\u00e9tricas, Magn\u00e9ticas e Eletr\u00f4nicas, Instrumenta\u00e7\u00e3o OU Eletr\u00f4nica Industrial, Sistemas e Controles Eletr\u00f4nicos OU Telecomunica\u00e7\u00f5es<\/p>\n  <p>Geocartografia<\/p>\n  <p>Ci\u00eancias Agr\u00e1rias I<\/p>\n  <p>L\u00ednguas Cl\u00e1ssicas (Latim)<\/p>\n  <p>Literaturas Estrangeiras Modernas &#8211; Alem\u00e3o OU L\u00ednguas Estrangeiras Modernas &#8211; Alem\u00e3o<\/p>\n  <p>L\u00edteraturas Estrangeiras Modernas &#8211; Ingl\u00eas<\/p>\n  <p>L\u00ednguas Estrangeiras Modernas &#8211; Ingl\u00eas<\/p>\n  <p>M\u00e1quinas e Implementos Agr\u00edcolas OU Mecaniza\u00e7\u00e3o Agr\u00edcola<\/p>\n  <p>Linguagem, Alfabetiza\u00e7\u00e3o e Letramento<\/p>\n  <p>Cirurgia Proctol\u00f3gica<\/p>\n  <p>Gastroenterologia<\/p>\n  <p>Hematologia<\/p>\n  <p>Pediatria<\/p>\n  <p>Psiquiatria\/Psicologia M\u00e9dica<\/p>\n  <p>Ensino de Geografia<\/p>\n  <p>Sociologia<\/p>\n  <p>Filosofia Pol\u00edtica<\/p>\n<\/div>\n<\/div>\n<\/div>\n<\/div>\n<p> Confira a p\u00e1gina com as informa\u00e7\u00f5es a respeito do certame: <\/p>\n<a href=\"https:\/\/ces.ufpel.edu.br\/conctecadmed0020_2025\/\" target=\"_blank\">Certame do Edital 020\/2025<\/a>\n<div class=\"titleStyle\"><strong>Ampla Concorr\u00eancia<\/strong><\/div>\n\n<table id=\"tablepress-211\" class=\"tablepress tablepress-id-211\">\n<thead>\n<tr class=\"row-1\">\n\t<th class=\"column-1\">UNIDADE<\/th><th class=\"column-2\"> \u00c1REA<\/th><th class=\"column-3\">APROVADOS CLASSIFICA\u00c7\u00c3O \/ NOME \/<br \/>\nRESULTADO FINAL<\/th><th class=\"column-4\">SITUA\u00c7\u00c3O<\/th>\n<\/tr>\n<\/thead>\n<tbody class=\"row-striping row-hover\">\n<tr class=\"row-2\">\n\t<td class=\"column-1\"> Curso de Artes Visuais (Bach.)<br \/>\n<strong>CA<\/strong><\/td><td class=\"column-2\">Gravura<\/td><td class=\"column-3\">1\u00ba ALICE PORTO DOS SANTOS - 8,69<\/td><td class=\"column-4\">Nomeada em 20\/03\/2026<\/td>\n<\/tr>\n<tr class=\"row-3\">\n\t<td class=\"column-1\"><\/td><td class=\"column-2\"><\/td><td class=\"column-3\">2\u00ba GLAUCIS DE MORAIS ALMEIDA - 8,05<\/td><td class=\"column-4\"><\/td>\n<\/tr>\n<tr class=\"row-4\">\n\t<td class=\"column-1\"><\/td><td class=\"column-2\"><\/td><td class=\"column-3\">3\u00ba RAQUEL SAMPAIO ALBERTI - 7,29<\/td><td class=\"column-4\"><\/td>\n<\/tr>\n<tr class=\"row-5\">\n\t<td class=\"column-1\">Curso de M\u00fasica (Bach.)<br \/>\n<strong>CA<\/strong><\/td><td class=\"column-2\">Piano<\/td><td class=\"column-3\">1\u00ba CELSO LUIZ BARRUFI DOS SANTOS JUNIOR - 8,91<\/td><td class=\"column-4\">Nomeado em 20\/03\/2026<\/td>\n<\/tr>\n<tr class=\"row-6\">\n\t<td class=\"column-1\"><\/td><td class=\"column-2\"><\/td><td class=\"column-3\">2\u00ba MENAN MEDEIROS DUWE - 7,89<\/td><td class=\"column-4\"><\/td>\n<\/tr>\n<tr class=\"row-7\">\n\t<td class=\"column-1\"><\/td><td class=\"column-2\"><\/td><td class=\"column-3\">3\u00ba LUCAS FARIAS SILVANO - 7,77<\/td><td class=\"column-4\"><\/td>\n<\/tr>\n<tr class=\"row-8\">\n\t<td class=\"column-1\">Curso de Engenharia Eletr\u00f4nica<br \/>\n<strong>CENG<\/strong><\/td><td class=\"column-2\">Medidas El\u00e9tricas, Magn\u00e9ticas e Eletr\u00f4nicas,<br \/>\nInstrumenta\u00e7\u00e3o<br \/>\nOU<br \/>\nEletr\u00f4nica Industrial, Sistemas e Controles<br \/>\nEletr\u00f4nicos<br \/>\nOU Telecomunica\u00e7\u00f5es<\/td><td class=\"column-3\">1\u00ba BERNARDO ANDRES - 6,90<\/td><td class=\"column-4\">Nomeado em 20\/03\/2026<\/td>\n<\/tr>\n<tr class=\"row-9\">\n\t<td class=\"column-1\"><\/td><td class=\"column-2\"><\/td><td class=\"column-3\">2\u00ba CRISTIANO PEGORARO CHENET - 6,33<\/td><td class=\"column-4\"><\/td>\n<\/tr>\n<tr class=\"row-10\">\n\t<td class=\"column-1\"> Curso de Geoprocessamento<br \/>\n<strong>CENG<\/strong><\/td><td class=\"column-2\">Geocartografia<\/td><td class=\"column-3\">1\u00ba HENRIQUE NOGUEZ DA CUNHA - 6,55<\/td><td class=\"column-4\">Nomeado em 20\/03\/2026<\/td>\n<\/tr>\n<tr class=\"row-11\">\n\t<td class=\"column-1\"><\/td><td class=\"column-2\"><\/td><td class=\"column-3\">2\u00ba STEFAN DOMINGUES NACHTIGALL - 6,16<\/td><td class=\"column-4\"><\/td>\n<\/tr>\n<tr class=\"row-12\">\n\t<td class=\"column-1\"> Curso de Engenharia Agr\u00edcola<br \/>\n<strong>CENG<\/strong><\/td><td class=\"column-2\">Ci\u00eancias<br \/>\nAgr\u00e1rias <\/td><td class=\"column-3\"> 1\u00ba MARLON SOARES SIGALES - 9,03<\/td><td class=\"column-4\">Nomeado em 20\/03\/2026<\/td>\n<\/tr>\n<tr class=\"row-13\">\n\t<td class=\"column-1\">Curso de Licenciatura em<br \/>\nLetras - Portugu\u00eas<br \/>\n<strong>CLC<\/strong><\/td><td class=\"column-2\">L\u00ednguas<br \/>\nCl\u00e1ssicas<br \/>\n(Latim)<\/td><td class=\"column-3\">1\u00ba LUCIANA ANTONIA FERREIRA MARINHO - 7,83<\/td><td class=\"column-4\">Nomeada em 20\/03\/2026<\/td>\n<\/tr>\n<tr class=\"row-14\">\n\t<td class=\"column-1\">Curso de Licenciatura em<br \/>\nLetras<br \/>\nPortugu\u00eas e Alem\u00e3o<br \/>\n<strong>CLC<\/strong><\/td><td class=\"column-2\">Literaturas Estrangeiras Modernas - Alem\u00e3o<br \/>\nOU<br \/>\nL\u00ednguas Estrangeiras Modernas - Alem\u00e3o<\/td><td class=\"column-3\">1\u00ba AROLDO GARCIA DOS ANJOS - 8,32<\/td><td class=\"column-4\">Nomeado em 20\/03\/2026<\/td>\n<\/tr>\n<tr class=\"row-15\">\n\t<td class=\"column-1\"><\/td><td class=\"column-2\"><\/td><td class=\"column-3\">2\u00ba MAGAT NAGELO JUNGES - 7,98<\/td><td class=\"column-4\"><\/td>\n<\/tr>\n<tr class=\"row-16\">\n\t<td class=\"column-1\"><\/td><td class=\"column-2\"><\/td><td class=\"column-3\">3\u00ba JUSSARA MARIA HABEL - 7,83<\/td><td class=\"column-4\"><\/td>\n<\/tr>\n<tr class=\"row-17\">\n\t<td class=\"column-1\"><\/td><td class=\"column-2\"><\/td><td class=\"column-3\">4\u00ba FERNANDA VON MUHLEN - 6,95<\/td><td class=\"column-4\"><\/td>\n<\/tr>\n<tr class=\"row-18\">\n\t<td class=\"column-1\"><\/td><td class=\"column-2\"><\/td><td class=\"column-3\">5\u00ba MARINA SUNDFELD PEREIRA - 6,84<\/td><td class=\"column-4\"><\/td>\n<\/tr>\n<tr class=\"row-19\">\n\t<td class=\"column-1\">Curso de Licenciatura<br \/>\nem Letras - Portugu\u00eas e Ingl\u00eas<br \/>\n<strong>CLC<\/strong><\/td><td class=\"column-2\">L\u00edteraturas Estrangeiras Modernas - Ingl\u00eas<\/td><td class=\"column-3\">1\u00ba ALISSON PRETO SOUZA - 7,32<\/td><td class=\"column-4\">Nomeado em 20\/03\/2026<\/td>\n<\/tr>\n<tr class=\"row-20\">\n\t<td class=\"column-1\"><\/td><td class=\"column-2\"><\/td><td class=\"column-3\">2\u00ba PAOLA DA CUNHA NICHELE - 7,02<\/td><td class=\"column-4\"><\/td>\n<\/tr>\n<tr class=\"row-21\">\n\t<td class=\"column-1\"><\/td><td class=\"column-2\"><\/td><td class=\"column-3\">3\u00ba FABIAN QUEVEDO DA ROCHA - 6,75<\/td><td class=\"column-4\"><\/td>\n<\/tr>\n<tr class=\"row-22\">\n\t<td class=\"column-1\">Curso de Licenciatura<br \/>\nem Letras - Portugu\u00eas e Ingl\u00eas<br \/>\n<strong>CLC<\/strong><\/td><td class=\"column-2\">L\u00ednguas Estrangeiras Modernas - Ingl\u00eas<\/td><td class=\"column-3\">Aguarda an\u00e1lise de recursos.<\/td><td class=\"column-4\"><\/td>\n<\/tr>\n<tr class=\"row-23\">\n\t<td class=\"column-1\">Departamento de Engenharia<br \/>\nRural<br \/>\n<strong>FAEM<\/strong><\/td><td class=\"column-2\">M\u00e1quinas e Implementos Agr\u00edcolas<br \/>\nOU<br \/>\nMecaniza\u00e7\u00e3o Agr\u00edcola<\/td><td class=\"column-3\">Aguarda an\u00e1lise de recursos.<\/td><td class=\"column-4\"><\/td>\n<\/tr>\n<tr class=\"row-24\">\n\t<td class=\"column-1\"> Departamento de Ensino<br \/>\n<strong>FAE<\/strong><\/td><td class=\"column-2\"> Linguagem, Alfabetiza\u00e7\u00e3o e Letramento<\/td><td class=\"column-3\">1\u00ba CARMEN REGINA GONCALVES FERREIRA - 9,00<\/td><td class=\"column-4\"><\/td>\n<\/tr>\n<tr class=\"row-25\">\n\t<td class=\"column-1\"><\/td><td class=\"column-2\"><\/td><td class=\"column-3\">2\u00ba TAMIRES PEREIRA DUARTE GOULART - 7,96<\/td><td class=\"column-4\"><\/td>\n<\/tr>\n<tr class=\"row-26\">\n\t<td class=\"column-1\"><\/td><td class=\"column-2\"><\/td><td class=\"column-3\">3\u00ba FERNANDA ARNDT MESENBURG - 7,90<\/td><td class=\"column-4\"><\/td>\n<\/tr>\n<tr class=\"row-27\">\n\t<td class=\"column-1\">Departamento de Cirurgia Geral<br \/>\n<strong>FAMED<\/strong><\/td><td class=\"column-2\"> Cirurgia Proctol\u00f3gica<\/td><td class=\"column-3\">1\u00ba PAOLA MOREIRA DE ALMEIDA - 9,75<\/td><td class=\"column-4\">Nomeada em 20\/03\/2026<\/td>\n<\/tr>\n<tr class=\"row-28\">\n\t<td class=\"column-1\">Departamento de Cl\u00ednica<br \/>\nM\u00e9dica<br \/>\n<strong>FAMED<\/strong><\/td><td class=\"column-2\">Gastroenterologia<\/td><td class=\"column-3\">1\u00ba GABRIELA BREITENBACH DOS SANTOS - 8,63<\/td><td class=\"column-4\">Nomeada em 20\/03\/2026<\/td>\n<\/tr>\n<tr class=\"row-29\">\n\t<td class=\"column-1\">Departamento de Cl\u00ednica<br \/>\nM\u00e9dica<br \/>\n<strong>FAMED<\/strong><\/td><td class=\"column-2\">Hematologia<\/td><td class=\"column-3\"> 1\u00ba GILCA COSTA NACHTIGAL - 9,86<\/td><td class=\"column-4\">Nomeada em 20\/03\/2026<\/td>\n<\/tr>\n<tr class=\"row-30\">\n\t<td class=\"column-1\"> Departamento Materno Infantil<br \/>\n<strong>FAMED<\/strong><\/td><td class=\"column-2\">Pediatria<\/td><td class=\"column-3\"> 1\u00ba LARISSA HALLAL RIBAS - 9,68<br \/>\n2\u00ba JULIANA RUSSO SIMON - 7,86<\/td><td class=\"column-4\">Nomeada em 20\/03\/2026<\/td>\n<\/tr>\n<tr class=\"row-31\">\n\t<td class=\"column-1\"> Departamento Sa\u00fade Mental<br \/>\n<strong>FAMED<\/strong><\/td><td class=\"column-2\">Psiquiatria\/Psicologia M\u00e9dica<\/td><td class=\"column-3\">1\u00ba AUGUSTO MARTINS LUCAS BITTENCOURT - 9,03<\/td><td class=\"column-4\">Nomeado em 20\/03\/2026<\/td>\n<\/tr>\n<tr class=\"row-32\">\n\t<td class=\"column-1\">Departamento de Geografia<br \/>\nI<strong>CH<\/strong><\/td><td class=\"column-2\"> Ensino de Geografia<\/td><td class=\"column-3\">1\u00ba NAT\u00c1LIA LAMPERT BATISTA - 9,55<\/td><td class=\"column-4\"><\/td>\n<\/tr>\n<tr class=\"row-33\">\n\t<td class=\"column-1\"><\/td><td class=\"column-2\"><\/td><td class=\"column-3\">2\u00ba MARCOS BOHRER - 8,79<\/td><td class=\"column-4\"><\/td>\n<\/tr>\n<tr class=\"row-34\">\n\t<td class=\"column-1\"><\/td><td class=\"column-2\"><\/td><td class=\"column-3\">3\u00ba DOMITILA THEIL RADTKE - 8,13<\/td><td class=\"column-4\"><\/td>\n<\/tr>\n<tr class=\"row-35\">\n\t<td class=\"column-1\"><\/td><td class=\"column-2\"><\/td><td class=\"column-3\">4\u00ba CAIO MALISZEWSKI ESCOUTO - 7,13<\/td><td class=\"column-4\"><\/td>\n<\/tr>\n<tr class=\"row-36\">\n\t<td class=\"column-1\">Departamento de Sociologia e<br \/>\nPol\u00edtica<br \/>\n<strong>IFISP<\/strong><\/td><td class=\"column-2\">Sociologia<\/td><td class=\"column-3\">1\u00ba CARLA MICHELE RECH - 8,54<\/td><td class=\"column-4\"><\/td>\n<\/tr>\n<tr class=\"row-37\">\n\t<td class=\"column-1\"><\/td><td class=\"column-2\"><\/td><td class=\"column-3\">2\u00ba ANDREA ANA DO NASCIMENTO** - 8,17<\/td><td class=\"column-4\">Nomeada p\/ CR em 20\/03\/2026<\/td>\n<\/tr>\n<tr class=\"row-38\">\n\t<td class=\"column-1\"><\/td><td class=\"column-2\"><\/td><td class=\"column-3\">3\u00ba GERSON DE LIMA OLIVEIRA - 8,09<\/td><td class=\"column-4\"><\/td>\n<\/tr>\n<tr class=\"row-39\">\n\t<td class=\"column-1\"><\/td><td class=\"column-2\"><\/td><td class=\"column-3\">4\u00ba CAMILA DELLAGNESE PRATES - 7,81<\/td><td class=\"column-4\"><\/td>\n<\/tr>\n<tr class=\"row-40\">\n\t<td class=\"column-1\"> Departamento de Filosofia<br \/>\n<strong>IFISP<\/strong><\/td><td class=\"column-2\">Filosofia Pol\u00edtica<\/td><td class=\"column-3\">1\u00ba DAVID GONCALVES BORGES - 9,53<\/td><td class=\"column-4\">Nomeado em 20\/03\/2026<\/td>\n<\/tr>\n<tr class=\"row-41\">\n\t<td class=\"column-1\"><\/td><td class=\"column-2\"><\/td><td class=\"column-3\">2\u00ba RAFAEL WERNER LOPES *** - 8,46<\/td><td class=\"column-4\">Nomeado em 20\/03\/2026<\/td>\n<\/tr>\n<tr class=\"row-42\">\n\t<td class=\"column-1\"><\/td><td class=\"column-2\"><\/td><td class=\"column-3\">3\u00ba HERMES DA FONSECA - 8,06<\/td><td class=\"column-4\"><\/td>\n<\/tr>\n<tr class=\"row-43\">\n\t<td class=\"column-1\"><\/td><td class=\"column-2\"><\/td><td class=\"column-3\">4\u00ba THAIS CRISTINA ALVES COSTA - 7,94<\/td><td class=\"column-4\"><\/td>\n<\/tr>\n<\/tbody>\n<\/table>\n<!-- #tablepress-211 from cache -->\n<div class=\"titleStyle\"><strong>COTAS RACIAIS<\/strong><\/div>\n\n<table id=\"tablepress-210\" class=\"tablepress tablepress-id-210\">\n<thead>\n<tr class=\"row-1\">\n\t<th class=\"column-1\">\u00c1rea<\/th><th class=\"column-2\">Classifica\u00e7\u00e3o\/Nome<\/th><th class=\"column-3\">Situa\u00e7\u00e3o<\/th>\n<\/tr>\n<\/thead>\n<tbody class=\"row-striping row-hover\">\n<tr class=\"row-2\">\n\t<td class=\"column-1\">Sociologia<\/td><td class=\"column-2\">1\u00ba ANDREA ANA DO NASCIMENTO<\/td><td class=\"column-3\">Nomeada em 20\/03\/2026<\/td>\n<\/tr>\n<tr class=\"row-3\">\n\t<td class=\"column-1\">Sociologia<\/td><td class=\"column-2\">2\u00ba L\u00cdVIO SILVA DE OLIVEIRA<\/td><td class=\"column-3\"><\/td>\n<\/tr>\n<tr class=\"row-4\">\n\t<td class=\"column-1\">Ensino de Geografia<\/td><td class=\"column-2\">3\u00ba SIMONE DA SILVA FLORES<\/td><td class=\"column-3\">Nomeada em 20\/03\/2026<\/td>\n<\/tr>\n<tr class=\"row-5\">\n\t<td class=\"column-1\">Linguagem, Alfabetiza\u00e7\u00e3o e Letramento<\/td><td class=\"column-2\">4\u00ba CAROLINA CHAGAS SCHNEIDER<\/td><td class=\"column-3\">Nomeada em 20\/03\/2026<\/td>\n<\/tr>\n<\/tbody>\n<\/table>\n<!-- #tablepress-210 from cache -->\n<div class=\"titleStyle\"><strong>COTAS PcD<\/strong><\/div>\n\n<table id=\"tablepress-209\" class=\"tablepress tablepress-id-209\">\n<thead>\n<tr class=\"row-1\">\n\t<th class=\"column-1\">\u00c1rea<\/th><th class=\"column-2\">Classifica\u00e7\u00e3o\/Nome<\/th><th class=\"column-3\">Situa\u00e7\u00e3o<\/th>\n<\/tr>\n<\/thead>\n<tbody class=\"row-striping row-hover\">\n<tr class=\"row-2\">\n\t<td class=\"column-1\">Filosofia Pol\u00edtica<\/td><td class=\"column-2\">1\u00ba RAFAEL WERNER LOPES<\/td><td class=\"column-3\">Nomeado em 20\/03\/2026<\/td>\n<\/tr>\n<tr class=\"row-3\">\n\t<td class=\"column-1\">Linguagem, Alfabetiza\u00e7\u00e3o e Letramento<\/td><td class=\"column-2\">2\u00ba ANDREIA HAUDT DA SILVA<\/td><td class=\"column-3\"><\/td>\n<\/tr>\n<\/tbody>\n<\/table>\n<!-- #tablepress-209 from cache -->\n<\/div>","protected":false},"excerpt":{"rendered":"<p>Nomea\u00e7\u00f5es &#8211; Edital 020\/2025 Acompanhe nesta p\u00e1gina a publica\u00e7\u00e3o dos\/as nomeados\/as para servidores\/as docentes na UFPEL. Cargos nesta p\u00e1gina: Confira a p\u00e1gina com as informa\u00e7\u00f5es a respeito do certame: Certame do Edital 020\/2025 Ampla Concorr\u00eancia COTAS RACIAIS COTAS PcD<\/p>\n","protected":false},"author":21,"featured_media":0,"parent":0,"menu_order":0,"comment_status":"closed","ping_status":"closed","template":"","meta":{"footnotes":""},"class_list":["post-40830","page","type-page","status-publish","hentry"],"_links":{"self":[{"href":"https:\/\/wp.ufpel.edu.br\/progep\/wp-json\/wp\/v2\/pages\/40830","targetHints":{"allow":["GET"]}}],"collection":[{"href":"https:\/\/wp.ufpel.edu.br\/progep\/wp-json\/wp\/v2\/pages"}],"about":[{"href":"https:\/\/wp.ufpel.edu.br\/progep\/wp-json\/wp\/v2\/types\/page"}],"author":[{"embeddable":true,"href":"https:\/\/wp.ufpel.edu.br\/progep\/wp-json\/wp\/v2\/users\/21"}],"replies":[{"embeddable":true,"href":"https:\/\/wp.ufpel.edu.br\/progep\/wp-json\/wp\/v2\/comments?post=40830"}],"version-history":[{"count":4,"href":"https:\/\/wp.ufpel.edu.br\/progep\/wp-json\/wp\/v2\/pages\/40830\/revisions"}],"predecessor-version":[{"id":40845,"href":"https:\/\/wp.ufpel.edu.br\/progep\/wp-json\/wp\/v2\/pages\/40830\/revisions\/40845"}],"wp:attachment":[{"href":"https:\/\/wp.ufpel.edu.br\/progep\/wp-json\/wp\/v2\/media?parent=40830"}],"curies":[{"name":"wp","href":"https:\/\/api.w.org\/{rel}","templated":true}]}}