{"id":40818,"date":"2026-03-13T11:21:31","date_gmt":"2026-03-13T14:21:31","guid":{"rendered":"https:\/\/wp.ufpel.edu.br\/progep\/?page_id=40818"},"modified":"2026-03-31T14:50:21","modified_gmt":"2026-03-31T17:50:21","slug":"capacitacao-cultivo-de-microverdes-nutricao-saude-e-bem-estar","status":"publish","type":"page","link":"https:\/\/wp.ufpel.edu.br\/progep\/capacitacao-cultivo-de-microverdes-nutricao-saude-e-bem-estar\/","title":{"rendered":"Capacita\u00e7\u00e3o: Cultivo de microverdes: nutri\u00e7\u00e3o, sa\u00fade e bem-estar"},"content":{"rendered":"\n<div class=\"wp-block-group\"><div class=\"wp-block-group__inner-container is-layout-constrained wp-block-group-is-layout-constrained\">\n<div class=\"capacitacoes2026\">\n<div class=\"acoesTitle\">\n<div>Cultivo de microverdes: nutri\u00e7\u00e3o, sa\u00fade e bem-estar<\/div>\n<p>Nesta capacita\u00e7\u00e3o conhe\u00e7a t\u00e9cnicas de cultivo de microverdes. Prepare-se para promover mais sa\u00fade e qualidade de vida no seu dia a dia. Inscreva-se!<\/p>\n<hr \/><\/div>\n<div class=\"corpoStyle\">\n<div>\n<p><strong>Ministrante: <\/strong> Luciana Bicca Dode (<em>Docente\/Centro de Desenvolvimento Tecnol\u00f3gico\/UFPel<\/em>)<\/p>\n<p><strong>Data de realiza\u00e7\u00e3o<\/strong>: 31\/03\/2026 (ter\u00e7a-feira)<\/p>\n<p><strong>Hor\u00e1rio: <\/strong> 10h \u00e0s 12h<\/p>\n<p><strong>Carga hor\u00e1ria<\/strong>: 2h<\/p>\n<p><strong>Modalidade: <\/strong> Presencial.<\/p>\n<p><strong>Local:\u00a0 <\/strong> Audit\u00f3rio da Reitoria, Campus Anglo da UFPel. Rua Gomes Carneiro, n\u00ba 1.<\/p>\n<p><strong>Ementa: <\/strong><\/p>\n<ul>\n<li>Introdu\u00e7\u00e3o ao Cultivo dom\u00e9stico de microverdes e esp\u00e9cies cultivadas;<\/li>\n<li>Como cultivar;<\/li>\n<li>Impacto do consumo de microverdes na nutri\u00e7\u00e3o, sa\u00fade e bem estar.<\/li>\n<\/ul>\n<p><strong>Per\u00edodo de inscri\u00e7\u00e3o<\/strong>: 13\/03 a 26\/03<\/p>\n<p><strong>Divulga\u00e7\u00e3o das inscri\u00e7\u00f5es homologadas<\/strong>: 27\/03**, nesta p\u00e1gina.<\/p>\n<p><strong>P\u00fablico Alvo<\/strong>: Servidores(as) docentes, TAE\u2019s e trabalhadores(as) terceirizados(as) ativos(as) da UFPel*.*<\/p>\n<\/div>\n<div class=\"coluna2CapAvulsa\">\n<p>*Considerando a Pol\u00edtica Nacional de Desenvolvimento de Pessoas, conforme Decreto n\u00ba 9.991\/19, somente ser\u00e3o certificados(as) os(as) servidores(as) p\u00fablicos pertencentes ao Quadro Efetivo da UFPel;<br \/>** Quando homologadas as inscri\u00e7\u00f5es, os(as) selecionados(as) receber\u00e3o e-mail de confirma\u00e7\u00e3o com instru\u00e7\u00f5es.<\/p>\n<p><strong>Observa\u00e7\u00e3o<\/strong>: A homologa\u00e7\u00e3o das inscri\u00e7\u00f5es dos(as) trabalhadores(as) terceirizados ficar\u00e1 condicionada \u00e0 an\u00e1lise pr\u00e9via e manifesta\u00e7\u00e3o por parte do NUGEST\/PRA.<\/p>\n<p><strong><a href=\"https:\/\/wp.ufpel.edu.br\/progep\/files\/2026\/03\/HOMOLOGACAO-Cultivo-de-microverdes_-nutricao-saude-e-bem-estar.pdf\" target=\"_blank\" rel=\"noopener\">Confira as inscri\u00e7\u00f5es homologadas aqui!<\/a><\/strong><\/p>\n<p><span style=\"font-size: 14pt\"><strong>Contato:<\/strong> cdp.capacita@ufpel.edu.br<\/span><\/p>\n<\/div>\n<\/div>\n<\/div>\n<\/div><\/div>\n","protected":false},"excerpt":{"rendered":"<p>Cultivo de microverdes: nutri\u00e7\u00e3o, sa\u00fade e bem-estar Nesta capacita\u00e7\u00e3o conhe\u00e7a t\u00e9cnicas de cultivo de microverdes. Prepare-se para promover mais sa\u00fade e qualidade de vida no seu dia a dia. Inscreva-se! Ministrante: Luciana Bicca Dode (Docente\/Centro de Desenvolvimento Tecnol\u00f3gico\/UFPel) Data de realiza\u00e7\u00e3o: 31\/03\/2026 (ter\u00e7a-feira) Hor\u00e1rio: 10h \u00e0s 12h Carga hor\u00e1ria: 2h Modalidade: Presencial. Local:\u00a0 Audit\u00f3rio da [&hellip;]<\/p>\n","protected":false},"author":21,"featured_media":0,"parent":0,"menu_order":0,"comment_status":"closed","ping_status":"closed","template":"page-sem-sidebar.php","meta":{"footnotes":""},"class_list":["post-40818","page","type-page","status-publish","hentry"],"_links":{"self":[{"href":"https:\/\/wp.ufpel.edu.br\/progep\/wp-json\/wp\/v2\/pages\/40818","targetHints":{"allow":["GET"]}}],"collection":[{"href":"https:\/\/wp.ufpel.edu.br\/progep\/wp-json\/wp\/v2\/pages"}],"about":[{"href":"https:\/\/wp.ufpel.edu.br\/progep\/wp-json\/wp\/v2\/types\/page"}],"author":[{"embeddable":true,"href":"https:\/\/wp.ufpel.edu.br\/progep\/wp-json\/wp\/v2\/users\/21"}],"replies":[{"embeddable":true,"href":"https:\/\/wp.ufpel.edu.br\/progep\/wp-json\/wp\/v2\/comments?post=40818"}],"version-history":[{"count":3,"href":"https:\/\/wp.ufpel.edu.br\/progep\/wp-json\/wp\/v2\/pages\/40818\/revisions"}],"predecessor-version":[{"id":40990,"href":"https:\/\/wp.ufpel.edu.br\/progep\/wp-json\/wp\/v2\/pages\/40818\/revisions\/40990"}],"wp:attachment":[{"href":"https:\/\/wp.ufpel.edu.br\/progep\/wp-json\/wp\/v2\/media?parent=40818"}],"curies":[{"name":"wp","href":"https:\/\/api.w.org\/{rel}","templated":true}]}}