{"id":40810,"date":"2026-03-12T18:19:20","date_gmt":"2026-03-12T21:19:20","guid":{"rendered":"https:\/\/wp.ufpel.edu.br\/progep\/?page_id=40810"},"modified":"2026-03-12T18:20:56","modified_gmt":"2026-03-12T21:20:56","slug":"cargos-tae-economista","status":"publish","type":"page","link":"https:\/\/wp.ufpel.edu.br\/progep\/cargos-tae-economista\/","title":{"rendered":"Cargos TAE: Economista"},"content":{"rendered":"\n<div class=\"wp-block-group\"><div class=\"wp-block-group__inner-container is-layout-constrained wp-block-group-is-layout-constrained\">\n<div class=\"wp-block-group\"><div class=\"wp-block-group__inner-container is-layout-constrained wp-block-group-is-layout-constrained\">\n<div class=\"logoTituloModelStyle\"><img class=\"size-medium wp-image-27184 alignleft\" src=\"https:\/\/wp.ufpel.edu.br\/progep\/files\/2025\/03\/logo-progep_atualizacao-nome_AZUL.png\" alt=\"\" \/><\/p>\n<div><strong>Economista<\/strong><\/div>\n<\/div>\n<hr class=\"hrModelStyle\" \/>\n<div class=\"descriptionModelStyle\">Esta p\u00e1gina apresenta os dados referentes a carreira dos\/as servidores\/as.<\/div>\n<\/div><\/div>\n\n\n\n<div class=\"cargoDescriptionStyle\">\n<div class=\"infoCargo\">N\u00edvel de Classifica\u00e7\u00e3o:\u00a0<strong>E<\/strong><br \/>Denomina\u00e7\u00e3o do cargo:<br \/><strong>Economista<\/strong><br \/>C\u00f3digo CBO: <strong>2512-05<\/strong><\/div>\n<div class=\"requisitosCargo\"><span style=\"font-size: 16pt;padding-bottom: 0.5rem\"><strong>Requisitos de Qualifica\u00e7\u00e3o para Ingresso no Cargo<\/strong>:<\/span><br \/><strong>Escolaridade<\/strong>: Curso superior em Ci\u00eancias Econ\u00f4micas<br \/><strong>Outros<\/strong>: (&#8211;)<br \/><strong>Habilita\u00e7\u00e3o Profissional:<\/strong> Lei n\u00ba 1.411, de 13 de agosto de 1951 \u2013\nDisp\u00f5e sobre a profiss\u00e3o de Economista. Decreto n\u00ba 31.794, de 21 de no-vembro de 1952 \u2013 Disp\u00f5e sobre a regulamenta\u00e7\u00e3o do exerc\u00edcio da profis-s\u00e3o de Economista. Lei n\u00ba 6.537, de 19 de junho de 1978 &#8211; Altera dispositi-vos da Lei n\u00ba 1.411\/51. Registro no Conselho competente.<\/div>\n<div class=\"descSumaryCargo\"><span style=\"font-size: 16pt;font-weight: bold;padding-bottom: 0.5rem\">Descri\u00e7\u00e3o Sum\u00e1ria do Cargo:<\/span>: Analisar   o   ambiente   econ\u00f4mico;   elaborar   e   executar   projetos   de   pesquisa econ\u00f4mica, de mercado e de viabilidade econ\u00f4mica, dentre outros. Participar do planejamento estrat\u00e9gico e de curto prazo e avaliar pol\u00edticas de impacto coletivo para   o   governo,   ONG   e   outras   organiza\u00e7\u00f5es.   Gerir   programa\u00e7\u00e3o   econ\u00f4mico-financeira;   atuar   nos   mercados   internos   e   externos;   examinar   finan\u00e7as empresariais. Exercer media\u00e7\u00e3o, per\u00edcia e arbitragem. Assessorar nas atividades de ensino, pesquisa e extens\u00e3o.<\/div>\n<div class=\"atividadesCargo\"><span style=\"font-size: 16pt;font-weight: bold\">Descri\u00e7\u00e3o de Atividades T\u00edpicas do Cargo:<\/span>: <br \/>\n\u2022 Analisar ambiente econ\u00f4mico.<br \/>\n<strong>\u2022 Elaborar e executar projetos (pesquisa econ\u00f4mica, de mercados, viabilidade econ\u00f4mica etc).<\/strong><br \/>\n\u2022 Participar do planejamento estrat\u00e9gico e de curto prazo.<br \/>\n<strong>\u2022 Avaliar pol\u00edticas de impacto coletivo (governo, ongs, outras organiza\u00e7\u00f5es).<\/strong><br \/>\n\u2022 Gerir programa\u00e7\u00e3o econ\u00f4mico-financeira.<br \/>\n<strong>\u2022 Examinar finan\u00e7as empresariais e exercer media\u00e7\u00e3o, per\u00edcia e arbitragem.<\/strong><br \/>\n\u2022 Analisar os dados econ\u00f4micos e estat\u00edsticos coletados por diversas fontes e diferentes n\u00edveis, interpretando seu significado e os fen\u00f4menos a\u00ed retratados para decidir sua utiliza\u00e7\u00e3o nas solu\u00e7\u00f5es de problemas ou pol\u00edticas a se-rem adotadas.<br \/>\n<strong>\u2022 Fazer previs\u00f5es de altera\u00e7\u00f5es de procura de bens e servi\u00e7os, pre\u00e7os, taxas, juros, situa\u00e7\u00e3o de mercado de trabalho e outros de interesse econ\u00f4mico, servindo-se de pesquisas, an\u00e1lises e dados estat\u00edsticos para aconselhar ou   propor   pol\u00edticas   econ\u00f4micas   adequadas   \u00e0   natureza   da   Institui\u00e7\u00e3o   \u00e0s mencionadas situa\u00e7\u00f5es.<\/strong><br \/>\n\u2022 Tra\u00e7ar planos econ\u00f4micos, baseando-se nos estudos e an\u00e1lises efetuados e   em   informes   coletados   sobre   os   aspectos   conjunturais   e   estruturais   da economia.<br \/>\n<strong>\u2022 Utilizar recursos de Inform\u00e1tica.<\/strong><br \/>\n\u2022 Executar   outras   tarefas   de   mesma   natureza   e   n\u00edvel   de   complexidade associadas ao ambiente organizacional.<br \/>\n<\/div>\n<\/div>\n\n\n\n<p class=\"wp-block-paragraph\"><\/p>\n<\/div><\/div>\n","protected":false},"excerpt":{"rendered":"<p>Economista Esta p\u00e1gina apresenta os dados referentes a carreira dos\/as servidores\/as. N\u00edvel de Classifica\u00e7\u00e3o:\u00a0EDenomina\u00e7\u00e3o do cargo:EconomistaC\u00f3digo CBO: 2512-05 Requisitos de Qualifica\u00e7\u00e3o para Ingresso no Cargo:Escolaridade: Curso superior em Ci\u00eancias Econ\u00f4micasOutros: (&#8211;)Habilita\u00e7\u00e3o Profissional: Lei n\u00ba 1.411, de 13 de agosto de 1951 \u2013 Disp\u00f5e sobre a profiss\u00e3o de Economista. Decreto n\u00ba 31.794, de 21 de no-vembro [&hellip;]<\/p>\n","protected":false},"author":21,"featured_media":0,"parent":0,"menu_order":0,"comment_status":"closed","ping_status":"closed","template":"","meta":{"_crdt_document":"","footnotes":""},"class_list":["post-40810","page","type-page","status-publish","hentry"],"_links":{"self":[{"href":"https:\/\/wp.ufpel.edu.br\/progep\/wp-json\/wp\/v2\/pages\/40810","targetHints":{"allow":["GET"]}}],"collection":[{"href":"https:\/\/wp.ufpel.edu.br\/progep\/wp-json\/wp\/v2\/pages"}],"about":[{"href":"https:\/\/wp.ufpel.edu.br\/progep\/wp-json\/wp\/v2\/types\/page"}],"author":[{"embeddable":true,"href":"https:\/\/wp.ufpel.edu.br\/progep\/wp-json\/wp\/v2\/users\/21"}],"replies":[{"embeddable":true,"href":"https:\/\/wp.ufpel.edu.br\/progep\/wp-json\/wp\/v2\/comments?post=40810"}],"version-history":[{"count":3,"href":"https:\/\/wp.ufpel.edu.br\/progep\/wp-json\/wp\/v2\/pages\/40810\/revisions"}],"predecessor-version":[{"id":40815,"href":"https:\/\/wp.ufpel.edu.br\/progep\/wp-json\/wp\/v2\/pages\/40810\/revisions\/40815"}],"wp:attachment":[{"href":"https:\/\/wp.ufpel.edu.br\/progep\/wp-json\/wp\/v2\/media?parent=40810"}],"curies":[{"name":"wp","href":"https:\/\/api.w.org\/{rel}","templated":true}]}}