{"id":40785,"date":"2026-03-12T17:33:21","date_gmt":"2026-03-12T20:33:21","guid":{"rendered":"https:\/\/wp.ufpel.edu.br\/progep\/?page_id=40785"},"modified":"2026-03-12T17:33:44","modified_gmt":"2026-03-12T20:33:44","slug":"cargos-tae-tecnico-equipamento-medico-odontologico","status":"publish","type":"page","link":"https:\/\/wp.ufpel.edu.br\/progep\/cargos-tae-tecnico-equipamento-medico-odontologico\/","title":{"rendered":"Cargos TAE: T\u00e9cnico Equipamento M\u00e9dico Odontol\u00f3gico"},"content":{"rendered":"\n<div class=\"wp-block-group\"><div class=\"wp-block-group__inner-container is-layout-constrained wp-block-group-is-layout-constrained\">\n<div class=\"wp-block-group\"><div class=\"wp-block-group__inner-container is-layout-constrained wp-block-group-is-layout-constrained\">\n<div class=\"logoTituloModelStyle\"><img class=\"size-medium wp-image-27184 alignleft\" src=\"https:\/\/wp.ufpel.edu.br\/progep\/files\/2025\/03\/logo-progep_atualizacao-nome_AZUL.png\" alt=\"\" \/><\/p>\n<div style=\"padding: 2rem 0\"><strong>T\u00e9cnico Equipamento M\u00e9dico Odontol\u00f3gico<\/strong><\/div>\n<\/div>\n<hr class=\"hrModelStyle\" \/>\n<div class=\"descriptionModelStyle\">Esta p\u00e1gina apresenta os dados referentes a carreira dos\/as servidores\/as.<\/div>\n<\/div><\/div>\n\n\n\n<div class=\"cargoDescriptionStyle\">\n<div class=\"infoCargo\">N\u00edvel de Classifica\u00e7\u00e3o:\u00a0<strong>D<\/strong><br \/>Denomina\u00e7\u00e3o do cargo:<br \/><strong>T\u00e9cnico Equipamento M\u00e9dico Odontol\u00f3gico<\/strong><br \/>C\u00f3digo CBO: <strong>3141-10<\/strong><\/div>\n<div class=\"requisitosCargo\"><span style=\"font-size: 16pt;padding-bottom: 0.5rem\"><strong>Requisitos de Qualifica\u00e7\u00e3o para Ingresso no Cargo<\/strong>:<\/span><br \/><strong>Escolaridade<\/strong>: M\u00e9dio Profissionalizante ou M\u00e9dio Completo + experi\u00eancia<br \/><strong>Outros<\/strong>: Experi\u00eancia de 12 meses<br \/><strong>Habilita\u00e7\u00e3o Profissional.<\/strong><\/div>\n<div class=\"descSumaryCargo\"><span style=\"font-size: 16pt;font-weight: bold;padding-bottom: 0.5rem\">Descri\u00e7\u00e3o Sum\u00e1ria do Cargo:<\/span><br \/> Elaborar projetos de sistemas eletromec\u00e2nicos; montar e instalar m\u00e1quinas e equipamentos; planejar e realizar manuten\u00e7\u00e3o; desenvolver processos de fabrica\u00e7\u00e3o e montagem.\nAssessorar nas atividades de ensino, pesquisa e extens\u00e3o.<\/div>\n<div class=\"atividadesCargo\"><span style=\"font-size: 16pt;font-weight: bold\">Descri\u00e7\u00e3o de Atividades T\u00edpicas do Cargo:<\/span><br \/>\n\n<strong>\u2022 Elaborar projetos de sistemas eletromec\u00e2nicos:<\/strong>\nInterpretar caracter\u00edsticas t\u00e9cnicas de sistemas el\u00e9tricos do projeto; analisar, com as \u00e1reas de interface do projeto, necessidades dos usu\u00e1rios; analisar rela\u00e7\u00e3o custo x benef\u00edcio; desenvolver projetos de automa\u00e7\u00e3o; utilizar normas t\u00e9cnicas; elaborar desenhos t\u00e9cnicos; especificar materiais e equipamentos, consultando cat\u00e1logos t\u00e9cnicos; definir leiaute; acompanhar a execu\u00e7\u00e3o do projeto; propor altera\u00e7\u00f5es t\u00e9cnicas em projetos implantados.<br \/>\n<strong>\u2022 Montar m\u00e1quinas e equipamentos:<\/strong>\nInterpretar manuais e desenhos; realizar ajustes dimensionais e de posi\u00e7\u00e3o; detectar falhas do projeto; propor altera\u00e7\u00f5es, tendo em vista a agiliza\u00e7\u00e3o de processos de montagem; realizar testes de funcionamento.<br \/>\n<strong>\u2022 Instalar m\u00e1quinas e equipamentos:<\/strong>\nConferir materiais e pe\u00e7as para instala\u00e7\u00e3o; verificar condi\u00e7\u00f5es para instala\u00e7\u00e3o de m\u00e1quinas e equipamentos; coordenar instala\u00e7\u00e3o de m\u00e1quinas e equipamentos; avaliar condi\u00e7\u00f5es de  funcionamento, ap\u00f3s a instala\u00e7\u00e3o; treinar usu\u00e1rios na opera\u00e7\u00e3o de m\u00e1quinas e equipamentos instalados.<br \/>\n<strong>\u2022 Planejar manuten\u00e7\u00e3o:<\/strong>\nInspecionar equipamentos, para a defini\u00e7\u00e3o do tipo de manuten\u00e7\u00e3o; levantar dados de controle de manuten\u00e7\u00e3o; elaborar cronograma de manuten\u00e7\u00e3o; estimar custo da manuten\u00e7\u00e3o;\nprovidenciar pe\u00e7as e materiais para reposi\u00e7\u00e3o; coordenar manuten\u00e7\u00e3o.<br \/>\n<strong>\u2022 Executar manuten\u00e7\u00e3o:<\/strong>\nDetectar falhas em m\u00e1quinas e sistemas; identificar causas de falhas; substituir pe\u00e7as e componentes; fazer ajustes circunstanciais de emerg\u00eancia; propor estudos para elimina\u00e7\u00e3o de falhas repetitivas; colocar m\u00e1quinas e equipamentos em condi\u00e7\u00f5es de funcionamento produtivo.<br \/>\n<strong>\u2022 Elaborar documenta\u00e7\u00e3o t\u00e9cnica:<\/strong>\nRedigir relat\u00f3rios t\u00e9cnicos; utilizar recursos de inform\u00e1tica; fazer listas de verifica\u00e7\u00e3o (check list); elaborar manuais e procedimentos; elaborar folha de processo e de orienta\u00e7\u00e3o.<br \/>\n<strong>\u2022 Realizar compras t\u00e9cnicas:<\/strong>\nDesenvolver fornecedores; analisar or\u00e7amentos; avaliar as condi\u00e7\u00f5es t\u00e9cnicas de contratos e especifica\u00e7\u00e3o de servi\u00e7os; administrar prazos estabelecidos; avaliar desempenho de fornecedores; homologar fornecedores.<br \/>\n<strong>\u2022 Cumprir normas de seguran\u00e7a e de preserva\u00e7\u00e3o ambiental:<\/strong>\nZelar pela utiliza\u00e7\u00e3o de equipamentos de prote\u00e7\u00e3o individual (EPI) e coletivo (EPC); identifi-car condi\u00e7\u00f5es e atos inseguros; destinar, aos locais apropriados, os materiais descart\u00e1veis; sugerir a utiliza\u00e7\u00e3o de materiais e produtos n\u00e3o agressivos ao meio ambiente; manter os pos-tos de trabalho em condi\u00e7\u00f5es seguras.<br \/>\n<strong>\u2022 Utilizar recursos de inform\u00e1tica.<\/strong><br \/>\n<strong>\u2022Executar outras tarefas de mesma natureza e n\u00edvel de complexidade associadas ao ambiente organizacional.<\/strong>\n<\/div>\n<\/div>\n\n\n\n<p><\/p>\n<\/div><\/div>\n","protected":false},"excerpt":{"rendered":"<p>T\u00e9cnico Equipamento M\u00e9dico Odontol\u00f3gico Esta p\u00e1gina apresenta os dados referentes a carreira dos\/as servidores\/as. N\u00edvel de Classifica\u00e7\u00e3o:\u00a0DDenomina\u00e7\u00e3o do cargo:T\u00e9cnico Equipamento M\u00e9dico Odontol\u00f3gicoC\u00f3digo CBO: 3141-10 Requisitos de Qualifica\u00e7\u00e3o para Ingresso no Cargo:Escolaridade: M\u00e9dio Profissionalizante ou M\u00e9dio Completo + experi\u00eanciaOutros: Experi\u00eancia de 12 mesesHabilita\u00e7\u00e3o Profissional. Descri\u00e7\u00e3o Sum\u00e1ria do Cargo: Elaborar projetos de sistemas eletromec\u00e2nicos; montar e instalar [&hellip;]<\/p>\n","protected":false},"author":21,"featured_media":0,"parent":0,"menu_order":0,"comment_status":"closed","ping_status":"closed","template":"","meta":{"footnotes":""},"class_list":["post-40785","page","type-page","status-publish","hentry"],"_links":{"self":[{"href":"https:\/\/wp.ufpel.edu.br\/progep\/wp-json\/wp\/v2\/pages\/40785","targetHints":{"allow":["GET"]}}],"collection":[{"href":"https:\/\/wp.ufpel.edu.br\/progep\/wp-json\/wp\/v2\/pages"}],"about":[{"href":"https:\/\/wp.ufpel.edu.br\/progep\/wp-json\/wp\/v2\/types\/page"}],"author":[{"embeddable":true,"href":"https:\/\/wp.ufpel.edu.br\/progep\/wp-json\/wp\/v2\/users\/21"}],"replies":[{"embeddable":true,"href":"https:\/\/wp.ufpel.edu.br\/progep\/wp-json\/wp\/v2\/comments?post=40785"}],"version-history":[{"count":3,"href":"https:\/\/wp.ufpel.edu.br\/progep\/wp-json\/wp\/v2\/pages\/40785\/revisions"}],"predecessor-version":[{"id":40805,"href":"https:\/\/wp.ufpel.edu.br\/progep\/wp-json\/wp\/v2\/pages\/40785\/revisions\/40805"}],"wp:attachment":[{"href":"https:\/\/wp.ufpel.edu.br\/progep\/wp-json\/wp\/v2\/media?parent=40785"}],"curies":[{"name":"wp","href":"https:\/\/api.w.org\/{rel}","templated":true}]}}