{"id":40736,"date":"2026-03-10T15:49:32","date_gmt":"2026-03-10T18:49:32","guid":{"rendered":"https:\/\/wp.ufpel.edu.br\/progep\/?page_id=40736"},"modified":"2026-03-10T16:18:23","modified_gmt":"2026-03-10T19:18:23","slug":"capacitacao-capacitacao-em-primeiros-socorros-para-servidores-as-da-ufpel","status":"publish","type":"page","link":"https:\/\/wp.ufpel.edu.br\/progep\/capacitacao-capacitacao-em-primeiros-socorros-para-servidores-as-da-ufpel\/","title":{"rendered":"Capacita\u00e7\u00e3o: Capacita\u00e7\u00e3o em Primeiros Socorros para Servidores\/as da UFPEL"},"content":{"rendered":"\n<div class=\"wp-block-group\"><div class=\"wp-block-group__inner-container is-layout-constrained wp-block-group-is-layout-constrained\">\n<div class=\"capacitacoes2026\">\n<div class=\"acoesTitle\">\n<div>Capacita\u00e7\u00e3o em Primeiros Socorros para Servidores\/as da UFPEL<\/div>\n<p>Primeiros Socorros s\u00e3o conhecimentos necess\u00e1rios para o dia a dia. Nesta capacita\u00e7\u00e3o ser\u00e3o abordadas no\u00e7\u00f5es b\u00e1sicas para situa\u00e7\u00f5es de emerg\u00eancias comuns. Venha se capacitar! Inscreva-se!<\/p>\n<hr \/><\/div>\n<div class=\"corpoStyle\">\n<div>\n<p><strong>Facilitador(a): <\/strong>Guilherme Pachon Cavada (<em>Enfermeiro\/Coordena\u00e7\u00e3o de Sa\u00fade e Qualidade de Vida\/UFPel<\/em>) <br \/>Deciane Pintanela de Carvalho (<em>Enfermeira\/Coordena\u00e7\u00e3o de Sa\u00fade e Qualidade de Vida\/UFPel<\/em>)<\/p>\n<p><strong>Data de realiza\u00e7\u00e3o<\/strong>: 14\/04\/2026 (ter\u00e7a-feira)<\/p>\n<p><strong>Hor\u00e1rio: <\/strong> 14h \u00e0s 17h<\/p>\n<p><strong>Carga hor\u00e1ria<\/strong>: 3h<\/p>\n<p><strong>N\u00famero de vagas:<\/strong> 20 (por ordem de inscri\u00e7\u00e3o)<\/p>\n<p><strong>Modalidade: <\/strong> Presencial.<\/p>\n<p><strong>Local:\u00a0 <\/strong> Audit\u00f3rio da Reitoria &#8211; Campus Anglo da UFPel. Rua Gomes Carneiro, n\u00ba 1.<\/p>\n<p><strong>Ementa: <\/strong><\/p>\n<ul>\n<li>No\u00e7\u00f5es b\u00e1sicas de primeiros socorros;<\/li>\n<li>T\u00e9cnica de desengasgo;<\/li>\n<li>Capacita\u00e7\u00e3o em Parada Cardiorrespirat\u00f3ria;<\/li>\n<li>Como manejar crises convulsivas;<\/li>\n<li>Outras situa\u00e7\u00f5es de emerg\u00eancias comuns.<\/li>\n<\/ul>\n<p><strong>Per\u00edodo de inscri\u00e7\u00e3o<\/strong>: 10\/03 a 09\/04<\/p>\n<p><strong>Divulga\u00e7\u00e3o das inscri\u00e7\u00f5es homologadas<\/strong>: 10\/04**, nesta p\u00e1gina.<\/p>\n<\/div>\n<div class=\"coluna2CapAvulsa\">\n<p><strong>P\u00fablico Alvo<\/strong>: Servidores(as) docentes, TAE\u2019s e trabalhadores(as) terceirizados(as) ativos(as) da UFPel*.*<\/p>\n<p>*Considerando a Pol\u00edtica Nacional de Desenvolvimento de Pessoas, conforme Decreto n\u00ba 9.991\/19, somente ser\u00e3o certificados(as) os(as) servidores(as) p\u00fablicos pertencentes ao Quadro Efetivo da UFPel;<br \/>** Quando homologadas as inscri\u00e7\u00f5es, os(as) selecionados(as) receber\u00e3o e-mail de confirma\u00e7\u00e3o com instru\u00e7\u00f5es.<\/p>\n<p><strong>Observa\u00e7\u00e3o<\/strong>: A homologa\u00e7\u00e3o das inscri\u00e7\u00f5es dos(as) trabalhadores(as) terceirizados ficar\u00e1 condicionada \u00e0 an\u00e1lise pr\u00e9via e manifesta\u00e7\u00e3o por parte do NUGEST\/PRA.<\/p>\n<p><strong><a href=\"https:\/\/wp.ufpel.edu.br\/progep\/inscricoes-para-curso\/\" target=\"_blank\" rel=\"noopener\">INSCRI\u00c7\u00d5ES AQUI<\/a><\/strong><\/p>\n<p><span style=\"font-size: 14pt\"><strong>Contato:<\/strong> cdp.capacita@ufpel.edu.br<\/span><\/p>\n<\/div>\n<\/div>\n<\/div>\n<\/div><\/div>\n","protected":false},"excerpt":{"rendered":"<p>Capacita\u00e7\u00e3o em Primeiros Socorros para Servidores\/as da UFPEL Primeiros Socorros s\u00e3o conhecimentos necess\u00e1rios para o dia a dia. Nesta capacita\u00e7\u00e3o ser\u00e3o abordadas no\u00e7\u00f5es b\u00e1sicas para situa\u00e7\u00f5es de emerg\u00eancias comuns. Venha se capacitar! Inscreva-se! Facilitador(a): Guilherme Pachon Cavada (Enfermeiro\/Coordena\u00e7\u00e3o de Sa\u00fade e Qualidade de Vida\/UFPel) Deciane Pintanela de Carvalho (Enfermeira\/Coordena\u00e7\u00e3o de Sa\u00fade e Qualidade de Vida\/UFPel) [&hellip;]<\/p>\n","protected":false},"author":21,"featured_media":0,"parent":0,"menu_order":0,"comment_status":"closed","ping_status":"closed","template":"page-sem-sidebar.php","meta":{"footnotes":""},"class_list":["post-40736","page","type-page","status-publish","hentry"],"_links":{"self":[{"href":"https:\/\/wp.ufpel.edu.br\/progep\/wp-json\/wp\/v2\/pages\/40736","targetHints":{"allow":["GET"]}}],"collection":[{"href":"https:\/\/wp.ufpel.edu.br\/progep\/wp-json\/wp\/v2\/pages"}],"about":[{"href":"https:\/\/wp.ufpel.edu.br\/progep\/wp-json\/wp\/v2\/types\/page"}],"author":[{"embeddable":true,"href":"https:\/\/wp.ufpel.edu.br\/progep\/wp-json\/wp\/v2\/users\/21"}],"replies":[{"embeddable":true,"href":"https:\/\/wp.ufpel.edu.br\/progep\/wp-json\/wp\/v2\/comments?post=40736"}],"version-history":[{"count":3,"href":"https:\/\/wp.ufpel.edu.br\/progep\/wp-json\/wp\/v2\/pages\/40736\/revisions"}],"predecessor-version":[{"id":40746,"href":"https:\/\/wp.ufpel.edu.br\/progep\/wp-json\/wp\/v2\/pages\/40736\/revisions\/40746"}],"wp:attachment":[{"href":"https:\/\/wp.ufpel.edu.br\/progep\/wp-json\/wp\/v2\/media?parent=40736"}],"curies":[{"name":"wp","href":"https:\/\/api.w.org\/{rel}","templated":true}]}}