{"id":40688,"date":"2026-03-06T14:43:52","date_gmt":"2026-03-06T17:43:52","guid":{"rendered":"https:\/\/wp.ufpel.edu.br\/progep\/?page_id=40688"},"modified":"2026-03-31T14:50:52","modified_gmt":"2026-03-31T17:50:52","slug":"capacitacao-4-a-edicao-do-cine-debate-alusivo-ao-mes-da-mulher","status":"publish","type":"page","link":"https:\/\/wp.ufpel.edu.br\/progep\/capacitacao-4-a-edicao-do-cine-debate-alusivo-ao-mes-da-mulher\/","title":{"rendered":"Capacita\u00e7\u00e3o: 4 \u00aa Edi\u00e7\u00e3o do Cine Debate &#8211; alusivo ao M\u00eas da Mulher"},"content":{"rendered":"\n<div class=\"wp-block-group\"><div class=\"wp-block-group__inner-container is-layout-constrained wp-block-group-is-layout-constrained\">\n<div class=\"capacitacoes2026\">\n<div class=\"acoesTitle\">\n<div>4 \u00aa Edi\u00e7\u00e3o do Cine Debate &#8211; alusivo ao M\u00eas da Mulher<\/div>\n<p>Nesta 4\u00aa Ed\u00e7\u00e3o do Cine Debate, ser\u00e1 visto e discutido o filme &#8220;Estrelas Al\u00e9m do Tempo&#8221;, visando fazer um di\u00e1logo em alus\u00e3o ao M\u00eas da Mulher. Participe!<\/p>\n<hr \/><\/div>\n<div class=\"corpoStyle\">\n<div>\n<p><strong>Facilitadoras: <\/strong> J\u00e9ssica Silva de \u00c1vila (<em>Assistente Social\/Coordena\u00e7\u00e3o de Sa\u00fade e Qualidade de Vida\/UFPel<\/em>)<br \/>\nAng\u00e9lica Gon\u00e7alves Peter (<em>Psic\u00f3loga\/Coordena\u00e7\u00e3o de Sa\u00fade e Qualidade de Vida\/UFPel<\/em>)<\/p>\n<p><strong>Data de realiza\u00e7\u00e3o<\/strong>: 26\/03\/2026 (quinta-feira)<\/p>\n<p><strong>Hor\u00e1rio: <\/strong> 14h \u00e0s 18h<\/p>\n<p><strong>Carga hor\u00e1ria<\/strong>: 4h<\/p>\n<p><strong>Modalidade: <\/strong> Presencial.\u00a0<\/span><\/p>\n<p><strong>Local:<\/strong> Audit\u00f3rio Acad\u00eamico, Campus Anglo da UFPel. Rua Gomes Carneiro, n\u00ba 1.<\/p>\n<p><strong>Ementa: <\/strong><\/p>\n<ul>\n<li>Exibi\u00e7\u00e3o do filme &#8220;Estrelas Al\u00e9m do Tempo&#8221; como ponto de partida para a reflex\u00e3o e di\u00e1logo;<\/li>\n<li>Abordagem de aspectos sociais, culturais e psicol\u00f3gicos presentes na obra;<\/li>\n<li>Discuss\u00e3o sobre desigualdades de g\u00eanero na sociedade e no ambiente de trabalho;<\/li>\n<li>Debate sobre barreiras hist\u00f3ricas e contempor\u00e2neas enfrentadas por mulheres em espa\u00e7os profissionais;<\/li>\n<li>Espa\u00e7o de troca de percep\u00e7\u00f5es e experi\u00eancias entre os participantes.<\/li>\n<\/ul>\n<p><strong>P\u00fablico Alvo<\/strong>: Servidores(as) docentes, TAE\u2019s e trabalhadores(as) terceirizados(as) ativos(as) da UFPel*.*<\/p>\n<\/div>\n<div class=\"coluna2CapAvulsa\">\n<p><strong>Per\u00edodo de inscri\u00e7\u00e3o<\/strong>: 09\/03 a 23\/06<\/p>\n<p><strong>Divulga\u00e7\u00e3o das inscri\u00e7\u00f5es homologadas<\/strong>: 24\/03**, nesta p\u00e1gina.<\/p>\n<p>*Considerando a Pol\u00edtica Nacional de Desenvolvimento de Pessoas, conforme Decreto n\u00ba 9.991\/19, somente ser\u00e3o certificados(as) os(as) servidores(as) p\u00fablicos pertencentes ao Quadro Efetivo da UFPel;<br \/>** Quando homologadas as inscri\u00e7\u00f5es, os(as) selecionados(as) receber\u00e3o e-mail de confirma\u00e7\u00e3o com instru\u00e7\u00f5es.<\/p>\n<p><strong>Observa\u00e7\u00e3o<\/strong>: A homologa\u00e7\u00e3o das inscri\u00e7\u00f5es dos(as) trabalhadores(as) terceirizados ficar\u00e1 condicionada \u00e0 an\u00e1lise pr\u00e9via e manifesta\u00e7\u00e3o por parte do NUGEST\/PRA.<\/p>\n<p><strong><a href=\"https:\/\/wp.ufpel.edu.br\/progep\/files\/2026\/03\/HOMOLOGACAO-4-a-Edicao-do-Cine-Debate-\u2013-alusivo-ao-Mes-da-Mulher.pdf\" target=\"_blank\">Confira as inscri\u00e7\u00f5es homologadas aqui!<\/a><\/strong><\/p>\n<p><span style=\"font-size: 14pt\"><strong>Contato:<\/strong> cdp.capacita@ufpel.edu.br<\/span><\/p>\n<\/div>\n<\/div>\n<\/div>\n<\/div><\/div>\n","protected":false},"excerpt":{"rendered":"<p>4 \u00aa Edi\u00e7\u00e3o do Cine Debate &#8211; alusivo ao M\u00eas da Mulher Nesta 4\u00aa Ed\u00e7\u00e3o do Cine Debate, ser\u00e1 visto e discutido o filme &#8220;Estrelas Al\u00e9m do Tempo&#8221;, visando fazer um di\u00e1logo em alus\u00e3o ao M\u00eas da Mulher. Participe! Facilitadoras: J\u00e9ssica Silva de \u00c1vila (Assistente Social\/Coordena\u00e7\u00e3o de Sa\u00fade e Qualidade de Vida\/UFPel) Ang\u00e9lica Gon\u00e7alves Peter [&hellip;]<\/p>\n","protected":false},"author":21,"featured_media":0,"parent":0,"menu_order":0,"comment_status":"closed","ping_status":"closed","template":"page-sem-sidebar.php","meta":{"footnotes":""},"class_list":["post-40688","page","type-page","status-publish","hentry"],"_links":{"self":[{"href":"https:\/\/wp.ufpel.edu.br\/progep\/wp-json\/wp\/v2\/pages\/40688","targetHints":{"allow":["GET"]}}],"collection":[{"href":"https:\/\/wp.ufpel.edu.br\/progep\/wp-json\/wp\/v2\/pages"}],"about":[{"href":"https:\/\/wp.ufpel.edu.br\/progep\/wp-json\/wp\/v2\/types\/page"}],"author":[{"embeddable":true,"href":"https:\/\/wp.ufpel.edu.br\/progep\/wp-json\/wp\/v2\/users\/21"}],"replies":[{"embeddable":true,"href":"https:\/\/wp.ufpel.edu.br\/progep\/wp-json\/wp\/v2\/comments?post=40688"}],"version-history":[{"count":3,"href":"https:\/\/wp.ufpel.edu.br\/progep\/wp-json\/wp\/v2\/pages\/40688\/revisions"}],"predecessor-version":[{"id":40991,"href":"https:\/\/wp.ufpel.edu.br\/progep\/wp-json\/wp\/v2\/pages\/40688\/revisions\/40991"}],"wp:attachment":[{"href":"https:\/\/wp.ufpel.edu.br\/progep\/wp-json\/wp\/v2\/media?parent=40688"}],"curies":[{"name":"wp","href":"https:\/\/api.w.org\/{rel}","templated":true}]}}