{"id":40618,"date":"2026-02-25T15:24:38","date_gmt":"2026-02-25T18:24:38","guid":{"rendered":"https:\/\/wp.ufpel.edu.br\/progep\/?page_id=40618"},"modified":"2026-02-25T15:24:38","modified_gmt":"2026-02-25T18:24:38","slug":"cargos-tae-mestre-de-edificacoes-e-infraestrutura","status":"publish","type":"page","link":"https:\/\/wp.ufpel.edu.br\/progep\/cargos-tae-mestre-de-edificacoes-e-infraestrutura\/","title":{"rendered":"Cargos TAE: Mestre de Edificacoes e Infraestrutura"},"content":{"rendered":"\n<div class=\"wp-block-group\"><div class=\"wp-block-group__inner-container is-layout-constrained wp-block-group-is-layout-constrained\">\n<div class=\"wp-block-group\"><div class=\"wp-block-group__inner-container is-layout-constrained wp-block-group-is-layout-constrained\">\n<div class=\"logoTituloModelStyle\"><img class=\"size-medium wp-image-27184 alignleft\" src=\"https:\/\/wp.ufpel.edu.br\/progep\/files\/2025\/03\/logo-progep_atualizacao-nome_AZUL.png\" alt=\"\" \/><\/p>\n<div><strong>Mestre de Edificacoes e Infraestrutura<\/strong><\/div>\n<\/div>\n<hr class=\"hrModelStyle\" \/>\n<div class=\"descriptionModelStyle\">Esta p\u00e1gina apresenta os dados referentes a carreira dos\/as servidores\/as.<\/div>\n<\/div><\/div>\n\n\n\n<div class=\"cargoDescriptionStyle\">\n<div class=\"infoCargo\">N\u00edvel de Classifica\u00e7\u00e3o:\u00a0<strong>D<\/strong><br \/>Denomina\u00e7\u00e3o do cargo:<br \/><strong>Mestre de Edificacoes e Infraestrutura<\/strong><br \/>C\u00f3digo CBO: <strong>xxxxx<\/strong><\/div>\n<div class=\"requisitosCargo\"><span style=\"font-size: 16pt;padding-bottom: 0.5rem\"><strong>Requisitos de Qualifica\u00e7\u00e3o para Ingresso no Cargo<\/strong>:<\/span><br \/><strong>Escolaridade<\/strong>: M\u00e9dio Completo<br \/><strong>Outros<\/strong>: Experi\u00eancia de 24 meses<br \/><strong>Habilita\u00e7\u00e3o Profissional.<\/strong><\/div>\n<div class=\"descSumaryCargo\"><span style=\"font-size: 16pt;font-weight: bold;padding-bottom: 0.5rem\">Descri\u00e7\u00e3o Sum\u00e1ria do Cargo:<\/span> Organizar e supervisionar as atividades dos trabalhadores sob sua orienta\u00e7\u00e3o, distribuindo, coordenando   e   orientando   as   diversas   tarefas   individuais   e   coletivas;   interpretar especifica\u00e7\u00f5es; organizar o ciclo de opera\u00e7\u00e3o e utiliza\u00e7\u00e3o de materiais, equipamentos e m\u00e3o-de-obra, para assegurar o desenvolvimento do processo de execu\u00e7\u00e3o das atividades dentro\ndos prazos, normas e especifica\u00e7\u00f5es estabelecidas.\nAssessorar nas atividades de ensino, pesquisa e extens\u00e3o.<\/div>\n<div class=\"atividadesCargo\"><span style=\"font-size: 16pt;font-weight: bold\">Descri\u00e7\u00e3o de Atividades T\u00edpicas do Cargo:<\/span> <br \/>\n\u2022Analisar e discutir com o superior detalhes e instru\u00e7\u00f5es t\u00e9cnicas do projeto a ser desen-volvido, solicitando informa\u00e7\u00f5es detalhadas sobre o cronograma de execu\u00e7\u00e3o, contrata\u00e7\u00e3o de pessoal, utiliza\u00e7\u00e3o de materiais, instrumentos e instala\u00e7\u00e3o do canteiro de obras para o bom direcionamento de suas atribui\u00e7\u00f5es.<br \/>\n<strong>\u2022Interpretar plantas, gr\u00e1ficos e escalas constantes do projeto, para orientar a equipe quanto \u00e0 execu\u00e7\u00e3o dos trabalhos.<\/strong><br \/>\n\u2022Participar da instala\u00e7\u00e3o do canteiro de obras, definindo locais f\u00edsicos, conforme projeto, compondo equipes, distribuindo tarefas e acompanhando a realiza\u00e7\u00e3o das mesmas.<br \/>\n<strong>\u2022Controlar o estoque de materiais, equipamentos e instrumentos necess\u00e1rios \u00e0 realiza\u00e7\u00e3o do trabalho, verificando a qualidade, a quantidade e as condi\u00e7\u00f5es de armazenagem.<\/strong><br \/>\n\u2022Acompanhar a realiza\u00e7\u00e3o do trabalho, solucionando problemas, redistribuindo tarefas, re-manejando pessoal, controlando qualidade e quantidade do trabalho realizado, com o fim de possibilitar o cumprimento do cronograma e das especifica\u00e7\u00f5es t\u00e9cnicas do projeto.<br \/>\n<strong>\u2022 Executar outras tarefas de mesma natureza e n\u00edvel de complexidade associadas ao ambiente organizacional.<\/strong><\/div>\n<\/div>\n\n\n\n<p><\/p>\n<\/div><\/div>\n","protected":false},"excerpt":{"rendered":"<p>Mestre de Edificacoes e Infraestrutura Esta p\u00e1gina apresenta os dados referentes a carreira dos\/as servidores\/as. N\u00edvel de Classifica\u00e7\u00e3o:\u00a0DDenomina\u00e7\u00e3o do cargo:Mestre de Edificacoes e InfraestruturaC\u00f3digo CBO: xxxxx Requisitos de Qualifica\u00e7\u00e3o para Ingresso no Cargo:Escolaridade: M\u00e9dio CompletoOutros: Experi\u00eancia de 24 mesesHabilita\u00e7\u00e3o Profissional. Descri\u00e7\u00e3o Sum\u00e1ria do Cargo: Organizar e supervisionar as atividades dos trabalhadores sob sua orienta\u00e7\u00e3o, distribuindo, [&hellip;]<\/p>\n","protected":false},"author":21,"featured_media":0,"parent":0,"menu_order":0,"comment_status":"closed","ping_status":"closed","template":"","meta":{"footnotes":""},"class_list":["post-40618","page","type-page","status-publish","hentry"],"_links":{"self":[{"href":"https:\/\/wp.ufpel.edu.br\/progep\/wp-json\/wp\/v2\/pages\/40618","targetHints":{"allow":["GET"]}}],"collection":[{"href":"https:\/\/wp.ufpel.edu.br\/progep\/wp-json\/wp\/v2\/pages"}],"about":[{"href":"https:\/\/wp.ufpel.edu.br\/progep\/wp-json\/wp\/v2\/types\/page"}],"author":[{"embeddable":true,"href":"https:\/\/wp.ufpel.edu.br\/progep\/wp-json\/wp\/v2\/users\/21"}],"replies":[{"embeddable":true,"href":"https:\/\/wp.ufpel.edu.br\/progep\/wp-json\/wp\/v2\/comments?post=40618"}],"version-history":[{"count":1,"href":"https:\/\/wp.ufpel.edu.br\/progep\/wp-json\/wp\/v2\/pages\/40618\/revisions"}],"predecessor-version":[{"id":40620,"href":"https:\/\/wp.ufpel.edu.br\/progep\/wp-json\/wp\/v2\/pages\/40618\/revisions\/40620"}],"wp:attachment":[{"href":"https:\/\/wp.ufpel.edu.br\/progep\/wp-json\/wp\/v2\/media?parent=40618"}],"curies":[{"name":"wp","href":"https:\/\/api.w.org\/{rel}","templated":true}]}}