{"id":40605,"date":"2026-02-25T09:14:31","date_gmt":"2026-02-25T12:14:31","guid":{"rendered":"https:\/\/wp.ufpel.edu.br\/progep\/?page_id=40605"},"modified":"2026-02-25T09:14:31","modified_gmt":"2026-02-25T12:14:31","slug":"cargos-tae-porteiro","status":"publish","type":"page","link":"https:\/\/wp.ufpel.edu.br\/progep\/cargos-tae-porteiro\/","title":{"rendered":"Cargos TAE: Porteiro"},"content":{"rendered":"\n<div class=\"wp-block-group\"><div class=\"wp-block-group__inner-container is-layout-constrained wp-block-group-is-layout-constrained\">\n<div class=\"wp-block-group\"><div class=\"wp-block-group__inner-container is-layout-constrained wp-block-group-is-layout-constrained\">\n<div class=\"logoTituloModelStyle\"><img class=\"size-medium wp-image-27184 alignleft\" src=\"https:\/\/wp.ufpel.edu.br\/progep\/files\/2025\/03\/logo-progep_atualizacao-nome_AZUL.png\" alt=\"\" \/><\/p>\n<div><strong>Porteiro<\/strong><\/div>\n<\/div>\n<hr class=\"hrModelStyle\" \/>\n<div class=\"descriptionModelStyle\">Esta p\u00e1gina apresenta os dados referentes a carreira dos\/as servidores\/as.<\/div>\n<\/div><\/div>\n\n\n\n<div class=\"cargoDescriptionStyle\">\n<div class=\"infoCargo\">N\u00edvel de Classifica\u00e7\u00e3o:\u00a0<strong>C<\/strong><br \/>Denomina\u00e7\u00e3o do cargo:<br \/><strong>Porteiro<\/strong><br \/>C\u00f3digo CBO: <strong>xxxxx<\/strong><\/div>\n<div class=\"requisitosCargo\"><span style=\"font-size: 16pt;padding-bottom: 0.5rem\"><strong>Requisitos de Qualifica\u00e7\u00e3o para Ingresso no Cargo<\/strong>:<\/span><br \/><strong>Escolaridade<\/strong>: M\u00e9dio Completo<br \/><strong>Outros<\/strong>: (&#8211;)<br \/><strong>Habilita\u00e7\u00e3o Profissional.<\/strong><\/div>\n<div class=\"descSumaryCargo\"><span style=\"font-size: 16pt;font-weight: bold;padding-bottom: 0.5rem\">Descri\u00e7\u00e3o Sum\u00e1ria do Cargo:<\/span> Fiscalizar,   observar   e   orientar   a   entrada   e   sa\u00edda   de   pessoas,   receber,   identificar   e encaminhar  as  pessoas   aos  destinat\u00e1rios.Abrir  e   fechar  as   depend\u00eancias  de   pr\u00e9dios.\nReceber   a   correspond\u00eancia   e   encaminh\u00e1-la   ao   protocolo.   Atender   e   efetuar   liga\u00e7\u00e3o telef\u00f4nica. Receber e transmitir mensagens. Manter o quadro de chaves, controlando seu uso e guarda. Comunicar \u00e0 autoridade competente as irregularidades verificadas. Zelar pela ordem, seguran\u00e7a e limpeza da \u00e1rea sob sua responsabilidade. Inspecionar os locais ou instala\u00e7\u00f5es do pr\u00e9dio, cuja seguran\u00e7a ou conserva\u00e7\u00e3o implique em maior responsabilidade.\nManter em condi\u00e7\u00f5es de funcionamento os equipamento de prote\u00e7\u00e3o contra inc\u00eandio ou quaisquer outros relativos \u00e0 seguran\u00e7a do pr\u00e9dio. Auxiliar nas atividades de ensino, pesquisa e extens\u00e3o. Utilizar recursos de inform\u00e1tica. Executar outras tarefas de mesma natureza e n\u00edvel de complexidade associadas ao ambiente organizacional.<\/div>\n<div class=\"atividadesCargo\"><span style=\"font-size: 16pt;font-weight: bold\">Situa\u00e7\u00e3o do Cargo:<\/span> Cargo extinto<\/div>\n<\/div>\n\n\n\n<p><\/p>\n<\/div><\/div>\n","protected":false},"excerpt":{"rendered":"<p>Porteiro Esta p\u00e1gina apresenta os dados referentes a carreira dos\/as servidores\/as. N\u00edvel de Classifica\u00e7\u00e3o:\u00a0CDenomina\u00e7\u00e3o do cargo:PorteiroC\u00f3digo CBO: xxxxx Requisitos de Qualifica\u00e7\u00e3o para Ingresso no Cargo:Escolaridade: M\u00e9dio CompletoOutros: (&#8211;)Habilita\u00e7\u00e3o Profissional. Descri\u00e7\u00e3o Sum\u00e1ria do Cargo: Fiscalizar, observar e orientar a entrada e sa\u00edda de pessoas, receber, identificar e encaminhar as pessoas aos destinat\u00e1rios.Abrir e fechar as depend\u00eancias [&hellip;]<\/p>\n","protected":false},"author":21,"featured_media":0,"parent":0,"menu_order":0,"comment_status":"closed","ping_status":"closed","template":"","meta":{"footnotes":""},"class_list":["post-40605","page","type-page","status-publish","hentry"],"_links":{"self":[{"href":"https:\/\/wp.ufpel.edu.br\/progep\/wp-json\/wp\/v2\/pages\/40605","targetHints":{"allow":["GET"]}}],"collection":[{"href":"https:\/\/wp.ufpel.edu.br\/progep\/wp-json\/wp\/v2\/pages"}],"about":[{"href":"https:\/\/wp.ufpel.edu.br\/progep\/wp-json\/wp\/v2\/types\/page"}],"author":[{"embeddable":true,"href":"https:\/\/wp.ufpel.edu.br\/progep\/wp-json\/wp\/v2\/users\/21"}],"replies":[{"embeddable":true,"href":"https:\/\/wp.ufpel.edu.br\/progep\/wp-json\/wp\/v2\/comments?post=40605"}],"version-history":[{"count":3,"href":"https:\/\/wp.ufpel.edu.br\/progep\/wp-json\/wp\/v2\/pages\/40605\/revisions"}],"predecessor-version":[{"id":40611,"href":"https:\/\/wp.ufpel.edu.br\/progep\/wp-json\/wp\/v2\/pages\/40605\/revisions\/40611"}],"wp:attachment":[{"href":"https:\/\/wp.ufpel.edu.br\/progep\/wp-json\/wp\/v2\/media?parent=40605"}],"curies":[{"name":"wp","href":"https:\/\/api.w.org\/{rel}","templated":true}]}}