{"id":40434,"date":"2026-02-09T18:15:46","date_gmt":"2026-02-09T21:15:46","guid":{"rendered":"https:\/\/wp.ufpel.edu.br\/progep\/?page_id=40434"},"modified":"2026-02-20T09:48:11","modified_gmt":"2026-02-20T12:48:11","slug":"chamada-publica-01-2026","status":"publish","type":"page","link":"https:\/\/wp.ufpel.edu.br\/progep\/chamada-publica-01-2026\/","title":{"rendered":"Chamada P\u00fablica 01\/2026"},"content":{"rendered":"\n<p><a href=\"https:\/\/wp.ufpel.edu.br\/progep\/files\/2026\/02\/SEI_3638038_Edital_PROGEP_2.pdf\">Chamada P\u00fablica de Remo\u00e7\u00e3o 01\/2026<\/a><\/p>\n\n\n\n<p><a href=\"https:\/\/wp.ufpel.edu.br\/progep\/files\/2026\/02\/SEI_3666912_Edital_PROGEP_3.pdf\">RESULTADO FINAL<\/a><\/p>\n\n\n\n<p><\/p>\n","protected":false},"excerpt":{"rendered":"<p>Chamada P\u00fablica de Remo\u00e7\u00e3o 01\/2026 RESULTADO FINAL<\/p>\n","protected":false},"author":21,"featured_media":0,"parent":0,"menu_order":0,"comment_status":"closed","ping_status":"closed","template":"","meta":{"footnotes":""},"class_list":["post-40434","page","type-page","status-publish","hentry"],"_links":{"self":[{"href":"https:\/\/wp.ufpel.edu.br\/progep\/wp-json\/wp\/v2\/pages\/40434","targetHints":{"allow":["GET"]}}],"collection":[{"href":"https:\/\/wp.ufpel.edu.br\/progep\/wp-json\/wp\/v2\/pages"}],"about":[{"href":"https:\/\/wp.ufpel.edu.br\/progep\/wp-json\/wp\/v2\/types\/page"}],"author":[{"embeddable":true,"href":"https:\/\/wp.ufpel.edu.br\/progep\/wp-json\/wp\/v2\/users\/21"}],"replies":[{"embeddable":true,"href":"https:\/\/wp.ufpel.edu.br\/progep\/wp-json\/wp\/v2\/comments?post=40434"}],"version-history":[{"count":3,"href":"https:\/\/wp.ufpel.edu.br\/progep\/wp-json\/wp\/v2\/pages\/40434\/revisions"}],"predecessor-version":[{"id":40548,"href":"https:\/\/wp.ufpel.edu.br\/progep\/wp-json\/wp\/v2\/pages\/40434\/revisions\/40548"}],"wp:attachment":[{"href":"https:\/\/wp.ufpel.edu.br\/progep\/wp-json\/wp\/v2\/media?parent=40434"}],"curies":[{"name":"wp","href":"https:\/\/api.w.org\/{rel}","templated":true}]}}