{"id":40302,"date":"2026-01-22T18:56:31","date_gmt":"2026-01-22T21:56:31","guid":{"rendered":"https:\/\/wp.ufpel.edu.br\/progep\/?page_id=40302"},"modified":"2026-01-22T18:58:10","modified_gmt":"2026-01-22T21:58:10","slug":"cargo-tae-costureiro","status":"publish","type":"page","link":"https:\/\/wp.ufpel.edu.br\/progep\/cargo-tae-costureiro\/","title":{"rendered":"Cargo TAE: Costureiro"},"content":{"rendered":"\n<div class=\"wp-block-group\"><div class=\"wp-block-group__inner-container is-layout-constrained wp-block-group-is-layout-constrained\">\n<div class=\"wp-block-group\"><div class=\"wp-block-group__inner-container is-layout-constrained wp-block-group-is-layout-constrained\">\n<div class=\"logoTituloModelStyle\"><img class=\"size-medium wp-image-27184 alignleft\" src=\"https:\/\/wp.ufpel.edu.br\/progep\/files\/2025\/03\/logo-progep_atualizacao-nome_AZUL.png\" alt=\"\" \/><\/p>\n<div><strong>Costureiro<\/strong><\/div>\n<\/div>\n<hr class=\"hrModelStyle\" \/>\n<div class=\"descriptionModelStyle\">Esta p\u00e1gina apresenta os dados referentes a carreira dos\/as servidores\/as.<\/div>\n<\/div><\/div>\n\n\n\n<div class=\"cargoDescriptionStyle\">\n<div class=\"infoCargo\">N\u00edvel de Classifica\u00e7\u00e3o:\u00a0<strong>B<\/strong><br \/>Denomina\u00e7\u00e3o do cargo:<br \/><strong>Costureiro<\/strong><br \/>C\u00f3digo CBO: <strong>7632-10<\/strong><\/div>\n<div class=\"requisitosCargo\"><span style=\"font-size: 16pt;padding-bottom: 0.5rem\"><strong>Requisitos de Qualifica\u00e7\u00e3o para Ingresso no Cargo<\/strong>:<\/span><br \/><strong>Escolaridade<\/strong>: Fundamental Completo<br \/><strong>Outros<\/strong>: (&#8211;)<br \/><strong>Habilita\u00e7\u00e3o Profissional.<\/strong><\/div>\n<div class=\"descSumaryCargo\"><span style=\"font-size: 16pt;font-weight: bold;padding-bottom: 0.5rem\">Descri\u00e7\u00e3o Sum\u00e1ria do Cargo:<\/span><br \/>\nExecutar, a m\u00e3o ou a m\u00e1quina, um ou v\u00e1rios trabalhos de costura na produ\u00e7\u00e3o em s\u00e9rie de pe\u00e7as   de   vestu\u00e1rio,   utilizando   m\u00e1quinas   e   outros   instrumentos   apropriados,   para confeccionar ternos, terninhos, cal\u00e7as, camisas e outras pe\u00e7as de roupas similares.\n<\/div>\n<div class=\"atividadesCargo\"><span style=\"font-size: 16pt;font-weight: bold\">Descri\u00e7\u00e3o de Atividades T\u00edpicas do Cargo:<\/span><br \/>\n\u2022 Alinhavar e coser as entretelas das diferentes pe\u00e7as, utilizando instrumentos comuns de costura e m\u00e1quinas de costura, para armar essas pe\u00e7as.<br \/>\n<strong>\u2022 Coser as diferentes partes da pe\u00e7a, utilizando m\u00e1quinas e outros instrumentos apropriados, para confeccionar os diversos tipos de vesti\u00e1rio.<\/strong><br \/>\n\u2022 Colocar ombreiras, colarinhos e forros, costurando-os a m\u00e3o ou a m\u00e1quina, para dar a roupa a forma e enchimentos desejados.<br \/>\n<strong>\u2022 Executar outras tarefas de mesma natureza e n\u00edvel de complexidade associadas ao ambiente organizacional.<\/strong>\n\n<\/div>\n\n<div class=\"descSumaryCargo\"><span style=\"font-size: 16pt;font-weight: bold\">Obseva\u00e7\u00e3o: Cargo em extin\u00e7\u00e3o.<\/span><\/div>\n<\/div>\n\n\n<\/div><\/div>\n","protected":false},"excerpt":{"rendered":"<p>Costureiro Esta p\u00e1gina apresenta os dados referentes a carreira dos\/as servidores\/as. N\u00edvel de Classifica\u00e7\u00e3o:\u00a0BDenomina\u00e7\u00e3o do cargo:CostureiroC\u00f3digo CBO: 7632-10 Requisitos de Qualifica\u00e7\u00e3o para Ingresso no Cargo:Escolaridade: Fundamental CompletoOutros: (&#8211;)Habilita\u00e7\u00e3o Profissional. Descri\u00e7\u00e3o Sum\u00e1ria do Cargo: Executar, a m\u00e3o ou a m\u00e1quina, um ou v\u00e1rios trabalhos de costura na produ\u00e7\u00e3o em s\u00e9rie de pe\u00e7as de vestu\u00e1rio, utilizando m\u00e1quinas [&hellip;]<\/p>\n","protected":false},"author":21,"featured_media":0,"parent":0,"menu_order":0,"comment_status":"closed","ping_status":"closed","template":"","meta":{"footnotes":""},"class_list":["post-40302","page","type-page","status-publish","hentry"],"_links":{"self":[{"href":"https:\/\/wp.ufpel.edu.br\/progep\/wp-json\/wp\/v2\/pages\/40302","targetHints":{"allow":["GET"]}}],"collection":[{"href":"https:\/\/wp.ufpel.edu.br\/progep\/wp-json\/wp\/v2\/pages"}],"about":[{"href":"https:\/\/wp.ufpel.edu.br\/progep\/wp-json\/wp\/v2\/types\/page"}],"author":[{"embeddable":true,"href":"https:\/\/wp.ufpel.edu.br\/progep\/wp-json\/wp\/v2\/users\/21"}],"replies":[{"embeddable":true,"href":"https:\/\/wp.ufpel.edu.br\/progep\/wp-json\/wp\/v2\/comments?post=40302"}],"version-history":[{"count":3,"href":"https:\/\/wp.ufpel.edu.br\/progep\/wp-json\/wp\/v2\/pages\/40302\/revisions"}],"predecessor-version":[{"id":40306,"href":"https:\/\/wp.ufpel.edu.br\/progep\/wp-json\/wp\/v2\/pages\/40302\/revisions\/40306"}],"wp:attachment":[{"href":"https:\/\/wp.ufpel.edu.br\/progep\/wp-json\/wp\/v2\/media?parent=40302"}],"curies":[{"name":"wp","href":"https:\/\/api.w.org\/{rel}","templated":true}]}}