{"id":40297,"date":"2026-01-22T18:25:03","date_gmt":"2026-01-22T21:25:03","guid":{"rendered":"https:\/\/wp.ufpel.edu.br\/progep\/?page_id=40297"},"modified":"2026-01-22T18:26:08","modified_gmt":"2026-01-22T21:26:08","slug":"cargo-tae-copeiro","status":"publish","type":"page","link":"https:\/\/wp.ufpel.edu.br\/progep\/cargo-tae-copeiro\/","title":{"rendered":"Cargo TAE: Copeiro"},"content":{"rendered":"\n<div class=\"wp-block-group\"><div class=\"wp-block-group__inner-container is-layout-constrained wp-block-group-is-layout-constrained\">\n<div class=\"wp-block-group\"><div class=\"wp-block-group__inner-container is-layout-constrained wp-block-group-is-layout-constrained\">\n<div class=\"logoTituloModelStyle\"><img class=\"size-medium wp-image-27184 alignleft\" src=\"https:\/\/wp.ufpel.edu.br\/progep\/files\/2025\/03\/logo-progep_atualizacao-nome_AZUL.png\" alt=\"\" \/><\/p>\n<div><strong>Copeiro<\/strong><\/div>\n<\/div>\n<hr class=\"hrModelStyle\" \/>\n<div class=\"descriptionModelStyle\">Esta p\u00e1gina apresenta os dados referentes a carreira dos\/as servidores\/as.<\/div>\n<\/div><\/div>\n\n\n\n<div class=\"cargoDescriptionStyle\">\n<div class=\"infoCargo\">N\u00edvel de Classifica\u00e7\u00e3o:\u00a0<strong>B<\/strong><br \/>Denomina\u00e7\u00e3o do cargo:<br \/><strong>Copeiro<\/strong><br \/>C\u00f3digo CBO: <strong>5134-25<\/strong><\/div>\n<div class=\"requisitosCargo\"><span style=\"font-size: 16pt;padding-bottom: 0.5rem\"><strong>Requisitos de Qualifica\u00e7\u00e3o para Ingresso no Cargo<\/strong>:<\/span><br \/><strong>Escolaridade<\/strong>: Fundamental Incompleto<br \/><strong>Outros<\/strong>: Experi\u00eancia de 12 meses<br \/><strong>Habilita\u00e7\u00e3o Profissional.<\/strong><\/div>\n<div class=\"descSumaryCargo\"><span style=\"font-size: 16pt;font-weight: bold;padding-bottom: 0.5rem\">Descri\u00e7\u00e3o Sum\u00e1ria do Cargo:<\/span> Distribuir refei\u00e7\u00f5es, utilizando bandejas e carrinhos, segundo as instru\u00e7\u00f5es recebidas.<\/div>\n<div class=\"atividadesCargo\"><span style=\"font-size: 16pt;font-weight: bold\">Descri\u00e7\u00e3o de Atividades T\u00edpicas do Cargo:<\/span><br \/>\n\u2022 Receber e distribuir refei\u00e7\u00f5es, utilizando bandejas e carrinhos.<br \/>\n<strong>\u2022 Receber   ou   recolher   bandejas,   lou\u00e7as   e   talheres,   ap\u00f3s   as   refei\u00e7\u00f5es, providenciando a lavagem e guarda, ou o envio ao setor competente.<\/strong><br \/>\n\u2022 Efetuar  a pesagem  e o  registro  das sobras alimentares, utilizando  balan\u00e7as apropriadas.<br \/>\n<strong>\u2022 Manter a ordem e a limpeza do local de trabalho, seguindo normas e instru\u00e7\u00f5es.<\/strong><br \/>\n\u2022 Executar outras tarefas de mesma natureza e n\u00edvel de complexidade associadas ao ambiente organizacional.\n<\/div>\n<div class=\"descSumaryCargo\"><span style=\"font-size: 16pt;font-weight: bold;padding-bottom: 0.5rem\">Observa\u00e7\u00e3o:<\/span> Cargo em extin\u00e7\u00e3o.<\/div>\n<\/div>\n\n\n\n<p><\/p>\n<\/div><\/div>\n","protected":false},"excerpt":{"rendered":"<p>Copeiro Esta p\u00e1gina apresenta os dados referentes a carreira dos\/as servidores\/as. N\u00edvel de Classifica\u00e7\u00e3o:\u00a0BDenomina\u00e7\u00e3o do cargo:CopeiroC\u00f3digo CBO: 5134-25 Requisitos de Qualifica\u00e7\u00e3o para Ingresso no Cargo:Escolaridade: Fundamental IncompletoOutros: Experi\u00eancia de 12 mesesHabilita\u00e7\u00e3o Profissional. Descri\u00e7\u00e3o Sum\u00e1ria do Cargo: Distribuir refei\u00e7\u00f5es, utilizando bandejas e carrinhos, segundo as instru\u00e7\u00f5es recebidas. Descri\u00e7\u00e3o de Atividades T\u00edpicas do Cargo: \u2022 Receber e [&hellip;]<\/p>\n","protected":false},"author":21,"featured_media":0,"parent":0,"menu_order":0,"comment_status":"closed","ping_status":"closed","template":"","meta":{"footnotes":""},"class_list":["post-40297","page","type-page","status-publish","hentry"],"_links":{"self":[{"href":"https:\/\/wp.ufpel.edu.br\/progep\/wp-json\/wp\/v2\/pages\/40297","targetHints":{"allow":["GET"]}}],"collection":[{"href":"https:\/\/wp.ufpel.edu.br\/progep\/wp-json\/wp\/v2\/pages"}],"about":[{"href":"https:\/\/wp.ufpel.edu.br\/progep\/wp-json\/wp\/v2\/types\/page"}],"author":[{"embeddable":true,"href":"https:\/\/wp.ufpel.edu.br\/progep\/wp-json\/wp\/v2\/users\/21"}],"replies":[{"embeddable":true,"href":"https:\/\/wp.ufpel.edu.br\/progep\/wp-json\/wp\/v2\/comments?post=40297"}],"version-history":[{"count":2,"href":"https:\/\/wp.ufpel.edu.br\/progep\/wp-json\/wp\/v2\/pages\/40297\/revisions"}],"predecessor-version":[{"id":40300,"href":"https:\/\/wp.ufpel.edu.br\/progep\/wp-json\/wp\/v2\/pages\/40297\/revisions\/40300"}],"wp:attachment":[{"href":"https:\/\/wp.ufpel.edu.br\/progep\/wp-json\/wp\/v2\/media?parent=40297"}],"curies":[{"name":"wp","href":"https:\/\/api.w.org\/{rel}","templated":true}]}}