{"id":40291,"date":"2026-01-22T18:20:17","date_gmt":"2026-01-22T21:20:17","guid":{"rendered":"https:\/\/wp.ufpel.edu.br\/progep\/?page_id=40291"},"modified":"2026-01-22T18:20:43","modified_gmt":"2026-01-22T21:20:43","slug":"cargo-tae-bombeiro-hidraulico","status":"publish","type":"page","link":"https:\/\/wp.ufpel.edu.br\/progep\/cargo-tae-bombeiro-hidraulico\/","title":{"rendered":"Cargo TAE: Bombeiro Hidraulico"},"content":{"rendered":"\n<div class=\"wp-block-group\"><div class=\"wp-block-group__inner-container is-layout-constrained wp-block-group-is-layout-constrained\">\n<div class=\"wp-block-group\"><div class=\"wp-block-group__inner-container is-layout-constrained wp-block-group-is-layout-constrained\">\n<div class=\"logoTituloModelStyle\"><img class=\"size-medium wp-image-27184 alignleft\" src=\"https:\/\/wp.ufpel.edu.br\/progep\/files\/2025\/03\/logo-progep_atualizacao-nome_AZUL.png\" alt=\"\" \/><\/p>\n<div><strong>Bombeiro Hidraulico<\/strong><\/div>\n<\/div>\n<hr class=\"hrModelStyle\" \/>\n<div class=\"descriptionModelStyle\">Esta p\u00e1gina apresenta os dados referentes a carreira dos\/as servidores\/as.<\/div>\n<\/div><\/div>\n\n\n\n<div class=\"cargoDescriptionStyle\">\n<div class=\"infoCargo\">N\u00edvel de Classifica\u00e7\u00e3o:\u00a0<strong>B<\/strong><br \/>Denomina\u00e7\u00e3o do cargo:<br \/><strong>Bombeiro Hidraulico<\/strong><br \/>C\u00f3digo CBO: <strong>7241-10<\/strong><\/div>\n<div class=\"requisitosCargo\"><span style=\"font-size: 16pt;padding-bottom: 0.5rem\"><strong>Requisitos de Qualifica\u00e7\u00e3o para Ingresso no Cargo<\/strong>:<\/span><br \/><strong>Escolaridade<\/strong>: Fundamental Incompleto<br \/><strong>Outros<\/strong>: Experi\u00eancia de 12 meses ou profissionalizante<br \/><strong>Habilita\u00e7\u00e3o Profissional.<\/strong><\/div>\n<div class=\"descSumaryCargo\"><span style=\"font-size: 16pt;font-weight: bold;padding-bottom: 0.5rem\">Descri\u00e7\u00e3o Sum\u00e1ria do Cargo:<\/span> <br \/>\nOperacionalizar projetos de instala\u00e7\u00f5es de tubula\u00e7\u00f5es, definir tra\u00e7ados e dimensionam tubula\u00e7\u00f5es; especificar, quantificar e inspecionar materiais; preparar locais para instala\u00e7\u00f5es, realizar pr\u00e9-montagem e instalar tubula\u00e7\u00f5es. Realizar testes operacionais de press\u00e3o de fluidos   e   testes   de   estanqueidade.   Proteger   instala\u00e7\u00f5es   e   fazer   manuten\u00e7\u00f5es   em equipamentos e acess\u00f3rios.\nAuxiliar nas atividades de ensino, pesquisa e extens\u00e3o.<\/div>\n<div class=\"atividadesCargo\"><span style=\"font-size: 16pt;font-weight: bold\">Descri\u00e7\u00e3o de Atividades T\u00edpicas do Cargo:<\/span><br \/>\n\n\n<strong>\u2022 Operacionalizar projeto de instala\u00e7\u00f5es de tubula\u00e7\u00f5es:<\/strong>\nEstudar projeto; definir tra\u00e7ados das tubula\u00e7\u00f5es; identificar press\u00e3o do flu\u00eddo; dimensionar tubula\u00e7\u00f5es; especificar e quantificar materiais; executar projeto; separar materiais conforme medidas e tipos; conferir validade dos materiais; inspecionar materiais visualmente.<br \/>\n<strong>\u2022 Preparar local para instala\u00e7\u00e3o:<\/strong>\nInspecionar  local;  marcar  local   definido   para   instala\u00e7\u00e3o;  isolar  local   de   trabalho;  abrir paredes, lajes, pisos ou valas; acondicionar materiais no local de instala\u00e7\u00e3o; fixar suportes.<br \/>\n<strong>\u2022 Pr\u00e9-montar tubula\u00e7\u00f5es:<\/strong>\nCortar tubos; abrir roscas nas tubula\u00e7\u00f5es; alinhar tubos conforme \u00e2ngulo especificado; encaixar conex\u00f5es; encurvar tubos; pontear, colar, identificar e pintar tubula\u00e7\u00f5es.<br \/>\n<strong>\u2022 Instalar tubula\u00e7\u00f5es:<\/strong>\nDistribuir, assentar, unir e vedar tubula\u00e7\u00f5es; interligar redes a ramais (pontos de consumo); instalar acess\u00f3rios e equipamentos; fixar redes; identificar com cores as tubula\u00e7\u00f5es conforme finalidade.<br \/>\n<strong>\u2022 Realizar teste de alta press\u00e3o (estanqueidade):<\/strong>\nVedar sa\u00eddas das tubula\u00e7\u00f5es; instalar man\u00f4metros na rede; pressurizar a rede; determinar tempo de dura\u00e7\u00e3o do teste conforme NBR; monitorar teste no man\u00f4metro e na rede; corrigir falhas na veda\u00e7\u00e3o; refazer teste; liberar rede para uso.<br \/>\n<strong>\u2022 Proteger instala\u00e7\u00f5es:<\/strong>\nIsolar, envelopar e cobrir tubula\u00e7\u00f5es com areia.<br \/>\n<strong>\u2022 Realizar manuten\u00e7\u00e3o de equipamentos e acess\u00f3rios:<\/strong>\nIdentificar   e   analisar   falhas   ou   defeitos;   desativar   sistemas   de   distribui\u00e7\u00e3o;   identificar materiais,   equipamentos   e   instrumentos   utilizados   na   solu\u00e7\u00e3o   das   falhas   ou   defeitos;\nsubstituir acess\u00f3rios e equipamentos defeituosos ou fora do prazo de validade; testar reparos dos acess\u00f3rios ou equipamentos; reativar sistemas de distribui\u00e7\u00e3o.<br \/>\n<strong>\u2022 Executar   outras   tarefas   de   mesma   natureza   e   n\u00edvel   de   complexidade associadas ao ambiente organizacional<\/strong>\n\n\n<\/div>\n<\/div>\n\n\n\n<p><\/p>\n<\/div><\/div>\n","protected":false},"excerpt":{"rendered":"<p>Bombeiro Hidraulico Esta p\u00e1gina apresenta os dados referentes a carreira dos\/as servidores\/as. N\u00edvel de Classifica\u00e7\u00e3o:\u00a0BDenomina\u00e7\u00e3o do cargo:Bombeiro HidraulicoC\u00f3digo CBO: 7241-10 Requisitos de Qualifica\u00e7\u00e3o para Ingresso no Cargo:Escolaridade: Fundamental IncompletoOutros: Experi\u00eancia de 12 meses ou profissionalizanteHabilita\u00e7\u00e3o Profissional. Descri\u00e7\u00e3o Sum\u00e1ria do Cargo: Operacionalizar projetos de instala\u00e7\u00f5es de tubula\u00e7\u00f5es, definir tra\u00e7ados e dimensionam tubula\u00e7\u00f5es; especificar, quantificar e inspecionar [&hellip;]<\/p>\n","protected":false},"author":21,"featured_media":0,"parent":0,"menu_order":0,"comment_status":"closed","ping_status":"closed","template":"","meta":{"footnotes":""},"class_list":["post-40291","page","type-page","status-publish","hentry"],"_links":{"self":[{"href":"https:\/\/wp.ufpel.edu.br\/progep\/wp-json\/wp\/v2\/pages\/40291","targetHints":{"allow":["GET"]}}],"collection":[{"href":"https:\/\/wp.ufpel.edu.br\/progep\/wp-json\/wp\/v2\/pages"}],"about":[{"href":"https:\/\/wp.ufpel.edu.br\/progep\/wp-json\/wp\/v2\/types\/page"}],"author":[{"embeddable":true,"href":"https:\/\/wp.ufpel.edu.br\/progep\/wp-json\/wp\/v2\/users\/21"}],"replies":[{"embeddable":true,"href":"https:\/\/wp.ufpel.edu.br\/progep\/wp-json\/wp\/v2\/comments?post=40291"}],"version-history":[{"count":3,"href":"https:\/\/wp.ufpel.edu.br\/progep\/wp-json\/wp\/v2\/pages\/40291\/revisions"}],"predecessor-version":[{"id":40295,"href":"https:\/\/wp.ufpel.edu.br\/progep\/wp-json\/wp\/v2\/pages\/40291\/revisions\/40295"}],"wp:attachment":[{"href":"https:\/\/wp.ufpel.edu.br\/progep\/wp-json\/wp\/v2\/media?parent=40291"}],"curies":[{"name":"wp","href":"https:\/\/api.w.org\/{rel}","templated":true}]}}