{"id":40288,"date":"2026-01-22T18:15:22","date_gmt":"2026-01-22T21:15:22","guid":{"rendered":"https:\/\/wp.ufpel.edu.br\/progep\/?page_id=40288"},"modified":"2026-01-22T18:15:22","modified_gmt":"2026-01-22T21:15:22","slug":"cargo-tae-auxiliar-de-laboratorio","status":"publish","type":"page","link":"https:\/\/wp.ufpel.edu.br\/progep\/cargo-tae-auxiliar-de-laboratorio\/","title":{"rendered":"Cargo TAE: Auxiliar de Laboratorio"},"content":{"rendered":"\n<div class=\"wp-block-group\"><div class=\"wp-block-group__inner-container is-layout-constrained wp-block-group-is-layout-constrained\">\n<div class=\"wp-block-group\"><div class=\"wp-block-group__inner-container is-layout-constrained wp-block-group-is-layout-constrained\">\n<div class=\"logoTituloModelStyle\"><img class=\"size-medium wp-image-27184 alignleft\" src=\"https:\/\/wp.ufpel.edu.br\/progep\/files\/2025\/03\/logo-progep_atualizacao-nome_AZUL.png\" alt=\"\" \/><\/p>\n<div><strong>Auxiliar de Laboratorio<\/strong><\/div>\n<\/div>\n<hr class=\"hrModelStyle\" \/>\n<div class=\"descriptionModelStyle\">Esta p\u00e1gina apresenta os dados referentes a carreira dos\/as servidores\/as.<\/div>\n<\/div><\/div>\n\n\n\n<div class=\"cargoDescriptionStyle\">\n<div class=\"infoCargo\">N\u00edvel de Classifica\u00e7\u00e3o:\u00a0<strong>B<\/strong><br \/>Denomina\u00e7\u00e3o do cargo:<br \/><strong>Auxiliar de Laboratorio<\/strong><br \/>C\u00f3digo CBO: <strong>&#8212;<\/strong><\/div>\n<div class=\"requisitosCargo\"><span style=\"font-size: 16pt;padding-bottom: 0.5rem\"><strong>Requisitos de Qualifica\u00e7\u00e3o para Ingresso no Cargo<\/strong>:<\/span><br \/><strong>Escolaridade<\/strong>: Fundamental Incompleto<br \/><strong>Outros<\/strong>: Experi\u00eancia de 12 meses<br \/><strong>Habilita\u00e7\u00e3o Profissional.<\/strong><\/div>\n<div class=\"descSumaryCargo\"><span style=\"font-size: 16pt;font-weight: bold;padding-bottom: 0.5rem\">Descri\u00e7\u00e3o Sum\u00e1ria do Cargo:<\/span><br \/>\nDesenvolver atividades auxiliares gerais de laborat\u00f3rio bem como de \u00e1reas espec\u00edficas, de acordo com as especialidades. Preparar vidrarias e materiais similares. Preparar solu\u00e7\u00f5es e equipamentos de medi\u00e7\u00e3o e ensaios e analisar amostras de insumos e mat\u00e9rias-primas.\nLimpar instrumentos e  aparelhos e efetuar coleta  de  amostras, para  assegurar maior rendimento  do trabalho  e  seu  processamento  de  acordo  com os  padr\u00f5es requeridos.\nOrganizar o trabalho conforme normas de seguran\u00e7a, sa\u00fade ocupacional e preserva\u00e7\u00e3o ambiental.\nAuxiliar nas atividades de ensino, pesquisa e extens\u00e3o.\n<\/div>\n<div class=\"atividadesCargo\"><span style=\"font-size: 16pt;font-weight: bold\">Descri\u00e7\u00e3o de Atividades T\u00edpicas do Cargo:<\/span><br \/>\n\u2022 Fazer a assepsia de material de laborat\u00f3rio em geral.<br \/>\n<strong>\u2022 Realizar o enchimento, embalagem e rotula\u00e7\u00e3o dos materiais e equipamentos valendo-se   de   procedimentos   aconselh\u00e1veis,   para   acondicion\u00e1-los   conforme determina a ordem de servi\u00e7o.<\/strong><br \/>\n\u2022 Fazer coletas de amostras de material utilizando t\u00e9cnica especial, instrumentos e recipientes apropriados, para possibilitar exame dessas subst\u00e2ncias.<br \/>\n<strong>\u2022 Conservar e manter limpo o laborat\u00f3rio.<\/strong><br \/>\n\u2022 Proceder a limpeza e\/ou desinfec\u00e7\u00e3o de utens\u00edlios e instala\u00e7\u00e3o do laborat\u00f3rio.<br \/>\n<strong>\u2022 Auxiliar no preparo do material de laborat\u00f3rio para auxiliar as pesquisas.<\/strong><br \/>\n\u2022 Auxiliar   nas   pesagens,   misturas   e   filtra\u00e7\u00f5es   de   material   segundo   processos recomendados.<br \/>\n<strong>\u2022 Controlar o estoque de material usado no laborat\u00f3rio.<\/strong><br \/>\n\u2022 Utilizar recursos de inform\u00e1tica.<br \/>\n<strong>\u2022 Executar outras tarefas de mesma natureza e n\u00edvel de complexidade associadas ao ambiente organizacional.\n<\/div>\n<\/div>\n\n\n\n<p><\/p>\n<\/div><\/div>\n","protected":false},"excerpt":{"rendered":"<p>Auxiliar de Laboratorio Esta p\u00e1gina apresenta os dados referentes a carreira dos\/as servidores\/as. N\u00edvel de Classifica\u00e7\u00e3o:\u00a0BDenomina\u00e7\u00e3o do cargo:Auxiliar de LaboratorioC\u00f3digo CBO: &#8212; Requisitos de Qualifica\u00e7\u00e3o para Ingresso no Cargo:Escolaridade: Fundamental IncompletoOutros: Experi\u00eancia de 12 mesesHabilita\u00e7\u00e3o Profissional. Descri\u00e7\u00e3o Sum\u00e1ria do Cargo: Desenvolver atividades auxiliares gerais de laborat\u00f3rio bem como de \u00e1reas espec\u00edficas, de acordo com as [&hellip;]<\/p>\n","protected":false},"author":21,"featured_media":0,"parent":0,"menu_order":0,"comment_status":"closed","ping_status":"closed","template":"","meta":{"footnotes":""},"class_list":["post-40288","page","type-page","status-publish","hentry"],"_links":{"self":[{"href":"https:\/\/wp.ufpel.edu.br\/progep\/wp-json\/wp\/v2\/pages\/40288","targetHints":{"allow":["GET"]}}],"collection":[{"href":"https:\/\/wp.ufpel.edu.br\/progep\/wp-json\/wp\/v2\/pages"}],"about":[{"href":"https:\/\/wp.ufpel.edu.br\/progep\/wp-json\/wp\/v2\/types\/page"}],"author":[{"embeddable":true,"href":"https:\/\/wp.ufpel.edu.br\/progep\/wp-json\/wp\/v2\/users\/21"}],"replies":[{"embeddable":true,"href":"https:\/\/wp.ufpel.edu.br\/progep\/wp-json\/wp\/v2\/comments?post=40288"}],"version-history":[{"count":1,"href":"https:\/\/wp.ufpel.edu.br\/progep\/wp-json\/wp\/v2\/pages\/40288\/revisions"}],"predecessor-version":[{"id":40290,"href":"https:\/\/wp.ufpel.edu.br\/progep\/wp-json\/wp\/v2\/pages\/40288\/revisions\/40290"}],"wp:attachment":[{"href":"https:\/\/wp.ufpel.edu.br\/progep\/wp-json\/wp\/v2\/media?parent=40288"}],"curies":[{"name":"wp","href":"https:\/\/api.w.org\/{rel}","templated":true}]}}