{"id":40274,"date":"2026-01-22T18:03:21","date_gmt":"2026-01-22T21:03:21","guid":{"rendered":"https:\/\/wp.ufpel.edu.br\/progep\/?page_id=40274"},"modified":"2026-01-22T18:04:20","modified_gmt":"2026-01-22T21:04:20","slug":"cargo-tae-auxiliar-de-farmacia","status":"publish","type":"page","link":"https:\/\/wp.ufpel.edu.br\/progep\/cargo-tae-auxiliar-de-farmacia\/","title":{"rendered":"Cargo TAE: Auxiliar de Farmacia"},"content":{"rendered":"\n<div class=\"wp-block-group\"><div class=\"wp-block-group__inner-container is-layout-constrained wp-block-group-is-layout-constrained\">\n<div class=\"wp-block-group\"><div class=\"wp-block-group__inner-container is-layout-constrained wp-block-group-is-layout-constrained\">\n<div class=\"logoTituloModelStyle\"><img class=\"size-medium wp-image-27184 alignleft\" src=\"https:\/\/wp.ufpel.edu.br\/progep\/files\/2025\/03\/logo-progep_atualizacao-nome_AZUL.png\" alt=\"\" \/><\/p>\n<div><strong>Auxiliar de Farmacia<\/strong><\/div>\n<\/div>\n<hr class=\"hrModelStyle\" \/>\n<div class=\"descriptionModelStyle\">Esta p\u00e1gina apresenta os dados referentes a carreira dos\/as servidores\/as.<\/div>\n<\/div><\/div>\n\n\n\n<div class=\"cargoDescriptionStyle\">\n<div class=\"infoCargo\">N\u00edvel de Classifica\u00e7\u00e3o:\u00a0<strong>B<\/strong><br \/>Denomina\u00e7\u00e3o do cargo:<br \/><strong>Auxiliar de Farmacia<\/strong><br \/>C\u00f3digo CBO: <strong>5152-10<\/strong><\/div>\n<div class=\"requisitosCargo\"><span style=\"font-size: 16pt;padding-bottom: 0.5rem\"><strong>Requisitos de Qualifica\u00e7\u00e3o para Ingresso no Cargo<\/strong>:<\/span><br \/><strong>Escolaridade<\/strong>: Fundamental Incompleto<br \/><strong>Outros<\/strong>: Experi\u00eancia de 12 meses<br \/><strong>Habilita\u00e7\u00e3o Profissional.<\/strong><\/div>\n<div class=\"descSumaryCargo\"><span style=\"font-size: 16pt;font-weight: bold;padding-bottom: 0.5rem\">Descri\u00e7\u00e3o Sum\u00e1ria do Cargo:<\/span><br \/>\nColetar material, orientando e verificando preparo do paciente para o exame. Auxiliar o t\u00e9cnico no preparo f\u00f3rmulas, sob orienta\u00e7\u00e3o e supervis\u00e3o. Organizar o trabalho. Recuperar material de trabalho, lavando, secando, separando e embalando. Trabalhar em conformidade a normas e procedimentos t\u00e9cnicos e de biosseguran\u00e7a. Auxiliar nas atividades de ensino, pesquisa e extens\u00e3o.\n<\/div>\n<div class=\"atividadesCargo\"><span style=\"font-size: 16pt;font-weight: bold\">Descri\u00e7\u00e3o de Atividades T\u00edpicas do Cargo:<\/span><br \/>\n\n\u2022 Realizar tarefas simples em farm\u00e1cias, estocando e manipulando produtos j\u00e1 preparados para auxiliar o farmac\u00eautico.<br \/>\n<strong>\u2022 Colocar etiquetas nos rem\u00e9dios, produtos e outros preparados farmac\u00eauticos.<\/strong><br \/>\n\u2022 Armazenar os produtos, para facilitar a manipula\u00e7\u00e3o e controle dos mesmos.<br \/>\n<strong>\u2022 Abastecer as prateleiras com os produtos, para permitir o r\u00e1pido e permanente atendimento.<\/strong><br \/>\n\u2022 Zelar pela limpeza das prateleiras, balc\u00f5es e outras \u00e1reas de trabalho, para mant\u00ea-los em boas condi\u00e7\u00f5es de uso.<br \/>\n<strong>\u2022 Limpar frascos, provetas e outros instrumentos, esterilizando-os antes e depois do manuseio, para assegurar a pureza dos produtos evitar misturas de subst\u00e2ncias.<\/strong><br \/>\n\u2022 Efetuar atendimento verificando receitas, embrulhando e entregando os produtos, para satisfazer os pedidos.<br \/>\n<strong>\u2022 Registrar  os   produtos   fornecidos,   para   possibilitar   os  controles   financeiros  e estocagem.<\/strong><br \/> Auxiliar na prepara\u00e7\u00e3o de produtos n\u00e3o medicinais, como produtos qu\u00edmicos industriais e agr\u00edcolas, sob orienta\u00e7\u00e3o do farmac\u00eautico.<br \/>\n<strong>\u2022 Utilizar recursos de inform\u00e1tica.<\/strong><br \/>\n\u2022 Executar outras tarefas de mesma natureza e n\u00edvel de complexidade associadas ao ambiente organizacional.\n<\/div>\n<\/div>\n\n\n\n<p><\/p>\n<\/div><\/div>\n","protected":false},"excerpt":{"rendered":"<p>Auxiliar de Farmacia Esta p\u00e1gina apresenta os dados referentes a carreira dos\/as servidores\/as. N\u00edvel de Classifica\u00e7\u00e3o:\u00a0BDenomina\u00e7\u00e3o do cargo:Auxiliar de FarmaciaC\u00f3digo CBO: 5152-10 Requisitos de Qualifica\u00e7\u00e3o para Ingresso no Cargo:Escolaridade: Fundamental IncompletoOutros: Experi\u00eancia de 12 mesesHabilita\u00e7\u00e3o Profissional. Descri\u00e7\u00e3o Sum\u00e1ria do Cargo: Coletar material, orientando e verificando preparo do paciente para o exame. Auxiliar o t\u00e9cnico no [&hellip;]<\/p>\n","protected":false},"author":21,"featured_media":0,"parent":0,"menu_order":0,"comment_status":"closed","ping_status":"closed","template":"","meta":{"footnotes":""},"class_list":["post-40274","page","type-page","status-publish","hentry"],"_links":{"self":[{"href":"https:\/\/wp.ufpel.edu.br\/progep\/wp-json\/wp\/v2\/pages\/40274","targetHints":{"allow":["GET"]}}],"collection":[{"href":"https:\/\/wp.ufpel.edu.br\/progep\/wp-json\/wp\/v2\/pages"}],"about":[{"href":"https:\/\/wp.ufpel.edu.br\/progep\/wp-json\/wp\/v2\/types\/page"}],"author":[{"embeddable":true,"href":"https:\/\/wp.ufpel.edu.br\/progep\/wp-json\/wp\/v2\/users\/21"}],"replies":[{"embeddable":true,"href":"https:\/\/wp.ufpel.edu.br\/progep\/wp-json\/wp\/v2\/comments?post=40274"}],"version-history":[{"count":3,"href":"https:\/\/wp.ufpel.edu.br\/progep\/wp-json\/wp\/v2\/pages\/40274\/revisions"}],"predecessor-version":[{"id":40279,"href":"https:\/\/wp.ufpel.edu.br\/progep\/wp-json\/wp\/v2\/pages\/40274\/revisions\/40279"}],"wp:attachment":[{"href":"https:\/\/wp.ufpel.edu.br\/progep\/wp-json\/wp\/v2\/media?parent=40274"}],"curies":[{"name":"wp","href":"https:\/\/api.w.org\/{rel}","templated":true}]}}