{"id":40270,"date":"2026-01-22T17:58:12","date_gmt":"2026-01-22T20:58:12","guid":{"rendered":"https:\/\/wp.ufpel.edu.br\/progep\/?page_id=40270"},"modified":"2026-02-23T16:19:04","modified_gmt":"2026-02-23T19:19:04","slug":"cargo-tae-auxiliar-de-anatomia-e-necropsia","status":"publish","type":"page","link":"https:\/\/wp.ufpel.edu.br\/progep\/cargo-tae-auxiliar-de-anatomia-e-necropsia\/","title":{"rendered":"Cargo TAE: Auxiliar de Anatomia e Necropsia"},"content":{"rendered":"\n<div class=\"wp-block-group\"><div class=\"wp-block-group__inner-container is-layout-constrained wp-block-group-is-layout-constrained\">\n<div class=\"wp-block-group\"><div class=\"wp-block-group__inner-container is-layout-constrained wp-block-group-is-layout-constrained\">\n<div class=\"logoTituloModelStyle\"><img class=\"size-medium wp-image-27184 alignleft\" src=\"https:\/\/wp.ufpel.edu.br\/progep\/files\/2025\/03\/logo-progep_atualizacao-nome_AZUL.png\" alt=\"\" \/><\/p>\n<div style=\"padding: 2rem 0\"><strong>Auxiliar de Anatomia e Necropsia<\/strong><\/div>\n<\/div>\n<hr class=\"hrModelStyle\" \/>\n<div class=\"descriptionModelStyle\">Esta p\u00e1gina apresenta os dados referentes a carreira dos\/as servidores\/as.<\/div>\n<\/div><\/div>\n\n\n\n<div class=\"cargoDescriptionStyle\">\n<div class=\"infoCargo\">N\u00edvel de Classifica\u00e7\u00e3o:\u00a0<strong>B<\/strong><br \/>Denomina\u00e7\u00e3o do cargo:<br \/><strong>Auxiliar de Anatomia e Necropsia<\/strong><br \/>C\u00f3digo CBO: <strong>&#8212;<\/strong><\/div>\n<div class=\"requisitosCargo\"><span style=\"font-size: 16pt;padding-bottom: 0.5rem\"><strong>Requisitos de Qualifica\u00e7\u00e3o para Ingresso no Cargo<\/strong>:<\/span><br \/><strong>Escolaridade<\/strong>: Fundamental Incompleto<br \/><strong>Outros<\/strong>: Experi\u00eancia de 12 meses<br \/><strong>Habilita\u00e7\u00e3o Profissional.<\/strong><\/div>\n<div class=\"descSumaryCargo\"><span style=\"font-size: 16pt;font-weight: bold;padding-bottom: 0.5rem\">Descri\u00e7\u00e3o Sum\u00e1ria do Cargo:<\/span> Preparar e conservar cad\u00e1veres e pe\u00e7as anat\u00f4micas. Auxiliar nas atividades de ensino, pesquisa e extens\u00e3o.<\/div>\n<div class=\"atividadesCargo\"><span style=\"font-size: 16pt;font-weight: bold\">Descri\u00e7\u00e3o de Atividades T\u00edpicas do Cargo:<\/span>\n<br \/>\n\n\u2022 Zelar pela manuten\u00e7\u00e3o do dep\u00f3sito de cad\u00e1veres.<br \/>\n<strong>\u2022 Conservar cad\u00e1veres e pe\u00e7as anat\u00f4micas, ajudando o professor nos cortes e formaliza\u00e7\u00e3o.<\/strong><br \/>\n\u2022 Conservar o tipo de pe\u00e7a, preparar percentuais de \u00e1gua, formol e glicerina.<br \/>\n<strong>\u2022 Atender a solicita\u00e7\u00e3o dos alunos, separando pe\u00e7as e esqueletos.<\/strong><br \/>\n\u2022 Preparar pe\u00e7as anat\u00f4micas para exposi\u00e7\u00e3o em aulas pr\u00e1ticas.<br \/>\n<strong>\u2022 Auxiliar professores nas exposi\u00e7\u00f5es pr\u00e1ticas.<\/strong><br \/>\n\u2022 Zelar pela conserva\u00e7\u00e3o de equipamentos, mantendo-os em condi\u00e7\u00f5es de uso.<br \/>\n<strong>\u2022 Executar   outras   tarefas   de   mesma   natureza   ou   de   n\u00edvel   de   complexidade associado \u00e0 sua especialidade ou ambiente.<\/strong><br \/>\n<\/div>\n<\/div>\n\n\n<\/div><\/div>\n","protected":false},"excerpt":{"rendered":"<p>Auxiliar de Anatomia e Necropsia Esta p\u00e1gina apresenta os dados referentes a carreira dos\/as servidores\/as. N\u00edvel de Classifica\u00e7\u00e3o:\u00a0BDenomina\u00e7\u00e3o do cargo:Auxiliar de Anatomia e NecropsiaC\u00f3digo CBO: &#8212; Requisitos de Qualifica\u00e7\u00e3o para Ingresso no Cargo:Escolaridade: Fundamental IncompletoOutros: Experi\u00eancia de 12 mesesHabilita\u00e7\u00e3o Profissional. Descri\u00e7\u00e3o Sum\u00e1ria do Cargo: Preparar e conservar cad\u00e1veres e pe\u00e7as anat\u00f4micas. Auxiliar nas atividades de [&hellip;]<\/p>\n","protected":false},"author":21,"featured_media":0,"parent":0,"menu_order":0,"comment_status":"closed","ping_status":"closed","template":"","meta":{"footnotes":""},"class_list":["post-40270","page","type-page","status-publish","hentry"],"_links":{"self":[{"href":"https:\/\/wp.ufpel.edu.br\/progep\/wp-json\/wp\/v2\/pages\/40270","targetHints":{"allow":["GET"]}}],"collection":[{"href":"https:\/\/wp.ufpel.edu.br\/progep\/wp-json\/wp\/v2\/pages"}],"about":[{"href":"https:\/\/wp.ufpel.edu.br\/progep\/wp-json\/wp\/v2\/types\/page"}],"author":[{"embeddable":true,"href":"https:\/\/wp.ufpel.edu.br\/progep\/wp-json\/wp\/v2\/users\/21"}],"replies":[{"embeddable":true,"href":"https:\/\/wp.ufpel.edu.br\/progep\/wp-json\/wp\/v2\/comments?post=40270"}],"version-history":[{"count":4,"href":"https:\/\/wp.ufpel.edu.br\/progep\/wp-json\/wp\/v2\/pages\/40270\/revisions"}],"predecessor-version":[{"id":40566,"href":"https:\/\/wp.ufpel.edu.br\/progep\/wp-json\/wp\/v2\/pages\/40270\/revisions\/40566"}],"wp:attachment":[{"href":"https:\/\/wp.ufpel.edu.br\/progep\/wp-json\/wp\/v2\/media?parent=40270"}],"curies":[{"name":"wp","href":"https:\/\/api.w.org\/{rel}","templated":true}]}}