{"id":40248,"date":"2026-01-22T16:03:45","date_gmt":"2026-01-22T19:03:45","guid":{"rendered":"https:\/\/wp.ufpel.edu.br\/progep\/?page_id=40248"},"modified":"2026-01-22T16:07:43","modified_gmt":"2026-01-22T19:07:43","slug":"cargo-tae-atendente-de-consultorio-area","status":"publish","type":"page","link":"https:\/\/wp.ufpel.edu.br\/progep\/cargo-tae-atendente-de-consultorio-area\/","title":{"rendered":"Cargo TAE: Atendente de Consultorio-area"},"content":{"rendered":"\n<div class=\"wp-block-group\"><div class=\"wp-block-group__inner-container is-layout-constrained wp-block-group-is-layout-constrained\">\n<div class=\"wp-block-group\"><div class=\"wp-block-group__inner-container is-layout-constrained wp-block-group-is-layout-constrained\">\n<div class=\"logoTituloModelStyle\"><img class=\"size-medium wp-image-27184 alignleft\" src=\"https:\/\/wp.ufpel.edu.br\/progep\/files\/2025\/03\/logo-progep_atualizacao-nome_AZUL.png\" alt=\"\" \/><\/p>\n<div style=\"padding: 2rem 0\"><strong>Atendente de Consultorio-area<\/strong><\/div>\n<\/div>\n<hr class=\"hrModelStyle\" \/>\n<div class=\"descriptionModelStyle\">Esta p\u00e1gina apresenta os dados referentes a carreira dos\/as servidores\/as.<\/div>\n<\/div><\/div>\n\n\n\n<div class=\"cargoDescriptionStyle\">\n<div class=\"infoCargo\">N\u00edvel de Classifica\u00e7\u00e3o:\u00a0<strong>B<\/strong><br \/>Denomina\u00e7\u00e3o do cargo:<br \/><strong>Atendente de Consultorio-area<\/strong><br \/>C\u00f3digo CBO: <strong>4221-10<\/strong><\/div>\n<div class=\"requisitosCargo\"><span style=\"font-size: 16pt;padding-bottom: 0.5rem\"><strong>Requisitos de Qualifica\u00e7\u00e3o para Ingresso no Cargo<\/strong>:<\/span><br \/><strong>Escolaridade<\/strong>: Fundamental Completo<br \/><strong>Outros<\/strong>: (&#8211;)<br \/><strong>Habilita\u00e7\u00e3o Profissional.<\/strong><\/div>\n<div class=\"descSumaryCargo\"><span style=\"font-size: 16pt;font-weight: bold;padding-bottom: 0.5rem\">Descri\u00e7\u00e3o Sum\u00e1ria do Cargo:<\/span> <br \/>Recepcionar e prestar servi\u00e7os de apoio a profissionais da \u00e1rea da sa\u00fade, usu\u00e1rios e pacientes, prestar atendimento telef\u00f4nico e fornecer informa\u00e7\u00f5es em consult\u00f3rios, hospitais e postos de sa\u00fade. Auxiliar nas atividades de ensino, pesquisa e extens\u00e3o.<\/div>\n<div class=\"atividadesCargo\"><span style=\"font-size: 16pt;font-weight: bold\">Descri\u00e7\u00e3o de Atividades T\u00edpicas do Cargo:<\/span><br \/>\n\n\n<strong>\u2022 Organizar informa\u00e7\u00f5es a serem prestadas:<\/strong>\nConsultar lista de profissionais e departamento da institui\u00e7\u00e3o, ramais internos e telefones externos; interagir com os outros departamentos.<br \/>\n<strong>\u2022 Observar normas internas de seguran\u00e7a:<\/strong>\nNotificar a seguran\u00e7a sobre a presen\u00e7a de pessoas estranhas; registrar acompanhantes;\nentregar o crach\u00e1 de visitante na entrada; guardar volumes de prestadores de servi\u00e7os; evitar a divulga\u00e7\u00e3o de informa\u00e7\u00f5es sobre pacientes; imprimir listagem de pacientes internados.<br \/>\n<strong>\u2022 Planejar o cotidiano:<\/strong>\nOrganizar materiais de trabalho; organizar e distribuir malotes; Imprimir relat\u00f3rios de controle; participar de reuni\u00f5es na troca de turnos; planejar o dia seguinte.<br \/>\n<strong>\u2022 Agendar servi\u00e7os:<\/strong>\nAgendar reservas; verificar mapa de interna\u00e7\u00e3o cir\u00fargico; acionar servi\u00e7o de higieniza\u00e7\u00e3o.<br \/>\n<strong>\u2022 Recepcionar usu\u00e1rios, pacientes, h\u00f3spedes e visitantes:<\/strong>\nAcolher paciente; anunciar a chegada do paciente; encaminhar o paciente para os diversos setores; cadastrar  pacientes; verificar o pedido de interna\u00e7\u00e3o; verificar cadastro e reserva; verificar disponibilidade de leitos e apartamentos; internar o paciente; fornecer informativos e regulamentos internos ao paciente; avisar a enfermagem da chegada do paciente.<br \/>\n<strong>\u2022 Prestar servi\u00e7os de apoio a visitantes, usu\u00e1rios, h\u00f3spedes e pacientes:<\/strong>\nAuxiliar os pacientes com informa\u00e7\u00f5es t\u00e9cnicas sobre o local; transferir o paciente para outras acomoda\u00e7\u00f5es; anotar telefonemas e recados; transmitir recados e fax; auxiliar a movimenta\u00e7\u00e3o de pacientes com dificuldade de locomo\u00e7\u00e3o.<br \/>\n<strong>\u2022 Utilizar recursos de inform\u00e1tica.<\/strong><br \/>\n<strong>\u2022 Executar   outras   tarefas   de   mesma   natureza   e   n\u00edvel   de   complexidade associadas ao ambiente organizacional.<\/strong>\n<\/div>\n<\/div>\n\n\n\n<p><\/p>\n<\/div><\/div>\n ","protected":false},"excerpt":{"rendered":"<p>Atendente de Consultorio-area Esta p\u00e1gina apresenta os dados referentes a carreira dos\/as servidores\/as. N\u00edvel de Classifica\u00e7\u00e3o:\u00a0BDenomina\u00e7\u00e3o do cargo:Atendente de Consultorio-areaC\u00f3digo CBO: 4221-10 Requisitos de Qualifica\u00e7\u00e3o para Ingresso no Cargo:Escolaridade: Fundamental CompletoOutros: (&#8211;)Habilita\u00e7\u00e3o Profissional. Descri\u00e7\u00e3o Sum\u00e1ria do Cargo: Recepcionar e prestar servi\u00e7os de apoio a profissionais da \u00e1rea da sa\u00fade, usu\u00e1rios e pacientes, prestar atendimento telef\u00f4nico [&hellip;]<\/p>\n","protected":false},"author":21,"featured_media":0,"parent":0,"menu_order":0,"comment_status":"closed","ping_status":"closed","template":"","meta":{"footnotes":""},"class_list":["post-40248","page","type-page","status-publish","hentry"],"_links":{"self":[{"href":"https:\/\/wp.ufpel.edu.br\/progep\/wp-json\/wp\/v2\/pages\/40248","targetHints":{"allow":["GET"]}}],"collection":[{"href":"https:\/\/wp.ufpel.edu.br\/progep\/wp-json\/wp\/v2\/pages"}],"about":[{"href":"https:\/\/wp.ufpel.edu.br\/progep\/wp-json\/wp\/v2\/types\/page"}],"author":[{"embeddable":true,"href":"https:\/\/wp.ufpel.edu.br\/progep\/wp-json\/wp\/v2\/users\/21"}],"replies":[{"embeddable":true,"href":"https:\/\/wp.ufpel.edu.br\/progep\/wp-json\/wp\/v2\/comments?post=40248"}],"version-history":[{"count":2,"href":"https:\/\/wp.ufpel.edu.br\/progep\/wp-json\/wp\/v2\/pages\/40248\/revisions"}],"predecessor-version":[{"id":40261,"href":"https:\/\/wp.ufpel.edu.br\/progep\/wp-json\/wp\/v2\/pages\/40248\/revisions\/40261"}],"wp:attachment":[{"href":"https:\/\/wp.ufpel.edu.br\/progep\/wp-json\/wp\/v2\/media?parent=40248"}],"curies":[{"name":"wp","href":"https:\/\/api.w.org\/{rel}","templated":true}]}}