{"id":40105,"date":"2026-01-15T17:42:59","date_gmt":"2026-01-15T20:42:59","guid":{"rendered":"https:\/\/wp.ufpel.edu.br\/progep\/?page_id=40105"},"modified":"2026-01-15T17:42:59","modified_gmt":"2026-01-15T20:42:59","slug":"trilhas-de-formacao-pagina-especifica","status":"publish","type":"page","link":"https:\/\/wp.ufpel.edu.br\/progep\/trilhas-de-formacao-pagina-especifica\/","title":{"rendered":"Trilhas de Forma\u00e7\u00e3o: P\u00e1gina Espec\u00edfica"},"content":{"rendered":"\n<div class=\"wp-block-group\"><div class=\"wp-block-group__inner-container is-layout-constrained wp-block-group-is-layout-constrained\">\n<div class=\"logoTituloModelStyle\"><img class=\"size-medium wp-image-27184 alignleft\" src=\"https:\/\/wp.ufpel.edu.br\/progep\/files\/2025\/03\/logo-progep_atualizacao-nome_AZUL.png\" alt=\"\" \/><\/p>\n<div><strong>Trilhas de Forma\u00e7\u00e3o: P\u00e1gina Espec\u00edfica<\/strong><\/div>\n<\/div>\n<hr class=\"hrModelStyle\" \/>\n<div class=\"descriptionModelStyle\">Bem-vindo(a) \u00e0 trilha de aprendizagem <strong>XXXX<\/strong>! Aqui, voc\u00ea poder\u00e1 se desenvolver de forma flex\u00edvel, realizando as capacita\u00e7\u00f5es da plataforma <a href=\"https:\/\/wp.ufpel.edu.br\/progep\/capacitacao-cursos-na-plataforma-e-projeto\/\" target=\"_blank\">e-Projeto da UFPel<\/a>, bem como do site da <a href=\"https:\/\/www.escolavirtual.gov.br\/\" target=\"_blank\">Escola Virtual do Governo &#8211; EVG<\/a>.\n<\/div>\n<\/div><\/div>\n\n\n\n<div class=\"trilhaEspecificaContainerStyle\">\n\n<div class=\"cardTrilhaStyle\">\nVeja como fazer a trilha.\n<div class=\"trilhaTitle\">Etapa 1: Como Funciona?<\/div>\n<ol>\n<li><strong>Inscreva-se nos cursos<\/strong>:\u00a0 realize sua inscri\u00e7\u00e3o nos cursos do <a href=\"https:\/\/wp.ufpel.edu.br\/progep\/capacitacao-cursos-na-plataforma-e-projeto\/\" target=\"_blank\">e-Projeto<\/a> e da <a href=\"https:\/\/www.escolavirtual.gov.br\/\" target=\"_blank\">Escola Virtual do Governo &#8211; EVG<\/a>.<\/li>\n<li><strong>Fa\u00e7a no seu ritmo<\/strong>: os cursos s\u00e3o autoinstrucionais e podem ser feitos conforme sua disponibilidade (respeitados os prazos de in\u00edcio e t\u00e9rmino das atividades).<\/li>\n<li><strong>Certificado<\/strong>: ao final da trilha, re\u00fana os certificados dos cursos realizados, e solicite o certificado final da trilha (veja instru\u00e7\u00f5es abaixo).<\/li>\n<\/ol>\n<\/div>\n\n<div class=\"cardTrilhaStyle\">\n<div class=\"trilhaTitle\">Etapa 2: Cursos da PROGEP (realizados pela plataforma <a href=\"https:\/\/wp.ufpel.edu.br\/progep\/capacitacao-cursos-na-plataforma-e-projeto\/\" target=\"_blank\">e-Projeto<\/a>)<\/div>\n<ol>\n<li>Ferramentas para Organiza\u00e7\u00e3o do Trabalho (20h)<\/li>\n<li>Ferramentas do Google (20h)<\/li>\n<li>Estrat\u00e9gias para Melhoria da Comunica\u00e7\u00e3o no Teletrabalho (20h)<\/li>\n<\/ol>\n\n<\/div>\n\n<div class=\"cardTrilhaStyle\">\n<div class=\"trilhaTitle\">Etapa 3: Cursos da Escola Virtual de Governo &#8211; EVG<\/div>\n\n<ol>\n<li>Fundamentos do Programa de Gest\u00e3o e Desempenho (PGD) &#8211; 20h<\/li>\n<li>Elabora\u00e7\u00e3o de Planos de Entregas e de Trabalho do PGD &#8211; 20h<\/li>\n<li>Acesso \u00e0 Informa\u00e7\u00e3o (20h)<\/li>\n<li>Planejamento e Organiza\u00e7\u00e3o Pessoal no Trabalho<\/li>\n<li>Mindfulness para a redu\u00e7\u00e3o da ansiedade no teletrabalho (15h)<\/li>\n<li>Comunica\u00e7\u00e3o n\u00e3o violenta (20h)<\/li>\n<li>Fundamentos de Seguran\u00e7a da Informa\u00e7\u00e3o na Transforma\u00e7\u00e3o Digital (25h)<\/li>\n<\/ol>\n<\/div>\n\n<div class=\"cardTrilhaStyle\">\n<div class=\"trilhaTitle\">Etapa 4: Solicita\u00e7\u00e3o de Certificado ao final da Trilha<\/div>\n\n<p>Ap\u00f3s concluir <strong>todos os cursos da trilha, <\/strong>poder\u00e1 solicitar a emiss\u00e3o do <strong>Certificado Final da Trilha <\/strong>(cursos realizados pelo E-Projeto e pela EVG).<\/p>\n\n<h3><strong>Como pedir meu certificado:<\/strong><\/h3>\n<ol>\n<li>Envie por e-mail para: <strong>cdp.capacita@ufpel.edu.br<\/strong>, com o assunto: <strong>Solicita\u00e7\u00e3o de Certifica\u00e7\u00e3o &#8211; Trilha <\/strong><strong>.<\/strong><br><\/li>\n<li>Devem ser anexados ao e-mail todos os certificados dos cursos realizados.<\/li>\n<li>Aguarde confirma\u00e7\u00e3o de recebimento e a emiss\u00e3o do certificado pelo sistema Cobalto (prazo de at\u00e9 30 dias).<\/li>\n<\/ol>\n\n<\/div>\n\n<div class=\"cardTrilhaStyle\">\n<div class=\"trilhaTitle\">Perguntas Frequentes:<\/div>\n<p><strong>Posso realizar somente os cursos do E-Projeto? Como ser\u00e1 a certifica\u00e7\u00e3o?<\/strong><\/p>\n<p>Caso o servidor n\u00e3o realize todos cursos propostos na Trilha de Aprendizagem, ao final receber\u00e1 certificados individuais por atividade realizada.<br>Contato: <a href=\"mailto:cdp.capacita@ufpel.edu\"><strong>cdp.capacita@ufpel.edu<\/strong><\/a><strong>.br<\/strong><strong><\/strong><\/p>\n<\/div>\n\n<\/div>","protected":false},"excerpt":{"rendered":"<p>Trilhas de Forma\u00e7\u00e3o: P\u00e1gina Espec\u00edfica Bem-vindo(a) \u00e0 trilha de aprendizagem XXXX! Aqui, voc\u00ea poder\u00e1 se desenvolver de forma flex\u00edvel, realizando as capacita\u00e7\u00f5es da plataforma e-Projeto da UFPel, bem como do site da Escola Virtual do Governo &#8211; EVG. Veja como fazer a trilha. Etapa 1: Como Funciona? Inscreva-se nos cursos:\u00a0 realize sua inscri\u00e7\u00e3o nos cursos [&hellip;]<\/p>\n","protected":false},"author":21,"featured_media":0,"parent":0,"menu_order":0,"comment_status":"closed","ping_status":"closed","template":"page-sem-sidebar.php","meta":{"footnotes":""},"class_list":["post-40105","page","type-page","status-publish","hentry"],"_links":{"self":[{"href":"https:\/\/wp.ufpel.edu.br\/progep\/wp-json\/wp\/v2\/pages\/40105","targetHints":{"allow":["GET"]}}],"collection":[{"href":"https:\/\/wp.ufpel.edu.br\/progep\/wp-json\/wp\/v2\/pages"}],"about":[{"href":"https:\/\/wp.ufpel.edu.br\/progep\/wp-json\/wp\/v2\/types\/page"}],"author":[{"embeddable":true,"href":"https:\/\/wp.ufpel.edu.br\/progep\/wp-json\/wp\/v2\/users\/21"}],"replies":[{"embeddable":true,"href":"https:\/\/wp.ufpel.edu.br\/progep\/wp-json\/wp\/v2\/comments?post=40105"}],"version-history":[{"count":3,"href":"https:\/\/wp.ufpel.edu.br\/progep\/wp-json\/wp\/v2\/pages\/40105\/revisions"}],"predecessor-version":[{"id":40177,"href":"https:\/\/wp.ufpel.edu.br\/progep\/wp-json\/wp\/v2\/pages\/40105\/revisions\/40177"}],"wp:attachment":[{"href":"https:\/\/wp.ufpel.edu.br\/progep\/wp-json\/wp\/v2\/media?parent=40105"}],"curies":[{"name":"wp","href":"https:\/\/api.w.org\/{rel}","templated":true}]}}