{"id":4004,"date":"2013-04-29T09:48:07","date_gmt":"2013-04-29T12:48:07","guid":{"rendered":"https:\/\/wp.ufpel.edu.br\/prgrh\/?page_id=4004"},"modified":"2013-09-13T09:43:18","modified_gmt":"2013-09-13T12:43:18","slug":"conversando-sobre-saude-e-qualidade-de-vida","status":"publish","type":"page","link":"https:\/\/wp.ufpel.edu.br\/progep\/conversando-sobre-saude-e-qualidade-de-vida\/","title":{"rendered":"Conversando sobre Sa\u00fade e Qualidade de Vida"},"content":{"rendered":"<p>O projeto Conversando sobre Sa\u00fade e Qualidade de Vida \u00e9 uma a\u00e7\u00e3o da CSQV, que tem\u00a0por objetivo abordar temas respectivos \u00e0 qualidade de vida e \u00e0 promo\u00e7\u00e3o de sa\u00fade, mediante a realiza\u00e7\u00e3o de <em>Rodas de Conversa<\/em> junto aos Servidores UFPel, em suas unidades de trabalho.<\/p>\n<p><a href=\"https:\/\/wp.ufpel.edu.br\/prgrh\/files\/2013\/04\/PLANEJAMENTO-REFORMATADO.pdf\">Projeto<\/a><\/p>\n<p><a href=\"https:\/\/wp.ufpel.edu.br\/prgrh\/conversando-sobre-saude-e-qualidade-de-vida\/roda-de-conversa-alimentacao-saudavel\/\">Roda de Conversa &#8220;Alimenta\u00e7\u00e3o Saud\u00e1vel&#8221;<\/a><\/p>\n<p><a href=\"https:\/\/wp.ufpel.edu.br\/prgrh\/conversando-sobre-saude-e-qualidade-de-vida\/roda-de-conversa-chega-mais\/\">Roda de Conversa &#8220;Chega Mais&#8221;<\/a><\/p>\n<p>&nbsp;<\/p>\n<p>&nbsp;<\/p>\n<p>&nbsp;<\/p>\n<p>&nbsp;<\/p>\n<p>&nbsp;<\/p>\n","protected":false},"excerpt":{"rendered":"<p>O projeto Conversando sobre Sa\u00fade e Qualidade de Vida \u00e9 uma a\u00e7\u00e3o da CSQV, que tem\u00a0por objetivo abordar temas respectivos \u00e0 qualidade de vida e \u00e0 promo\u00e7\u00e3o de sa\u00fade, mediante a realiza\u00e7\u00e3o de Rodas de Conversa junto aos Servidores UFPel, em suas unidades de trabalho. Projeto Roda de Conversa &#8220;Alimenta\u00e7\u00e3o Saud\u00e1vel&#8221; Roda de Conversa &#8220;Chega [&hellip;]<\/p>\n","protected":false},"author":246,"featured_media":0,"parent":0,"menu_order":0,"comment_status":"closed","ping_status":"closed","template":"","meta":{"footnotes":""},"class_list":["post-4004","page","type-page","status-publish","hentry"],"_links":{"self":[{"href":"https:\/\/wp.ufpel.edu.br\/progep\/wp-json\/wp\/v2\/pages\/4004","targetHints":{"allow":["GET"]}}],"collection":[{"href":"https:\/\/wp.ufpel.edu.br\/progep\/wp-json\/wp\/v2\/pages"}],"about":[{"href":"https:\/\/wp.ufpel.edu.br\/progep\/wp-json\/wp\/v2\/types\/page"}],"author":[{"embeddable":true,"href":"https:\/\/wp.ufpel.edu.br\/progep\/wp-json\/wp\/v2\/users\/246"}],"replies":[{"embeddable":true,"href":"https:\/\/wp.ufpel.edu.br\/progep\/wp-json\/wp\/v2\/comments?post=4004"}],"version-history":[{"count":34,"href":"https:\/\/wp.ufpel.edu.br\/progep\/wp-json\/wp\/v2\/pages\/4004\/revisions"}],"predecessor-version":[{"id":37031,"href":"https:\/\/wp.ufpel.edu.br\/progep\/wp-json\/wp\/v2\/pages\/4004\/revisions\/37031"}],"wp:attachment":[{"href":"https:\/\/wp.ufpel.edu.br\/progep\/wp-json\/wp\/v2\/media?parent=4004"}],"curies":[{"name":"wp","href":"https:\/\/api.w.org\/{rel}","templated":true}]}}