{"id":39450,"date":"2025-12-18T11:27:07","date_gmt":"2025-12-18T14:27:07","guid":{"rendered":"https:\/\/wp.ufpel.edu.br\/progep\/?page_id=39450"},"modified":"2026-02-12T16:14:17","modified_gmt":"2026-02-12T19:14:17","slug":"capacitacao-e-projeto-sei-nivel-basico","status":"publish","type":"page","link":"https:\/\/wp.ufpel.edu.br\/progep\/capacitacao-e-projeto-sei-nivel-basico\/","title":{"rendered":"Capacita\u00e7\u00e3o E-Projeto: SEI: N\u00edvel B\u00e1sico"},"content":{"rendered":"\n<div class=\"wp-block-group\"><div class=\"wp-block-group__inner-container is-layout-constrained wp-block-group-is-layout-constrained\">\n<div class=\"cursoEprojetoStyle\">\n<div class=\"cabecalhoStyle\"><img src=\"https:\/\/wp.ufpel.edu.br\/progep\/files\/2025\/12\/SEI.png\" alt=\"Imagem de divulga\u00e7\u00e3o do curso SEI: N\u00edvel B\u00e1sico.\" \/><\/p>\n<div>\n<div class=\"titleEprojeto\">SEI: N\u00edvel B\u00e1sico<\/div>\n<div class=\"textEprojeto\">Esta capacita\u00e7\u00e3o tem como objetivo apresentar o <strong>Sistema Eletr\u00f4nico de Informa\u00e7\u00f5es (SEI)<\/strong>, destacando sua import\u00e2ncia na gest\u00e3o de processos administrativos eletr\u00f4nicos. Ser\u00e3o abordadas as <strong>funcionalidades do SEI no contexto da Universidade Federal de Pelotas (UFPel)<\/strong>. O curso tamb\u00e9m trar\u00e1 uma atualiza\u00e7\u00e3o sobre as novidades da vers\u00e3o 4.0 do sistema, com \u00eanfase nas mudan\u00e7as e melhorias implementadas.<\/div>\n<\/div>\n<\/div>\n<hr \/>\n<div class=\"corpoStyle\">\n<div class=\"infosEspecificasStyle\">\n<p><strong>Ministrante: <\/strong>Rosana \u00c1vila Pereira Chollet (<em>T\u00e9cnica-Administrativa em Educa\u00e7\u00e3o\/Pr\u00f3-Reitoria de Planejamento e Administra\u00e7\u00e3o\/UFPEL<\/em>)<\/p>\n<p><strong>Disponiblidade<\/strong>: 30 dias<\/p>\n<p><strong>Carga hor\u00e1ria<\/strong>: 30h<\/p>\n<p><strong>Modalidade: <\/strong> Online, sem tutoria. O curso \u00e9 oferecido de forma ass\u00edncrona, deste modo, o participante pode acessar o material e realizar as atividades no seu pr\u00f3prio ritmo, sem a presen\u00e7a de um tutor.<\/p>\n<p><strong>Ementa: <\/strong><\/p>\n<ul>\n<li>Saiba mais sobre o SEI;<\/li>\n<li>O SEI na UFPEL;<\/li>\n<li>Gest\u00e3o do SEI na UFPEL;<\/li>\n<li>Novidades da vers\u00e3o 4.0 \u2013 o que mudou?<\/li>\n<li>Opera\u00e7\u00f5es com documentos;<\/li>\n<li>Opera\u00e7\u00f5es com processos;<\/li>\n<li>Opera\u00e7\u00f5es do Sistema.<\/li>\n<\/ul>\n<p><strong><a href=\"https:\/\/wp.ufpel.edu.br\/progep\/inscricoes-e-projeto\/\" target=\"_blank\" rel=\"noopener\">INSCRI\u00c7\u00d5ES AQUI<\/a><\/strong><\/p>\n<\/div>\n<div class=\"infosGeraisStyle\">\n\n<p><strong>Local:\u00a0 <\/strong> Plataforma E-Projeto<\/p>\n<p><strong>P\u00fablico Alvo<\/strong>: Servidores(as) docentes, TAE\u2019s e trabalhadores(as) terceirizados(as) ativos(as) da UFPel*.*<\/p>\n<p><strong>Homologa\u00e7\u00e3o:<\/strong> Ser\u00e1 encaminhado um e-mail ao\/a inscrito\/a com acesso ao curso na Plataforma e-Projeto.<\/p>\n<p>*Considerando a Pol\u00edtica Nacional de Desenvolvimento de Pessoas, conforme Decreto n\u00ba 9.991\/19, somente ser\u00e3o certificados(as) os(as) servidores(as) p\u00fablicos pertencentes ao Quadro Efetivo da UFPel;<br \/>** Quando homologadas as inscri\u00e7\u00f5es, os(as) selecionados(as) receber\u00e3o e-mail de confirma\u00e7\u00e3o com instru\u00e7\u00f5es.<\/p>\n<p><strong>Observa\u00e7\u00e3o<\/strong>: A homologa\u00e7\u00e3o das inscri\u00e7\u00f5es dos(as) trabalhadores(as) terceirizados ficar\u00e1 condicionada \u00e0 an\u00e1lise pr\u00e9via e manifesta\u00e7\u00e3o por parte do NUGEST\/PRA.<\/p>\n<p><strong><a href=\"https:\/\/wp.ufpel.edu.br\/progep\/inscricoes-e-projeto\/\" target=\"_blank\" rel=\"noopener\">INSCRI\u00c7\u00d5ES AQUI<\/a><\/strong><\/p>\n<p class=\"contatoE-ProjetoStyle\"><strong>Contato:<\/strong> cdp.capacita@ufpel.edu.br<\/p>\n<\/div>\n<\/div>\n<\/div>\n<\/div><\/div>\n","protected":false},"excerpt":{"rendered":"<p>SEI: N\u00edvel B\u00e1sico Esta capacita\u00e7\u00e3o tem como objetivo apresentar o Sistema Eletr\u00f4nico de Informa\u00e7\u00f5es (SEI), destacando sua import\u00e2ncia na gest\u00e3o de processos administrativos eletr\u00f4nicos. Ser\u00e3o abordadas as funcionalidades do SEI no contexto da Universidade Federal de Pelotas (UFPel). O curso tamb\u00e9m trar\u00e1 uma atualiza\u00e7\u00e3o sobre as novidades da vers\u00e3o 4.0 do sistema, com \u00eanfase nas [&hellip;]<\/p>\n","protected":false},"author":21,"featured_media":0,"parent":0,"menu_order":0,"comment_status":"closed","ping_status":"closed","template":"page-sem-sidebar.php","meta":{"footnotes":""},"class_list":["post-39450","page","type-page","status-publish","hentry"],"_links":{"self":[{"href":"https:\/\/wp.ufpel.edu.br\/progep\/wp-json\/wp\/v2\/pages\/39450","targetHints":{"allow":["GET"]}}],"collection":[{"href":"https:\/\/wp.ufpel.edu.br\/progep\/wp-json\/wp\/v2\/pages"}],"about":[{"href":"https:\/\/wp.ufpel.edu.br\/progep\/wp-json\/wp\/v2\/types\/page"}],"author":[{"embeddable":true,"href":"https:\/\/wp.ufpel.edu.br\/progep\/wp-json\/wp\/v2\/users\/21"}],"replies":[{"embeddable":true,"href":"https:\/\/wp.ufpel.edu.br\/progep\/wp-json\/wp\/v2\/comments?post=39450"}],"version-history":[{"count":3,"href":"https:\/\/wp.ufpel.edu.br\/progep\/wp-json\/wp\/v2\/pages\/39450\/revisions"}],"predecessor-version":[{"id":40500,"href":"https:\/\/wp.ufpel.edu.br\/progep\/wp-json\/wp\/v2\/pages\/39450\/revisions\/40500"}],"wp:attachment":[{"href":"https:\/\/wp.ufpel.edu.br\/progep\/wp-json\/wp\/v2\/media?parent=39450"}],"curies":[{"name":"wp","href":"https:\/\/api.w.org\/{rel}","templated":true}]}}