{"id":39440,"date":"2025-12-17T17:38:10","date_gmt":"2025-12-17T20:38:10","guid":{"rendered":"https:\/\/wp.ufpel.edu.br\/progep\/?page_id=39440"},"modified":"2026-02-12T16:13:34","modified_gmt":"2026-02-12T19:13:34","slug":"capacitacao-e-projeto-lideranca-humanizada","status":"publish","type":"page","link":"https:\/\/wp.ufpel.edu.br\/progep\/capacitacao-e-projeto-lideranca-humanizada\/","title":{"rendered":"Capacita\u00e7\u00e3o E-Projeto: Lideran\u00e7a Humanizada"},"content":{"rendered":"\n<div class=\"wp-block-group\"><div class=\"wp-block-group__inner-container is-layout-constrained wp-block-group-is-layout-constrained\">\n<div class=\"cursoEprojetoStyle\">\n<div class=\"cabecalhoStyle\"><img src=\"https:\/\/wp.ufpel.edu.br\/progep\/files\/2025\/12\/capa-1-380x400.jpg\" alt=\"Imagem para divulga\u00e7\u00e3o do curso de Lideran\u00e7a Humanizada.\" \/><\/p>\n<div>\n<div class=\"titleEprojeto\">Lideran\u00e7a Humanizada<\/div>\n<div class=\"textEprojeto\">Desenvolva seu <strong>potencial de l\u00edder<\/strong> com o curso <strong>Lideran\u00e7a Humanizada<\/strong>! Aprenda a comunicar-se com empatia, motivar equipes e aplicar <strong>pr\u00e1ticas de lideran\u00e7a transformadora<\/strong>, voltadas ao servi\u00e7o p\u00fablico.<\/div>\n<\/div>\n<\/div>\n<hr \/>\n<div class=\"corpoStyle\">\n<div class=\"infosEspecificasStyle\">\n<p><strong>Ministrante: <\/strong> Th\u00e2misa Ramos Flores dos Santos (<em>T\u00e9cnica Administrativa em Educa\u00e7\u00e3o\/Pr\u00f3-Reitoria de Gest\u00e3o com Pessoas\/UFPel<\/em>)<\/p>\n<p><strong>Disponiblidade<\/strong>: 30 dias<\/p>\n<p><strong>Carga hor\u00e1ria<\/strong>: 3h<\/p>\n<p><strong>Modalidade: <\/strong> Online, sem tutoria. O curso \u00e9 oferecido de forma ass\u00edncrona, deste modo, o participante pode acessar o material e realizar as atividades no seu pr\u00f3prio ritmo, sem a presen\u00e7a de um tutor.<\/p>\n<p><strong>Ementa: <\/strong><\/p>\n<ul>\n<li>Introdu\u00e7\u00e3o \u00e0 Lideran\u00e7a Humanizada;<\/li>\n<li>Comunica\u00e7\u00e3o Eficaz;<\/li>\n<li>Lideran\u00e7a e Motiva\u00e7\u00e3o;<\/li>\n<li>Lideran\u00e7a no Servi\u00e7o P\u00fablico.<\/li>\n<\/ul>\n<p><strong><a href=\"https:\/\/wp.ufpel.edu.br\/progep\/inscricoes-e-projeto\/\" target=\"_blank\" rel=\"noopener\">INSCRI\u00c7\u00d5ES AQUI<\/a><\/strong><\/p>\n<\/div>\n<div class=\"infosGeraisStyle\">\n\n<p><strong>Local:\u00a0 <\/strong> Plataforma E-Projeto<\/p><p><strong>P\u00fablico Alvo<\/strong>: Servidores(as) docentes, TAE\u2019s e trabalhadores(as) terceirizados(as) ativos(as) da UFPel*.*<\/p>\n<p><strong>Homologa\u00e7\u00e3o:<\/strong> Ser\u00e1 encaminhado um e-mail ao\/a inscrito\/a com acesso ao curso na Plataforma e-Projeto.<\/p>\n<p>*Considerando a Pol\u00edtica Nacional de Desenvolvimento de Pessoas, conforme Decreto n\u00ba 9.991\/19, somente ser\u00e3o certificados(as) os(as) servidores(as) p\u00fablicos pertencentes ao Quadro Efetivo da UFPel;<br \/>** Quando homologadas as inscri\u00e7\u00f5es, os(as) selecionados(as) receber\u00e3o e-mail de confirma\u00e7\u00e3o com instru\u00e7\u00f5es.<\/p>\n<p><strong>Observa\u00e7\u00e3o<\/strong>: A homologa\u00e7\u00e3o das inscri\u00e7\u00f5es dos(as) trabalhadores(as) terceirizados ficar\u00e1 condicionada \u00e0 an\u00e1lise pr\u00e9via e manifesta\u00e7\u00e3o por parte do NUGEST\/PRA.<\/p>\n<p><strong><a href=\"https:\/\/wp.ufpel.edu.br\/progep\/inscricoes-e-projeto\/\" target=\"_blank\" rel=\"noopener\">INSCRI\u00c7\u00d5ES AQUI<\/a><\/strong><\/p>\n<p class=\"contatoE-ProjetoStyle\"><strong>Contato:<\/strong> cdp.capacita@ufpel.edu.br<\/p>\n<\/div>\n<\/div>\n<\/div>\n<\/div><\/div>\n","protected":false},"excerpt":{"rendered":"<p>Lideran\u00e7a Humanizada Desenvolva seu potencial de l\u00edder com o curso Lideran\u00e7a Humanizada! Aprenda a comunicar-se com empatia, motivar equipes e aplicar pr\u00e1ticas de lideran\u00e7a transformadora, voltadas ao servi\u00e7o p\u00fablico. Ministrante: Th\u00e2misa Ramos Flores dos Santos (T\u00e9cnica Administrativa em Educa\u00e7\u00e3o\/Pr\u00f3-Reitoria de Gest\u00e3o com Pessoas\/UFPel) Disponiblidade: 30 dias Carga hor\u00e1ria: 3h Modalidade: Online, sem tutoria. O curso [&hellip;]<\/p>\n","protected":false},"author":21,"featured_media":0,"parent":0,"menu_order":0,"comment_status":"closed","ping_status":"closed","template":"page-sem-sidebar.php","meta":{"footnotes":""},"class_list":["post-39440","page","type-page","status-publish","hentry"],"_links":{"self":[{"href":"https:\/\/wp.ufpel.edu.br\/progep\/wp-json\/wp\/v2\/pages\/39440","targetHints":{"allow":["GET"]}}],"collection":[{"href":"https:\/\/wp.ufpel.edu.br\/progep\/wp-json\/wp\/v2\/pages"}],"about":[{"href":"https:\/\/wp.ufpel.edu.br\/progep\/wp-json\/wp\/v2\/types\/page"}],"author":[{"embeddable":true,"href":"https:\/\/wp.ufpel.edu.br\/progep\/wp-json\/wp\/v2\/users\/21"}],"replies":[{"embeddable":true,"href":"https:\/\/wp.ufpel.edu.br\/progep\/wp-json\/wp\/v2\/comments?post=39440"}],"version-history":[{"count":3,"href":"https:\/\/wp.ufpel.edu.br\/progep\/wp-json\/wp\/v2\/pages\/39440\/revisions"}],"predecessor-version":[{"id":40497,"href":"https:\/\/wp.ufpel.edu.br\/progep\/wp-json\/wp\/v2\/pages\/39440\/revisions\/40497"}],"wp:attachment":[{"href":"https:\/\/wp.ufpel.edu.br\/progep\/wp-json\/wp\/v2\/media?parent=39440"}],"curies":[{"name":"wp","href":"https:\/\/api.w.org\/{rel}","templated":true}]}}