{"id":39292,"date":"2025-12-17T16:44:47","date_gmt":"2025-12-17T19:44:47","guid":{"rendered":"https:\/\/wp.ufpel.edu.br\/progep\/?page_id=39292"},"modified":"2026-02-12T16:11:58","modified_gmt":"2026-02-12T19:11:58","slug":"capacitacao-e-projeto-estrategias-para-melhoria-da-comunicacao-no-teletrabalho","status":"publish","type":"page","link":"https:\/\/wp.ufpel.edu.br\/progep\/capacitacao-e-projeto-estrategias-para-melhoria-da-comunicacao-no-teletrabalho\/","title":{"rendered":"Capacita\u00e7\u00e3o E-Projeto: Estrat\u00e9gias para Melhoria da Comunica\u00e7\u00e3o no Teletrabalho"},"content":{"rendered":"\n<div class=\"wp-block-group\"><div class=\"wp-block-group__inner-container is-layout-constrained wp-block-group-is-layout-constrained\">\n<div class=\"cursoEprojetoStyle\">\n<div class=\"cabecalhoStyle\"><img src=\"https:\/\/wp.ufpel.edu.br\/progep\/files\/2025\/12\/capa-do-curso.png\" alt=\"Imagem de divulga\u00e7\u00e3o do curso de Estrat\u00e9gias para Melhoria da Comunica\u00e7\u00e3o no Teletrabalho\" \/><\/p>\n<div>\n<div class=\"titleEprojeto\">Estrat\u00e9gias para Melhoria da Comunica\u00e7\u00e3o no Teletrabalho<\/div>\n<div class=\"textEprojeto\">A <strong>comunica\u00e7\u00e3o<\/strong> \u00e9 essencial para o trabalho em equipe. No contexto do <strong>teletrabalho<\/strong> torna-se um desafio para ser efetiva. Neste curso, ser\u00e3o exploradas estrat\u00e9gias para o trabalho com equipes em contexto remoto, como tamb\u00e9m a busca para acordos e resultados. Inscreva-se!<\/div>\n<\/div>\n<\/div>\n<hr \/>\n<div class=\"corpoStyle\">\n<div class=\"infosEspecificasStyle\"><p><strong>Ministrante: <\/strong>Caroline Casali (<em>Docente\/Centro de Ci\u00eancias Socio-organizacionais\/UFPEL<\/em>)<\/p>\n<p><strong>Disponiblidade<\/strong>: 30 dias<\/p>\n<p><strong>Carga hor\u00e1ria<\/strong>: 20h<\/p>\n<p><strong>Modalidade: <\/strong> Online, sem tutoria. O curso \u00e9 oferecido de forma ass\u00edncrona, deste modo, o participante pode acessar o material e realizar as atividades no seu pr\u00f3prio ritmo, sem a presen\u00e7a de um tutor.<\/p>\n<p><strong>Ementa: <\/strong><\/p>\n<ul>\n<li>M\u00f3dulo 1: Desafios da comunica\u00e7\u00e3o no teletrabalho;<\/li>\n<li>M\u00f3dulo 2: Estrat\u00e9gias de comunica\u00e7\u00e3o para o trabalho remoto em equipes;<\/li>\n<li>M\u00f3dulo 3: Estrat\u00e9gias de comunica\u00e7\u00e3o para acordos e resultados;<\/li>\n<li>M\u00f3dulo 4: Estrat\u00e9gias e ferramentas para reuni\u00f5es online;<\/li>\n<li>M\u00f3dulo 5: Ferramentas de comunica\u00e7\u00e3o para o teletrabalho.<\/li>\n<\/ul>\n<p><strong><a href=\"https:\/\/wp.ufpel.edu.br\/progep\/inscricoes-e-projeto\/\" target=\"_blank\" rel=\"noopener\">INSCRI\u00c7\u00d5ES AQUI<\/a><\/strong><\/p>\n<\/div>\n<div class=\"infosGeraisStyle\">\n<p><strong>Local:\u00a0 <\/strong> Plataforma E-Projeto<\/p><p><strong>P\u00fablico Alvo<\/strong>: Servidores(as) docentes, TAE\u2019s e trabalhadores(as) terceirizados(as) ativos(as) da UFPel*.*<\/p>\n<p><strong>Homologa\u00e7\u00e3o:<\/strong> Ser\u00e1 encaminhado um e-mail ao\/a inscrito\/a com acesso ao curso na Plataforma e-Projeto.<\/p>\n<p>*Considerando a Pol\u00edtica Nacional de Desenvolvimento de Pessoas, conforme Decreto n\u00ba 9.991\/19, somente ser\u00e3o certificados(as) os(as) servidores(as) p\u00fablicos pertencentes ao Quadro Efetivo da UFPel;<br \/>** Quando homologadas as inscri\u00e7\u00f5es, os(as) selecionados(as) receber\u00e3o e-mail de confirma\u00e7\u00e3o com instru\u00e7\u00f5es.<\/p>\n<p><strong>Observa\u00e7\u00e3o<\/strong>: A homologa\u00e7\u00e3o das inscri\u00e7\u00f5es dos(as) trabalhadores(as) terceirizados ficar\u00e1 condicionada \u00e0 an\u00e1lise pr\u00e9via e manifesta\u00e7\u00e3o por parte do NUGEST\/PRA.<\/p>\n<p><strong><a href=\"https:\/\/wp.ufpel.edu.br\/progep\/inscricoes-e-projeto\/\" target=\"_blank\" rel=\"noopener\">INSCRI\u00c7\u00d5ES AQUI<\/a><\/strong><\/p>\n<p class=\"contatoE-ProjetoStyle\"><strong>Contato:<\/strong> cdp.capacita@ufpel.edu.br<\/p>\n<\/div>\n<\/div>\n<\/div>\n<\/div><\/div>\n","protected":false},"excerpt":{"rendered":"<p>Estrat\u00e9gias para Melhoria da Comunica\u00e7\u00e3o no Teletrabalho A comunica\u00e7\u00e3o \u00e9 essencial para o trabalho em equipe. No contexto do teletrabalho torna-se um desafio para ser efetiva. Neste curso, ser\u00e3o exploradas estrat\u00e9gias para o trabalho com equipes em contexto remoto, como tamb\u00e9m a busca para acordos e resultados. Inscreva-se! Ministrante: Caroline Casali (Docente\/Centro de Ci\u00eancias Socio-organizacionais\/UFPEL) [&hellip;]<\/p>\n","protected":false},"author":21,"featured_media":0,"parent":0,"menu_order":0,"comment_status":"closed","ping_status":"closed","template":"page-sem-sidebar.php","meta":{"footnotes":""},"class_list":["post-39292","page","type-page","status-publish","hentry"],"_links":{"self":[{"href":"https:\/\/wp.ufpel.edu.br\/progep\/wp-json\/wp\/v2\/pages\/39292","targetHints":{"allow":["GET"]}}],"collection":[{"href":"https:\/\/wp.ufpel.edu.br\/progep\/wp-json\/wp\/v2\/pages"}],"about":[{"href":"https:\/\/wp.ufpel.edu.br\/progep\/wp-json\/wp\/v2\/types\/page"}],"author":[{"embeddable":true,"href":"https:\/\/wp.ufpel.edu.br\/progep\/wp-json\/wp\/v2\/users\/21"}],"replies":[{"embeddable":true,"href":"https:\/\/wp.ufpel.edu.br\/progep\/wp-json\/wp\/v2\/comments?post=39292"}],"version-history":[{"count":3,"href":"https:\/\/wp.ufpel.edu.br\/progep\/wp-json\/wp\/v2\/pages\/39292\/revisions"}],"predecessor-version":[{"id":40494,"href":"https:\/\/wp.ufpel.edu.br\/progep\/wp-json\/wp\/v2\/pages\/39292\/revisions\/40494"}],"wp:attachment":[{"href":"https:\/\/wp.ufpel.edu.br\/progep\/wp-json\/wp\/v2\/media?parent=39292"}],"curies":[{"name":"wp","href":"https:\/\/api.w.org\/{rel}","templated":true}]}}