{"id":39289,"date":"2025-12-17T15:03:06","date_gmt":"2025-12-17T18:03:06","guid":{"rendered":"https:\/\/wp.ufpel.edu.br\/progep\/?page_id=39289"},"modified":"2026-02-12T17:35:32","modified_gmt":"2026-02-12T20:35:32","slug":"capacitacao-e-projeto-curso-processo-administrativo","status":"publish","type":"page","link":"https:\/\/wp.ufpel.edu.br\/progep\/capacitacao-e-projeto-curso-processo-administrativo\/","title":{"rendered":"Capacita\u00e7\u00e3o E-Projeto: Processo Administrativo"},"content":{"rendered":"\n<div class=\"wp-block-group\"><div class=\"wp-block-group__inner-container is-layout-constrained wp-block-group-is-layout-constrained\">\n<div class=\"cursoEprojetoStyle\">\n<div class=\"cabecalhoStyle\"><img src=\"https:\/\/wp.ufpel.edu.br\/progep\/files\/2025\/12\/20944170-scaled.jpg\" alt=\"Imagem de divulga\u00e7\u00e3o curso Processo Administrativo.\" \/><\/p>\n<div>\n<div class=\"titleEprojeto\">Processo Administrativo<\/div>\n<div class=\"textEprojeto\">Neste curso ser\u00e1 apresentada a <strong>Lei n\u00b0 9784\/1999<\/strong>, que define o que compete como Processo Administrativo. Ser\u00e1 apresentado o in\u00edcio, aplica\u00e7\u00f5es, deveres, impedimentos, motiva\u00e7\u00f5es, prazos, at\u00e9 o processo estruturado no <strong>Sistema Eletr\u00f4nico de Informa\u00e7\u00f5es (SEI)<\/strong>. Inscreva-se!<\/div>\n<\/div>\n<\/div>\n<hr \/>\n<div class=\"corpoStyle\">\n<div class=\"infosEspecificasStyle\"><p><strong>Ministrante: <\/strong> Taiguer Henrique Silva Saraiva (<em>Assistente em Administra\u00e7\u00e3o\/Instituto de Biologia\/UFPEL<\/em>)<\/span><\/p>\n<p><strong>Disponiblidade<\/strong>: 30 dias<\/p>\n<p><strong>Carga hor\u00e1ria<\/strong>: 30 horas<\/p>\n<p><strong>Modalidade: <\/strong> Online, sem tutoria. O curso \u00e9 oferecido de forma ass\u00edncrona, deste modo, o participante pode acessar o material e realizar as atividades no seu pr\u00f3prio ritmo, sem a presen\u00e7a de um tutor.<\/p>\n<p><strong>Ementa: <\/strong><\/p>\n<ul>\n<li>Lei n\u00b0 9784\/1999 &#8211; Processo Administrativo: Introdu\u00e7\u00e3o e \u00e2mbito de aplica\u00e7\u00e3o;<\/li>\n<li>In\u00edcio do Processo. Dos Interessados. Compet\u00eancia;<\/li>\n<li>Princ\u00edpios do Processo Administrativo;<\/li>\n<li>Impedimento e Suspei\u00e7\u00e3o; Atos do Processo; Comunica\u00e7\u00e3o dos Atos; Instru\u00e7\u00e3o;<\/li>\n<li>Dever de decidir. Decis\u00e3o Coordenada;<\/li>\n<li>Motiva\u00e7\u00e3o. Recurso Administrativo e Revis\u00e3o;<\/li>\n<li>Prazos;<\/li>\n<li>Processo Eletr\u00f4nico. Sistema Eletr\u00f4nico de Informa\u00e7\u00f5es (SEI).<\/li>\n<\/ul>\n<p><strong><a href=\"https:\/\/wp.ufpel.edu.br\/progep\/inscricoes-e-projeto\/\" target=\"_blank\" rel=\"noopener\">INSCRI\u00c7\u00d5ES AQUI<\/a><\/strong><\/p>\n<\/div>\n<div class=\"infosGeraisStyle\">\n<p><strong>Local:\u00a0 <\/strong> Plataforma E-Projeto<\/p><p><strong>P\u00fablico Alvo<\/strong>: Servidores(as) docentes, TAE\u2019s e trabalhadores(as) terceirizados(as) ativos(as) da UFPel*.*<\/p>\n<p><strong>Homologa\u00e7\u00e3o:<\/strong> Ser\u00e1 encaminhado um e-mail ao\/a inscrito\/a com acesso ao curso na Plataforma e-Projeto.<\/p>\n<p>*Considerando a Pol\u00edtica Nacional de Desenvolvimento de Pessoas, conforme Decreto n\u00ba 9.991\/19, somente ser\u00e3o certificados(as) os(as) servidores(as) p\u00fablicos pertencentes ao Quadro Efetivo da UFPel;<br \/>** Quando homologadas as inscri\u00e7\u00f5es, os(as) selecionados(as) receber\u00e3o e-mail de confirma\u00e7\u00e3o com instru\u00e7\u00f5es.<\/p>\n<p><strong>Observa\u00e7\u00e3o<\/strong>: A homologa\u00e7\u00e3o das inscri\u00e7\u00f5es dos(as) trabalhadores(as) terceirizados ficar\u00e1 condicionada \u00e0 an\u00e1lise pr\u00e9via e manifesta\u00e7\u00e3o por parte do NUGEST\/PRA.<\/p>\n<p><strong><a href=\"https:\/\/wp.ufpel.edu.br\/progep\/inscricoes-e-projeto\/\" target=\"_blank\" rel=\"noopener\">INSCRI\u00c7\u00d5ES AQUI<\/a><\/strong><\/p>\n<p class=\"contatoE-ProjetoStyle\"><strong>Contato:<\/strong> cdp.capacita@ufpel.edu.br<\/p>\n<\/div>\n<\/div>\n<\/div>\n<\/div><\/div>\n","protected":false},"excerpt":{"rendered":"<p>Processo Administrativo Neste curso ser\u00e1 apresentada a Lei n\u00b0 9784\/1999, que define o que compete como Processo Administrativo. Ser\u00e1 apresentado o in\u00edcio, aplica\u00e7\u00f5es, deveres, impedimentos, motiva\u00e7\u00f5es, prazos, at\u00e9 o processo estruturado no Sistema Eletr\u00f4nico de Informa\u00e7\u00f5es (SEI). Inscreva-se! Ministrante: Taiguer Henrique Silva Saraiva (Assistente em Administra\u00e7\u00e3o\/Instituto de Biologia\/UFPEL) Disponiblidade: 30 dias Carga hor\u00e1ria: 30 horas [&hellip;]<\/p>\n","protected":false},"author":21,"featured_media":0,"parent":0,"menu_order":0,"comment_status":"closed","ping_status":"closed","template":"page-sem-sidebar.php","meta":{"footnotes":""},"class_list":["post-39289","page","type-page","status-publish","hentry"],"_links":{"self":[{"href":"https:\/\/wp.ufpel.edu.br\/progep\/wp-json\/wp\/v2\/pages\/39289","targetHints":{"allow":["GET"]}}],"collection":[{"href":"https:\/\/wp.ufpel.edu.br\/progep\/wp-json\/wp\/v2\/pages"}],"about":[{"href":"https:\/\/wp.ufpel.edu.br\/progep\/wp-json\/wp\/v2\/types\/page"}],"author":[{"embeddable":true,"href":"https:\/\/wp.ufpel.edu.br\/progep\/wp-json\/wp\/v2\/users\/21"}],"replies":[{"embeddable":true,"href":"https:\/\/wp.ufpel.edu.br\/progep\/wp-json\/wp\/v2\/comments?post=39289"}],"version-history":[{"count":3,"href":"https:\/\/wp.ufpel.edu.br\/progep\/wp-json\/wp\/v2\/pages\/39289\/revisions"}],"predecessor-version":[{"id":40507,"href":"https:\/\/wp.ufpel.edu.br\/progep\/wp-json\/wp\/v2\/pages\/39289\/revisions\/40507"}],"wp:attachment":[{"href":"https:\/\/wp.ufpel.edu.br\/progep\/wp-json\/wp\/v2\/media?parent=39289"}],"curies":[{"name":"wp","href":"https:\/\/api.w.org\/{rel}","templated":true}]}}