{"id":39287,"date":"2025-12-17T10:58:17","date_gmt":"2025-12-17T13:58:17","guid":{"rendered":"https:\/\/wp.ufpel.edu.br\/progep\/?page_id=39287"},"modified":"2026-02-12T16:12:59","modified_gmt":"2026-02-12T19:12:59","slug":"capacitacao-e-projeto-introducao-ao-processo-administrativo-disciplinar","status":"publish","type":"page","link":"https:\/\/wp.ufpel.edu.br\/progep\/capacitacao-e-projeto-introducao-ao-processo-administrativo-disciplinar\/","title":{"rendered":"Capacita\u00e7\u00e3o E-Projeto: Introdu\u00e7\u00e3o ao Processo Administrativo Disciplinar"},"content":{"rendered":"\n<div class=\"wp-block-group\"><div class=\"wp-block-group__inner-container is-layout-constrained wp-block-group-is-layout-constrained\">\n<div class=\"cursoEprojetoStyle\">\n<div class=\"cabecalhoStyle\"><img src=\"https:\/\/wp.ufpel.edu.br\/progep\/files\/2025\/12\/pessoas-de-negocios-trabalhando-em-um-projeto_23-2148462810-400x266.avif\" alt=\"Imagem de divulga\u00e7\u00e3o do cursso de Introdu\u00e7\u00e3o ao Processo Administrativo Disciplinar.\" \/>\n<div>\n<div class=\"titleEprojeto\">Introdu\u00e7\u00e3o ao Processo Administrativo Disciplinar<\/div>\n<div class=\"textEprojeto\">A capacita\u00e7\u00e3o pretende apresentar aos participantes os conceitos, princ\u00edpios, fases e procedimentos fundamentais do <strong>Processo Administrativo Disciplinar (PAD)<\/strong> no \u00e2mbito do servi\u00e7o p\u00fablico federal, capacitando-os a compreender a sua finalidade, import\u00e2ncia e o rito processual b\u00e1sico. Inscreva-se!<\/div>\n<\/div>\n<\/div>\n<hr \/>\n<div class=\"corpoStyle\">\n<div class=\"infosEspecificasStyle\"><p><strong>Ministrante: <\/strong>Ot\u00e1vio Augusto Zanin Delevedove (<em>T\u00e9cnico Administrativo em Educa\u00e7\u00e3o\/Comiss\u00e3o Permanente de Processos Administrativos Disciplinares\/UFPEL<\/em>)<\/p>\n<p><strong>Disponiblidade<\/strong>: 30 dias<\/p>\n<p><strong>Carga hor\u00e1ria<\/strong>: 20h<\/p>\n<p><strong>Ementa: <\/strong><\/p>\n<ul>\n<li>M\u00f3dulo 1: No\u00e7\u00f5es Fundamentais e Princ\u00edpios do Direito Administrativo Disciplinar;<\/li>\n<li>M\u00f3dulo 2: A Responsabiliza\u00e7\u00e3o do Agente P\u00fablico;<\/li>\n<li>M\u00f3dulo 3: Da Not\u00edcia da Irregularidade \u00e0 Instaura\u00e7\u00e3o do Processo;<\/li>\n<li>M\u00f3dulo 4: O Processo Administrativo Disciplinar (PAD) \u2013 Rito Ordin\u00e1rio;<\/li>\n<li>M\u00f3dulo 5: Penalidades e a Extin\u00e7\u00e3o da Punibilidade;<\/li>\n<li>M\u00f3dulo 6: Transpar\u00eancia, Sigilo e Prote\u00e7\u00e3o de Dados no PAD;<\/li>\n<li>M\u00f3dulo 7: Revis\u00e3o e Recursos.<\/li>\n<\/ul>\n<p><strong><a href=\"https:\/\/wp.ufpel.edu.br\/progep\/inscricoes-e-projeto\/\" target=\"_blank\" rel=\"noopener\">INSCRI\u00c7\u00d5ES AQUI<\/a><\/strong><\/p>\n<\/div>\n<div class=\"infosGeraisStyle\">\n<p><strong>Modalidade: <\/strong> Online, sem tutoria. O curso \u00e9 oferecido de forma ass\u00edncrona, deste modo, o participante pode acessar o material e realizar as atividades no seu pr\u00f3prio ritmo, sem a presen\u00e7a de um tutor.\n<p><strong>Local:\u00a0 <\/strong> Plataforma E-Projeto<\/p>\n<p><strong>P\u00fablico Alvo<\/strong>: Servidores(as) docentes, TAE\u2019s e trabalhadores(as) terceirizados(as) ativos(as) da UFPel*.*<\/p>\n<p><strong>Homologa\u00e7\u00e3o:<\/strong> Ser\u00e1 encaminhado um e-mail ao\/a inscrito\/a com acesso ao curso na Plataforma e-Projeto.<\/p>\n<p>*Considerando a Pol\u00edtica Nacional de Desenvolvimento de Pessoas, conforme Decreto n\u00ba 9.991\/19, somente ser\u00e3o certificados(as) os(as) servidores(as) p\u00fablicos pertencentes ao Quadro Efetivo da UFPel;<br \/>** Quando homologadas as inscri\u00e7\u00f5es, os(as) selecionados(as) receber\u00e3o e-mail de confirma\u00e7\u00e3o com instru\u00e7\u00f5es.<\/p>\n<p><strong>Observa\u00e7\u00e3o<\/strong>: A homologa\u00e7\u00e3o das inscri\u00e7\u00f5es dos(as) trabalhadores(as) terceirizados ficar\u00e1 condicionada \u00e0 an\u00e1lise pr\u00e9via e manifesta\u00e7\u00e3o por parte do NUGEST\/PRA.<\/p>\n<p><strong><a href=\"https:\/\/wp.ufpel.edu.br\/progep\/inscricoes-e-projeto\/\" target=\"_blank\" rel=\"noopener\">INSCRI\u00c7\u00d5ES AQUI<\/a><\/strong><\/p>\n<p class=\"contatoE-ProjetoStyle\"><strong>Contato:<\/strong> cdp.capacita@ufpel.edu.br<\/p>\n<\/div>\n<\/div>\n<\/div>\n<\/div><\/div>\n","protected":false},"excerpt":{"rendered":"<p>Introdu\u00e7\u00e3o ao Processo Administrativo Disciplinar A capacita\u00e7\u00e3o pretende apresentar aos participantes os conceitos, princ\u00edpios, fases e procedimentos fundamentais do Processo Administrativo Disciplinar (PAD) no \u00e2mbito do servi\u00e7o p\u00fablico federal, capacitando-os a compreender a sua finalidade, import\u00e2ncia e o rito processual b\u00e1sico. Inscreva-se! Ministrante: Ot\u00e1vio Augusto Zanin Delevedove (T\u00e9cnico Administrativo em Educa\u00e7\u00e3o\/Comiss\u00e3o Permanente de Processos Administrativos [&hellip;]<\/p>\n","protected":false},"author":21,"featured_media":0,"parent":0,"menu_order":0,"comment_status":"closed","ping_status":"closed","template":"page-sem-sidebar.php","meta":{"footnotes":""},"class_list":["post-39287","page","type-page","status-publish","hentry"],"_links":{"self":[{"href":"https:\/\/wp.ufpel.edu.br\/progep\/wp-json\/wp\/v2\/pages\/39287","targetHints":{"allow":["GET"]}}],"collection":[{"href":"https:\/\/wp.ufpel.edu.br\/progep\/wp-json\/wp\/v2\/pages"}],"about":[{"href":"https:\/\/wp.ufpel.edu.br\/progep\/wp-json\/wp\/v2\/types\/page"}],"author":[{"embeddable":true,"href":"https:\/\/wp.ufpel.edu.br\/progep\/wp-json\/wp\/v2\/users\/21"}],"replies":[{"embeddable":true,"href":"https:\/\/wp.ufpel.edu.br\/progep\/wp-json\/wp\/v2\/comments?post=39287"}],"version-history":[{"count":3,"href":"https:\/\/wp.ufpel.edu.br\/progep\/wp-json\/wp\/v2\/pages\/39287\/revisions"}],"predecessor-version":[{"id":40496,"href":"https:\/\/wp.ufpel.edu.br\/progep\/wp-json\/wp\/v2\/pages\/39287\/revisions\/40496"}],"wp:attachment":[{"href":"https:\/\/wp.ufpel.edu.br\/progep\/wp-json\/wp\/v2\/media?parent=39287"}],"curies":[{"name":"wp","href":"https:\/\/api.w.org\/{rel}","templated":true}]}}