{"id":39105,"date":"2025-12-08T10:22:17","date_gmt":"2025-12-08T13:22:17","guid":{"rendered":"https:\/\/wp.ufpel.edu.br\/progep\/?page_id=39105"},"modified":"2025-12-22T15:15:39","modified_gmt":"2025-12-22T18:15:39","slug":"chamada-pubica-09-2025","status":"publish","type":"page","link":"https:\/\/wp.ufpel.edu.br\/progep\/chamada-pubica-09-2025\/","title":{"rendered":"Chamada P\u00fabica 09\/2025"},"content":{"rendered":"\n<p><a href=\"https:\/\/wp.ufpel.edu.br\/progep\/files\/2025\/12\/SEI_3530160_Edital_PROGEP_27-1.pdf\">Chamada P\u00fablica de Remo\u00e7\u00e3o 09\/2025<\/a><\/p>\n\n\n\n<p><a href=\"https:\/\/wp.ufpel.edu.br\/progep\/files\/2025\/12\/SEI_3566456_Edital_PROGEP_29.pdf\">RESULTADO PARCIAL<\/a><\/p>\n\n\n\n<p><\/p>\n","protected":false},"excerpt":{"rendered":"<p>Chamada P\u00fablica de Remo\u00e7\u00e3o 09\/2025 RESULTADO PARCIAL<\/p>\n","protected":false},"author":52,"featured_media":0,"parent":0,"menu_order":0,"comment_status":"closed","ping_status":"closed","template":"","meta":{"footnotes":""},"class_list":["post-39105","page","type-page","status-publish","hentry"],"_links":{"self":[{"href":"https:\/\/wp.ufpel.edu.br\/progep\/wp-json\/wp\/v2\/pages\/39105","targetHints":{"allow":["GET"]}}],"collection":[{"href":"https:\/\/wp.ufpel.edu.br\/progep\/wp-json\/wp\/v2\/pages"}],"about":[{"href":"https:\/\/wp.ufpel.edu.br\/progep\/wp-json\/wp\/v2\/types\/page"}],"author":[{"embeddable":true,"href":"https:\/\/wp.ufpel.edu.br\/progep\/wp-json\/wp\/v2\/users\/52"}],"replies":[{"embeddable":true,"href":"https:\/\/wp.ufpel.edu.br\/progep\/wp-json\/wp\/v2\/comments?post=39105"}],"version-history":[{"count":3,"href":"https:\/\/wp.ufpel.edu.br\/progep\/wp-json\/wp\/v2\/pages\/39105\/revisions"}],"predecessor-version":[{"id":39750,"href":"https:\/\/wp.ufpel.edu.br\/progep\/wp-json\/wp\/v2\/pages\/39105\/revisions\/39750"}],"wp:attachment":[{"href":"https:\/\/wp.ufpel.edu.br\/progep\/wp-json\/wp\/v2\/media?parent=39105"}],"curies":[{"name":"wp","href":"https:\/\/api.w.org\/{rel}","templated":true}]}}